{"id":1975,"date":"2023-08-08T20:23:24","date_gmt":"2023-08-08T17:23:24","guid":{"rendered":"https:\/\/www.widetech.com.tr\/?page_id=1975"},"modified":"2025-12-13T19:52:16","modified_gmt":"2025-12-13T16:52:16","slug":"alt-yapi-sistemleri","status":"publish","type":"page","link":"https:\/\/www.widetech.com.tr\/en\/alt-yapi-sistemleri\/","title":{"rendered":"ALT YAPI S\u0130STEMLER\u0130"},"content":{"rendered":"<section class=\"wpb-content-wrapper\"><div style=\"background-position: center center !important;\" class=\"vc_row wpb_row vc_row-fluid vc_custom_1751534831143 vc_row-has-fill\"><div class=\"row-inner\"><\/p>\n<div class=\"wpb_column vc_column_container vc_col-sm-6\"><div class=\"vc_column-inner vc_custom_column\"><div class=\"wpb_wrapper\"><br \/>\n\n\t<div class=\"wpb_text_column wpb_content_element  vc_custom_text\" >\n\t\t<div class=\"wpb_wrapper\">\n\t\t\t<h2 style=\"margin-top: 0; margin-bottom: 30px; font-weight: bold; font-family:'Poppins',sans-serif;\">ALT YAPI S\u0130STEMLER\u0130<\/h2>\n<p style=\"font-size: 16px; line-height: 1.6; font-weight: normal;\">\nVeri merkezlerinde veri ileti\u015fimini sa\u011flayan her bir aktif cihaz\u0131n performans kayb\u0131 olmadan s\u00fcrekli ve y\u00fcksek kalitede \u00e7al\u0131\u015fabilmesi i\u00e7in en temel s\u00fcre\u00e7, ak\u0131ll\u0131 bir fiziksel altyap\u0131n\u0131n do\u011fru \u015fekilde tasarlanmas\u0131d\u0131r. Veri merkezlerinde en \u00f6nemli unsur s\u00fcreklilik, yani kesintisizliktir.<\/p>\n<p style=\"font-size: 16px; line-height: 1.6; font-weight: normal;\">\nVeri ileti\u015fiminin kesintisiz sa\u011flanamad\u0131\u011f\u0131 ve bunu destekleyecek fiziksel altyap\u0131n\u0131n bulunmad\u0131\u011f\u0131 durumlarda veri merkezleri hedeflenen i\u015flevi yerine getiremez. Bu nedenle yap\u0131sal kablolama, gelecekteki ihtiya\u00e7lar ve olas\u0131 m\u00fcdahaleler g\u00f6z \u00f6n\u00fcnde bulundurularak; zemin alt\u0131, kabin \u00fcst\u00fc gibi en uygun \u00e7\u00f6z\u00fcmlerle planlanmal\u0131d\u0131r.<\/p>\n<p style=\"font-size: 16px; line-height: 1.6; font-weight: normal;\">\nWidetech, veri merkezi ve fiziksel altyap\u0131 alan\u0131ndaki bilgi birikimi ve deneyimini birle\u015ftirerek her projeye \u00f6zel, y\u00fcksek verimlilikte \u00e7\u00f6z\u00fcmler sunar. Her veri merkezi projesinin kendine \u00f6zg\u00fc ihtiya\u00e7lar\u0131 oldu\u011fu bilinciyle hareket eder.<\/p>\n<p style=\"font-size: 16px; line-height: 1.6; font-weight: normal;\">\nBu alanda sundu\u011fumuz ba\u015fl\u0131ca hizmetler:<\/p>\n<ul style=\"font-size: 16px; line-height: 1.8; font-weight: normal;\">\n<li>Veri Merkezi Altyap\u0131 Ke\u015fif ve Dizayn<\/li>\n<li>Ayd\u0131nlatma Sistemleri<\/li>\n<li>Kabinet ve Koridor Kapama Sistemleri<\/li>\n<li>Data Yap\u0131sal Kablolama Sistemleri<\/li>\n<li>Enerji Da\u011f\u0131t\u0131m Sistemi<\/li>\n<li>Omurga ve Aynalama Kablolamalar\u0131<\/li>\n<li>Bak\u0131r ve Fiber Optik Kablo Kanallar\u0131<\/li>\n<li>Y\u00fckseltilmi\u015f D\u00f6\u015feme ve Sismik Koruma<\/li>\n<li>Kablo ve Boru Ge\u00e7i\u015fleri Yal\u0131t\u0131m\u0131<\/li>\n<li>Topraklama<\/li>\n<\/ul>\n\n\t\t<\/div>\n\t<\/div>\n<br \/>\n<\/div><\/div><\/div>\n<div class=\"wpb_column vc_column_container vc_col-sm-6\"><div class=\"vc_column-inner\"><div class=\"wpb_wrapper\"><br \/>\n<img loading=\"lazy\" decoding=\"async\" src=\"https:\/\/www.widetech.com.tr\/wp-content\/uploads\/2025\/12\/Adsiz-tasarim-35.png\" alt=\"\" width=\"654\" height=\"440\" class=\"aligncenter size-full wp-image-7724\" srcset=\"https:\/\/www.widetech.com.tr\/wp-content\/uploads\/2025\/12\/Adsiz-tasarim-35.png 654w, https:\/\/www.widetech.com.tr\/wp-content\/uploads\/2025\/12\/Adsiz-tasarim-35-300x202.png 300w, https:\/\/www.widetech.com.tr\/wp-content\/uploads\/2025\/12\/Adsiz-tasarim-35-18x12.png 18w\" sizes=\"(max-width: 654px) 100vw, 654px\" \/><br \/>\n<\/div><\/div><\/div>\n<p><\/div><\/div>\n<\/section>","protected":false},"excerpt":{"rendered":"ALT YAPI S\u0130STEMLER\u0130 Veri merkezlerinde veri ileti\u015fimini sa\u011flayan her bir aktif cihaz\u0131n performans kayb\u0131 olmadan s\u00fcrekli ve y\u00fcksek kalitede \u00e7al\u0131\u015fabilmesi i\u00e7in en temel s\u00fcre\u00e7, ak\u0131ll\u0131 bir fiziksel altyap\u0131n\u0131n do\u011fru \u015fekilde tasarlanmas\u0131d\u0131r. Veri merkezlerinde en \u00f6nemli unsur s\u00fcreklilik, yani kesintisizliktir. Veri ileti\u015fiminin kesintisiz sa\u011flanamad\u0131\u011f\u0131 ve bunu destekleyecek fiziksel altyap\u0131n\u0131n bulunmad\u0131\u011f\u0131 durumlarda veri merkezleri hedeflenen i\u015flevi yerine [...]","protected":false},"author":1,"featured_media":0,"parent":0,"menu_order":0,"comment_status":"closed","ping_status":"closed","template":"tmpl\/template-fullwidth.php","meta":{"om_disable_all_campaigns":false,"_monsterinsights_skip_tracking":false,"_monsterinsights_sitenote_active":false,"_monsterinsights_sitenote_note":"","_monsterinsights_sitenote_category":0,"footnotes":""},"acf":[],"aioseo_notices":[],"_links":{"self":[{"href":"https:\/\/www.widetech.com.tr\/en\/wp-json\/wp\/v2\/pages\/1975"}],"collection":[{"href":"https:\/\/www.widetech.com.tr\/en\/wp-json\/wp\/v2\/pages"}],"about":[{"href":"https:\/\/www.widetech.com.tr\/en\/wp-json\/wp\/v2\/types\/page"}],"author":[{"embeddable":true,"href":"https:\/\/www.widetech.com.tr\/en\/wp-json\/wp\/v2\/users\/1"}],"replies":[{"embeddable":true,"href":"https:\/\/www.widetech.com.tr\/en\/wp-json\/wp\/v2\/comments?post=1975"}],"version-history":[{"count":13,"href":"https:\/\/www.widetech.com.tr\/en\/wp-json\/wp\/v2\/pages\/1975\/revisions"}],"predecessor-version":[{"id":7725,"href":"https:\/\/www.widetech.com.tr\/en\/wp-json\/wp\/v2\/pages\/1975\/revisions\/7725"}],"wp:attachment":[{"href":"https:\/\/www.widetech.com.tr\/en\/wp-json\/wp\/v2\/media?parent=1975"}],"curies":[{"name":"wp","href":"https:\/\/api.w.org\/{rel}","templated":true}]}}