{"id":2089,"date":"2023-08-09T17:11:06","date_gmt":"2023-08-09T14:11:06","guid":{"rendered":"https:\/\/www.widetech.com.tr\/?page_id=2089"},"modified":"2025-12-13T19:55:22","modified_gmt":"2025-12-13T16:55:22","slug":"kesintisiz-guc-sistemleri","status":"publish","type":"page","link":"https:\/\/www.widetech.com.tr\/en\/veri-merkezi-ve-sistem-odasi-tasima-hizmeti\/veri-merkezi-cozumleri\/kesintisiz-guc-sistemleri\/","title":{"rendered":"Kesintisiz G\u00fc\u00e7 Sistemleri"},"content":{"rendered":"<section class=\"wpb-content-wrapper\"><div style=\"background-position: center center !important;\" class=\"vc_row wpb_row vc_row-fluid vc_custom_1751534831143 vc_row-has-fill\"><div class=\"row-inner\"><\/p>\n<div class=\"wpb_column vc_column_container vc_col-sm-6\"><div class=\"vc_column-inner vc_custom_column\"><div class=\"wpb_wrapper\"><br \/>\n\n\t<div class=\"wpb_text_column wpb_content_element  vc_custom_text\" >\n\t\t<div class=\"wpb_wrapper\">\n\t\t\t<h2 style=\"margin-top: 0; margin-bottom: 30px; font-weight: bold; font-family:'Poppins',sans-serif;\">KES\u0130NT\u0130S\u0130Z G\u00dc\u00c7 S\u0130STEMLER\u0130<\/h2>\n<p style=\"font-size: 16px; line-height: 1.6; font-weight: normal;\">\nVeri Merkezleri&#8217;nde g\u00fc\u00e7 sistemleri, kesintisiz \u00e7al\u0131\u015fabilirlik i\u00e7in en \u00f6nemli ihtiya\u00e7lardand\u0131r.<br \/>\nVeri merkezlerinin g\u00fcvenli bir \u015fekilde i\u015fleyebilmesi i\u00e7in elektrik enerjisinin kesintiye u\u011framamas\u0131 kritik \u00f6neme sahiptir.<\/p>\n<p style=\"font-size: 16px; line-height: 1.6; font-weight: normal;\">\nWidetech, veri merkezi \u00e7\u00f6z\u00fcmlerinde ak\u0131ll\u0131ca tasarlanm\u0131\u015f yap\u0131lar ve y\u00fcksek kaliteli \u00fcr\u00fcnler kullanarak<br \/>\ns\u00fcrekli \u00e7al\u0131\u015fabilen, g\u00fcvenilir veri merkezleri sunar.<\/p>\n<p style=\"font-size: 16px; line-height: 1.6; font-weight: normal;\">\nBu alanda sundu\u011fumuz ba\u015fl\u0131ca hizmetler:<\/p>\n<ul style=\"font-size: 16px; line-height: 1.8; font-weight: normal;\">\n<li>Yedekli \/ Yedeksiz G\u00fc\u00e7 Altyap\u0131s\u0131<\/li>\n<li>UPS (Kesintisiz G\u00fc\u00e7 Kayna\u011f\u0131)<\/li>\n<li>G\u00fc\u00e7 Da\u011f\u0131t\u0131m Sistemleri<\/li>\n<li>Ak\u0131ll\u0131 PDU Sistemleri<\/li>\n<li>G\u00fc\u00e7 Kablolar\u0131 (Power Cords)<\/li>\n<li>KVM \u00c7\u00f6z\u00fcmleri<\/li>\n<\/ul>\n\n\t\t<\/div>\n\t<\/div>\n<br \/>\n<\/div><\/div><\/div>\n<div class=\"wpb_column vc_column_container vc_col-sm-6\"><div class=\"vc_column-inner\"><div class=\"wpb_wrapper\"><br \/>\n<img loading=\"lazy\" decoding=\"async\" src=\"https:\/\/www.widetech.com.tr\/wp-content\/uploads\/2025\/12\/Adsiz-tasarim-36.png\" alt=\"\" width=\"654\" height=\"440\" class=\"aligncenter size-full wp-image-7726\" srcset=\"https:\/\/www.widetech.com.tr\/wp-content\/uploads\/2025\/12\/Adsiz-tasarim-36.png 654w, https:\/\/www.widetech.com.tr\/wp-content\/uploads\/2025\/12\/Adsiz-tasarim-36-300x202.png 300w, https:\/\/www.widetech.com.tr\/wp-content\/uploads\/2025\/12\/Adsiz-tasarim-36-18x12.png 18w\" sizes=\"(max-width: 654px) 100vw, 654px\" \/><br \/>\n<\/div><\/div><\/div>\n<p><\/div><\/div>\n<\/section>","protected":false},"excerpt":{"rendered":"KES\u0130NT\u0130S\u0130Z G\u00dc\u00c7 S\u0130STEMLER\u0130 Veri Merkezleri'nde g\u00fc\u00e7 sistemleri, kesintisiz \u00e7al\u0131\u015fabilirlik i\u00e7in en \u00f6nemli ihtiya\u00e7lardand\u0131r. Veri merkezlerinin g\u00fcvenli bir \u015fekilde i\u015fleyebilmesi i\u00e7in elektrik enerjisinin kesintiye u\u011framamas\u0131 kritik \u00f6neme sahiptir. Widetech, veri merkezi \u00e7\u00f6z\u00fcmlerinde ak\u0131ll\u0131ca tasarlanm\u0131\u015f yap\u0131lar ve y\u00fcksek kaliteli \u00fcr\u00fcnler kullanarak s\u00fcrekli \u00e7al\u0131\u015fabilen, g\u00fcvenilir veri merkezleri sunar. Bu alanda sundu\u011fumuz ba\u015fl\u0131ca hizmetler: Yedekli \/ Yedeksiz G\u00fc\u00e7 Altyap\u0131s\u0131 [...]","protected":false},"author":1,"featured_media":0,"parent":707,"menu_order":0,"comment_status":"closed","ping_status":"closed","template":"tmpl\/template-fullwidth.php","meta":{"om_disable_all_campaigns":false,"_monsterinsights_skip_tracking":false,"_monsterinsights_sitenote_active":false,"_monsterinsights_sitenote_note":"","_monsterinsights_sitenote_category":0,"footnotes":""},"acf":[],"aioseo_notices":[],"_links":{"self":[{"href":"https:\/\/www.widetech.com.tr\/en\/wp-json\/wp\/v2\/pages\/2089"}],"collection":[{"href":"https:\/\/www.widetech.com.tr\/en\/wp-json\/wp\/v2\/pages"}],"about":[{"href":"https:\/\/www.widetech.com.tr\/en\/wp-json\/wp\/v2\/types\/page"}],"author":[{"embeddable":true,"href":"https:\/\/www.widetech.com.tr\/en\/wp-json\/wp\/v2\/users\/1"}],"replies":[{"embeddable":true,"href":"https:\/\/www.widetech.com.tr\/en\/wp-json\/wp\/v2\/comments?post=2089"}],"version-history":[{"count":9,"href":"https:\/\/www.widetech.com.tr\/en\/wp-json\/wp\/v2\/pages\/2089\/revisions"}],"predecessor-version":[{"id":7727,"href":"https:\/\/www.widetech.com.tr\/en\/wp-json\/wp\/v2\/pages\/2089\/revisions\/7727"}],"up":[{"embeddable":true,"href":"https:\/\/www.widetech.com.tr\/en\/wp-json\/wp\/v2\/pages\/707"}],"wp:attachment":[{"href":"https:\/\/www.widetech.com.tr\/en\/wp-json\/wp\/v2\/media?parent=2089"}],"curies":[{"name":"wp","href":"https:\/\/api.w.org\/{rel}","templated":true}]}}