{"id":2177,"date":"2023-08-10T11:56:20","date_gmt":"2023-08-10T08:56:20","guid":{"rendered":"https:\/\/www.widetech.com.tr\/?page_id=2177"},"modified":"2025-12-13T19:59:18","modified_gmt":"2025-12-13T16:59:18","slug":"guvenlik-sistemleri","status":"publish","type":"page","link":"https:\/\/www.widetech.com.tr\/en\/guvenlik-sistemleri\/","title":{"rendered":"G\u00dcVENL\u0130K S\u0130STEMLER\u0130"},"content":{"rendered":"<section class=\"wpb-content-wrapper\"><div style=\"background-position: center center !important;\" class=\"vc_row wpb_row vc_row-fluid vc_custom_1751534831143 vc_row-has-fill\"><div class=\"row-inner\"><\/p>\n<div class=\"wpb_column vc_column_container vc_col-sm-6\"><div class=\"vc_column-inner vc_custom_column\"><div class=\"wpb_wrapper\"><br \/>\n\n\t<div class=\"wpb_text_column wpb_content_element  vc_custom_text\" >\n\t\t<div class=\"wpb_wrapper\">\n\t\t\t<h2 style=\"margin-top: 0; margin-bottom: 30px; font-weight: bold; font-family:'Poppins',sans-serif;\">G\u00dcVENL\u0130K S\u0130STEMLER\u0130<\/h2>\n<p style=\"font-size: 16px; line-height: 1.6; font-weight: normal;\">\nD\u00fczg\u00fcn bir planlama ve tasar\u0131m sayesinde g\u00fcvenli, korunabilir ve d\u00fc\u015f\u00fck maliyetli veri merkezleri kurmak m\u00fcmk\u00fcnd\u00fcr. G\u00fcvenlik sistemleri, veri merkezlerinin en kritik ihtiya\u00e7lar\u0131ndan biridir.<\/p>\n<p style=\"font-size: 16px; line-height: 1.6; font-weight: normal;\">\nWidetech, veri merkezlerinde en \u00fcst d\u00fczey g\u00fcvenli\u011fi sa\u011flamak amac\u0131yla biyometrik ve kartl\u0131 ge\u00e7i\u015f sistemleri, CCTV, yang\u0131n alg\u0131lama ve gazl\u0131 s\u00f6nd\u00fcrme \u00e7\u00f6z\u00fcmleri ile alarm sistemleri dahil olmak \u00fczere u\u00e7tan uca \u00e7\u00f6z\u00fcm, \u00fcr\u00fcn ve kurulum deste\u011fi sunar.<\/p>\n<p style=\"font-size: 16px; line-height: 1.6; font-weight: normal;\">\nFiziksel g\u00fcvenlikte son d\u00f6nemde \u00f6ne \u00e7\u0131kan \u00e7\u00f6z\u00fcmlerden biri kafes sistemleridir. Her kabinin \u00f6n ve arka kap\u0131lar\u0131nda \u015fifreli veya parmak izi okuyuculu mekanizmalar\u0131n kullan\u0131lmas\u0131 g\u00fcvenlik seviyesini \u00f6nemli \u00f6l\u00e7\u00fcde art\u0131r\u0131r.<\/p>\n<p style=\"font-size: 16px; line-height: 1.6; font-weight: normal;\">\nWidetech, bu alanda birlikte \u00e7al\u0131\u015ft\u0131\u011f\u0131 lider i\u015f ortaklar\u0131yla a\u015fa\u011f\u0131daki g\u00fcvenlik \u00e7\u00f6z\u00fcmlerini sunmaktad\u0131r:<\/p>\n<ul style=\"font-size: 16px; line-height: 1.8; font-weight: normal;\">\n<li>Ge\u00e7i\u015f Kontrol \u00c7\u00f6z\u00fcmleri<\/li>\n<li>CCTV \u00c7\u00f6z\u00fcmleri<\/li>\n<li>Ortam \u0130zleme (Is\u0131, Nem, Su Bask\u0131n\u0131, Deprem)<\/li>\n<li>Yang\u0131n Alg\u0131lama ve S\u00f6nd\u00fcrme Sistemleri<\/li>\n<li>S\u0131v\u0131 S\u0131z\u0131nt\u0131s\u0131 Alg\u0131lama ve Alarm Sistemleri<\/li>\n<li>Kafes \u00c7\u00f6z\u00fcmleri<\/li>\n<\/ul>\n\n\t\t<\/div>\n\t<\/div>\n<br \/>\n<\/div><\/div><\/div>\n<div class=\"wpb_column vc_column_container vc_col-sm-6\"><div class=\"vc_column-inner\"><div class=\"wpb_wrapper\"><br \/>\n<img loading=\"lazy\" decoding=\"async\" src=\"https:\/\/www.widetech.com.tr\/wp-content\/uploads\/2025\/12\/Adsiz-tasarim-38.png\" alt=\"\" width=\"654\" height=\"440\" class=\"aligncenter size-full wp-image-7730\" srcset=\"https:\/\/www.widetech.com.tr\/wp-content\/uploads\/2025\/12\/Adsiz-tasarim-38.png 654w, https:\/\/www.widetech.com.tr\/wp-content\/uploads\/2025\/12\/Adsiz-tasarim-38-300x202.png 300w, https:\/\/www.widetech.com.tr\/wp-content\/uploads\/2025\/12\/Adsiz-tasarim-38-18x12.png 18w\" sizes=\"(max-width: 654px) 100vw, 654px\" \/><br \/>\n<\/div><\/div><\/div>\n<p><\/div><\/div>\n<\/section>","protected":false},"excerpt":{"rendered":"G\u00dcVENL\u0130K S\u0130STEMLER\u0130 D\u00fczg\u00fcn bir planlama ve tasar\u0131m sayesinde g\u00fcvenli, korunabilir ve d\u00fc\u015f\u00fck maliyetli veri merkezleri kurmak m\u00fcmk\u00fcnd\u00fcr. G\u00fcvenlik sistemleri, veri merkezlerinin en kritik ihtiya\u00e7lar\u0131ndan biridir. Widetech, veri merkezlerinde en \u00fcst d\u00fczey g\u00fcvenli\u011fi sa\u011flamak amac\u0131yla biyometrik ve kartl\u0131 ge\u00e7i\u015f sistemleri, CCTV, yang\u0131n alg\u0131lama ve gazl\u0131 s\u00f6nd\u00fcrme \u00e7\u00f6z\u00fcmleri ile alarm sistemleri dahil olmak \u00fczere u\u00e7tan uca \u00e7\u00f6z\u00fcm, [...]","protected":false},"author":1,"featured_media":0,"parent":0,"menu_order":0,"comment_status":"closed","ping_status":"closed","template":"tmpl\/template-fullwidth.php","meta":{"om_disable_all_campaigns":false,"_monsterinsights_skip_tracking":false,"_monsterinsights_sitenote_active":false,"_monsterinsights_sitenote_note":"","_monsterinsights_sitenote_category":0,"footnotes":""},"acf":[],"aioseo_notices":[],"_links":{"self":[{"href":"https:\/\/www.widetech.com.tr\/en\/wp-json\/wp\/v2\/pages\/2177"}],"collection":[{"href":"https:\/\/www.widetech.com.tr\/en\/wp-json\/wp\/v2\/pages"}],"about":[{"href":"https:\/\/www.widetech.com.tr\/en\/wp-json\/wp\/v2\/types\/page"}],"author":[{"embeddable":true,"href":"https:\/\/www.widetech.com.tr\/en\/wp-json\/wp\/v2\/users\/1"}],"replies":[{"embeddable":true,"href":"https:\/\/www.widetech.com.tr\/en\/wp-json\/wp\/v2\/comments?post=2177"}],"version-history":[{"count":11,"href":"https:\/\/www.widetech.com.tr\/en\/wp-json\/wp\/v2\/pages\/2177\/revisions"}],"predecessor-version":[{"id":7731,"href":"https:\/\/www.widetech.com.tr\/en\/wp-json\/wp\/v2\/pages\/2177\/revisions\/7731"}],"wp:attachment":[{"href":"https:\/\/www.widetech.com.tr\/en\/wp-json\/wp\/v2\/media?parent=2177"}],"curies":[{"name":"wp","href":"https:\/\/api.w.org\/{rel}","templated":true}]}}