{"id":2205,"date":"2023-08-10T12:59:56","date_gmt":"2023-08-10T09:59:56","guid":{"rendered":"https:\/\/www.widetech.com.tr\/?page_id=2205"},"modified":"2025-12-12T17:09:14","modified_gmt":"2025-12-12T14:09:14","slug":"hotspot-yazilimi","status":"publish","type":"page","link":"https:\/\/www.widetech.com.tr\/en\/veri-merkezi-ve-sistem-odasi-tasima-hizmeti\/veri-merkezi-cozumleri\/hotspot-yazilimi\/","title":{"rendered":"Hotspot Yaz\u0131l\u0131m\u0131"},"content":{"rendered":"<section class=\"wpb-content-wrapper\"><div style=\"background-position: center center !important;\" class=\"vc_row wpb_row vc_row-fluid vc_custom_1751534831143 vc_row-has-fill\"><div class=\"row-inner\"><\/p>\n<div class=\"wpb_column vc_column_container vc_col-sm-6\"><div class=\"vc_column-inner vc_custom_column\"><div class=\"wpb_wrapper\"><br \/>\n\n\t<div class=\"wpb_text_column wpb_content_element  vc_custom_text\" >\n\t\t<div class=\"wpb_wrapper\">\n\t\t\t<h2 style=\" margin-top: 0; margin-bottom: 30px; font-weight: bold; text-align:left; font-family:'Poppins',sans-serif;\">\n                HOTSPOT YAZILIMI<br \/>\n            <\/h2>\n<p style=\" font-size: 16px; line-height: 1.6; font-weight: normal;\">\n                Kamuya a\u00e7\u0131k alanlar veya kurumsal a\u011flarda internet eri\u015fimini kontrol alt\u0131na almak i\u00e7in geli\u015fmi\u015f hotspot yaz\u0131l\u0131m \u00e7\u00f6z\u00fcmleri sunuyoruz.<\/p>\n<p style=\" font-size: 16px; line-height: 1.6; font-weight: normal;\">\n                Kimlik do\u011frulama, kullan\u0131m s\u00fcresi ve kota y\u00f6netimi, loglama ve detayl\u0131 raporlama gibi \u00f6zelliklerle, kullan\u0131c\u0131 eri\u015fimini hem yasal d\u00fczenlemelere uygun hem de g\u00fcvenli bir \u015fekilde y\u00f6netmenizi sa\u011fl\u0131yoruz.<\/p>\n<p style=\" font-size: 16px; line-height: 1.6; font-weight: normal;\">\n                Otellerden kafelere, belediyelerden kurumsal ofislere kadar her \u00f6l\u00e7ekte kurum i\u00e7in \u00f6zelle\u015ftirilebilir, kullan\u0131c\u0131 dostu aray\u00fczlerle kesintisiz internet eri\u015fim deneyimi sunuyoruz.<\/p>\n\n\t\t<\/div>\n\t<\/div>\n<br \/>\n    <\/div><\/div><\/div>\n<div class=\"wpb_column vc_column_container vc_col-sm-6\"><div class=\"vc_column-inner\"><div class=\"wpb_wrapper\"><br \/>\n        \n\t<div  class=\"wpb_single_image wpb_content_element vc_align_center\">\n\t\t\n\t\t<figure class=\"wpb_wrapper vc_figure\">\n\t\t\t<div class=\"vc_single_image-wrapper   vc_box_border_grey\"><img loading=\"lazy\" decoding=\"async\" width=\"654\" height=\"440\" src=\"https:\/\/www.widetech.com.tr\/wp-content\/uploads\/2025\/12\/Adsiz-tasarim-1-2.png\" class=\"vc_single_image-img attachment-full\" alt=\"\" title=\"Ads\u0131z tasar\u0131m (1)\" srcset=\"https:\/\/www.widetech.com.tr\/wp-content\/uploads\/2025\/12\/Adsiz-tasarim-1-2.png 654w, https:\/\/www.widetech.com.tr\/wp-content\/uploads\/2025\/12\/Adsiz-tasarim-1-2-300x202.png 300w, https:\/\/www.widetech.com.tr\/wp-content\/uploads\/2025\/12\/Adsiz-tasarim-1-2-18x12.png 18w\" sizes=\"(max-width: 654px) 100vw, 654px\" \/><\/div>\n\t\t<\/figure>\n\t<\/div>\n<br \/>\n    <\/div><\/div><\/div>\n<p><\/div><\/div>\n<\/section>","protected":false},"excerpt":{"rendered":"HOTSPOT YAZILIMI Kamuya a\u00e7\u0131k alanlar veya kurumsal a\u011flarda internet eri\u015fimini kontrol alt\u0131na almak i\u00e7in geli\u015fmi\u015f hotspot yaz\u0131l\u0131m \u00e7\u00f6z\u00fcmleri sunuyoruz. Kimlik do\u011frulama, kullan\u0131m s\u00fcresi ve kota y\u00f6netimi, loglama ve detayl\u0131 raporlama gibi \u00f6zelliklerle, kullan\u0131c\u0131 eri\u015fimini hem yasal d\u00fczenlemelere uygun hem de g\u00fcvenli bir \u015fekilde y\u00f6netmenizi sa\u011fl\u0131yoruz. Otellerden kafelere, belediyelerden kurumsal ofislere kadar her \u00f6l\u00e7ekte kurum i\u00e7in [...]","protected":false},"author":1,"featured_media":0,"parent":707,"menu_order":0,"comment_status":"closed","ping_status":"closed","template":"tmpl\/template-fullwidth.php","meta":{"om_disable_all_campaigns":false,"_monsterinsights_skip_tracking":false,"_monsterinsights_sitenote_active":false,"_monsterinsights_sitenote_note":"","_monsterinsights_sitenote_category":0,"footnotes":""},"acf":[],"aioseo_notices":[],"_links":{"self":[{"href":"https:\/\/www.widetech.com.tr\/en\/wp-json\/wp\/v2\/pages\/2205"}],"collection":[{"href":"https:\/\/www.widetech.com.tr\/en\/wp-json\/wp\/v2\/pages"}],"about":[{"href":"https:\/\/www.widetech.com.tr\/en\/wp-json\/wp\/v2\/types\/page"}],"author":[{"embeddable":true,"href":"https:\/\/www.widetech.com.tr\/en\/wp-json\/wp\/v2\/users\/1"}],"replies":[{"embeddable":true,"href":"https:\/\/www.widetech.com.tr\/en\/wp-json\/wp\/v2\/comments?post=2205"}],"version-history":[{"count":7,"href":"https:\/\/www.widetech.com.tr\/en\/wp-json\/wp\/v2\/pages\/2205\/revisions"}],"predecessor-version":[{"id":7634,"href":"https:\/\/www.widetech.com.tr\/en\/wp-json\/wp\/v2\/pages\/2205\/revisions\/7634"}],"up":[{"embeddable":true,"href":"https:\/\/www.widetech.com.tr\/en\/wp-json\/wp\/v2\/pages\/707"}],"wp:attachment":[{"href":"https:\/\/www.widetech.com.tr\/en\/wp-json\/wp\/v2\/media?parent=2205"}],"curies":[{"name":"wp","href":"https:\/\/api.w.org\/{rel}","templated":true}]}}