{"id":2219,"date":"2023-08-10T13:34:26","date_gmt":"2023-08-10T10:34:26","guid":{"rendered":"https:\/\/www.widetech.com.tr\/?page_id=2219"},"modified":"2025-12-13T17:17:25","modified_gmt":"2025-12-13T14:17:25","slug":"danismanlik-ve-planlama-hizmetleri","status":"publish","type":"page","link":"https:\/\/www.widetech.com.tr\/en\/veri-merkezi-ve-sistem-odasi-tasima-hizmeti\/veri-merkezi-cozumleri\/danismanlik-ve-planlama-hizmetleri\/","title":{"rendered":"Dan\u0131\u015fmanl\u0131k Ve Planlama Hizmetleri"},"content":{"rendered":"<section class=\"wpb-content-wrapper\"><div style=\"background-position: center center !important;\" class=\"vc_row wpb_row vc_row-fluid vc_custom_1751534831143 vc_row-has-fill\"><div class=\"row-inner\"><\/p>\n<div class=\"wpb_column vc_column_container vc_col-sm-6\"><div class=\"vc_column-inner vc_custom_column\"><div class=\"wpb_wrapper\"><br \/>\n\n\t<div class=\"wpb_text_column wpb_content_element  vc_custom_text\" >\n\t\t<div class=\"wpb_wrapper\">\n\t\t\t<h2 style=\"margin-top: 0; margin-bottom: 30px; font-weight: bold; font-family:'Poppins',sans-serif;\">DANI\u015eMANLIK VE PLANLAMA H\u0130ZMETLER\u0130<\/h2>\n<p style=\"font-size: 16px; line-height: 1.6; font-weight: normal;\">\nProjelerinizin ihtiya\u00e7lar\u0131na uygun do\u011fru altyap\u0131 ve \u00e7\u00f6z\u00fcmleri belirlemek i\u00e7in kapsaml\u0131 analiz, planlama ve y\u00f6nlendirme deste\u011fi sunuyoruz. S\u00fcre\u00e7 odakl\u0131 yakla\u015f\u0131m\u0131m\u0131zla, BT projelerinizin her a\u015famas\u0131nda yan\u0131n\u0131zda yer al\u0131yoruz.<\/p>\n<p style=\"font-size: 16px; line-height: 1.6; font-weight: normal;\">\nSundu\u011fumuz ba\u015fl\u0131ca hizmetler:<\/p>\n<ul style=\"font-size: 16px; line-height: 1.8; font-weight: normal;\">\n<li>Dan\u0131\u015fmanl\u0131k Hizmeti<\/li>\n<li>Ta\u015f\u0131ma ve D\u00f6n\u00fc\u015f\u00fcm Planlamas\u0131<\/li>\n<li>Network Ta\u015f\u0131ma Hizmetleri<\/li>\n<li>Proje \u00d6ncesi \u0130htiya\u00e7 Analizi ve \u00c7\u00f6z\u00fcm Planlamas\u0131<\/li>\n<li>S\u00fcre\u00e7 Odakl\u0131 Dan\u0131\u015fmanl\u0131k<\/li>\n<li>Outsource Personel Temini ile Uzman Deste\u011fi<\/li>\n<\/ul>\n<p style=\"font-size: 16px; line-height: 1.6; font-weight: normal;\">\nProjelerinizi ba\u015far\u0131ya ula\u015ft\u0131rmak i\u00e7in teknik uzmanl\u0131k ve stratejik bak\u0131\u015f a\u00e7\u0131s\u0131n\u0131 bir araya getiriyoruz.<\/p>\n\n\t\t<\/div>\n\t<\/div>\n<br \/>\n<\/div><\/div><\/div>\n<div class=\"wpb_column vc_column_container vc_col-sm-6\"><div class=\"vc_column-inner\"><div class=\"wpb_wrapper\"><br \/>\n<\/div><\/div><\/div>\n<p><\/div><\/div>\n<\/section>","protected":false},"excerpt":{"rendered":"DANI\u015eMANLIK VE PLANLAMA H\u0130ZMETLER\u0130 Projelerinizin ihtiya\u00e7lar\u0131na uygun do\u011fru altyap\u0131 ve \u00e7\u00f6z\u00fcmleri belirlemek i\u00e7in kapsaml\u0131 analiz, planlama ve y\u00f6nlendirme deste\u011fi sunuyoruz. S\u00fcre\u00e7 odakl\u0131 yakla\u015f\u0131m\u0131m\u0131zla, BT projelerinizin her a\u015famas\u0131nda yan\u0131n\u0131zda yer al\u0131yoruz. Sundu\u011fumuz ba\u015fl\u0131ca hizmetler: Dan\u0131\u015fmanl\u0131k Hizmeti Ta\u015f\u0131ma ve D\u00f6n\u00fc\u015f\u00fcm Planlamas\u0131 Network Ta\u015f\u0131ma Hizmetleri Proje \u00d6ncesi \u0130htiya\u00e7 Analizi ve \u00c7\u00f6z\u00fcm Planlamas\u0131 S\u00fcre\u00e7 Odakl\u0131 Dan\u0131\u015fmanl\u0131k Outsource Personel Temini [...]","protected":false},"author":1,"featured_media":0,"parent":707,"menu_order":0,"comment_status":"closed","ping_status":"closed","template":"tmpl\/template-fullwidth.php","meta":{"om_disable_all_campaigns":false,"_monsterinsights_skip_tracking":false,"_monsterinsights_sitenote_active":false,"_monsterinsights_sitenote_note":"","_monsterinsights_sitenote_category":0,"footnotes":""},"acf":[],"aioseo_notices":[],"_links":{"self":[{"href":"https:\/\/www.widetech.com.tr\/en\/wp-json\/wp\/v2\/pages\/2219"}],"collection":[{"href":"https:\/\/www.widetech.com.tr\/en\/wp-json\/wp\/v2\/pages"}],"about":[{"href":"https:\/\/www.widetech.com.tr\/en\/wp-json\/wp\/v2\/types\/page"}],"author":[{"embeddable":true,"href":"https:\/\/www.widetech.com.tr\/en\/wp-json\/wp\/v2\/users\/1"}],"replies":[{"embeddable":true,"href":"https:\/\/www.widetech.com.tr\/en\/wp-json\/wp\/v2\/comments?post=2219"}],"version-history":[{"count":6,"href":"https:\/\/www.widetech.com.tr\/en\/wp-json\/wp\/v2\/pages\/2219\/revisions"}],"predecessor-version":[{"id":7685,"href":"https:\/\/www.widetech.com.tr\/en\/wp-json\/wp\/v2\/pages\/2219\/revisions\/7685"}],"up":[{"embeddable":true,"href":"https:\/\/www.widetech.com.tr\/en\/wp-json\/wp\/v2\/pages\/707"}],"wp:attachment":[{"href":"https:\/\/www.widetech.com.tr\/en\/wp-json\/wp\/v2\/media?parent=2219"}],"curies":[{"name":"wp","href":"https:\/\/api.w.org\/{rel}","templated":true}]}}