{"id":2707,"date":"2023-08-28T16:39:00","date_gmt":"2023-08-28T13:39:00","guid":{"rendered":"https:\/\/www.widetech.com.tr\/?page_id=2707"},"modified":"2023-08-28T16:39:00","modified_gmt":"2023-08-28T13:39:00","slug":"8720-32-port-sfp-switch","status":"publish","type":"page","link":"https:\/\/www.widetech.com.tr\/en\/8720-32-port-sfp-switch\/","title":{"rendered":"8720 32-Port SFP Switch"},"content":{"rendered":"<section class=\"wpb-content-wrapper\"><div style=\"\" class=\"vc_row wpb_row vc_row-fluid\"><div class=\"row-inner\"><div class=\"wpb_column vc_column_container vc_col-sm-6\"><div class=\"vc_column-inner\"><div class=\"wpb_wrapper\"><div class=\"vc_empty_space\"   style=\"height: 32px\"><span class=\"vc_empty_space_inner\"><\/span><\/div>\n<!-- BEGIN .imagebox -->\n<div class=\"imagebox\">\n\t\t\t<div class=\"box-image\">\n\t\t\t\n\t\t\t<a class=\"box-img\" href=\"\" target=\"_self\">\n\t\t\t\t<img loading=\"lazy\" decoding=\"async\" width=\"708\" height=\"537\" src=\"https:\/\/www.widetech.com.tr\/wp-content\/uploads\/2023\/08\/8720-32-Port-SFP-Switch.png\" class=\"attachment-full\" alt=\"\" title=\"8720 32-Port SFP Switch\" \/>\t\t\t<\/a>\n\t\t<\/div>\n\n\t\t\t\t\n\t<\/div>\n<!-- End .imagebox -->\n<\/div><\/div><\/div><div class=\"wpb_column vc_column_container vc_col-sm-6\"><div class=\"vc_column-inner\"><div class=\"wpb_wrapper\">\n\t<div class=\"wpb_text_column wpb_content_element\" >\n\t\t<div class=\"wpb_wrapper\">\n\t\t\t<h2>8720 32-Port SFP Switch<\/h2>\n\n\t\t<\/div>\n\t<\/div>\n\n\t<div class=\"wpb_text_column wpb_content_element\" >\n\t\t<div class=\"wpb_wrapper\">\n\t\t\t<h4>\u00dcr\u00fcn kodu:8720-32C<\/h4>\n\n\t\t<\/div>\n\t<\/div>\n<div class=\"vc_empty_space\"   style=\"height: 32px\"><span class=\"vc_empty_space_inner\"><\/span><\/div><div class=\"vc_btn3-container vc_btn3-inline\" ><button class=\"vc_general vc_btn3 vc_btn3-size-md vc_btn3-shape-rounded vc_btn3-style-modern vc_btn3-color-danger\">Teklif Al<\/button><\/div><\/div><\/div><\/div><\/div><\/div><div style=\"\" class=\"vc_row wpb_row vc_row-fluid\"><div class=\"row-inner\"><div class=\"wpb_column vc_column_container vc_col-sm-3\"><div class=\"vc_column-inner\"><div class=\"wpb_wrapper\"><div class=\"vc_empty_space\"   style=\"height: 32px\"><span class=\"vc_empty_space_inner\"><\/span><\/div><\/div><\/div><\/div><div class=\"wpb_column vc_column_container vc_col-sm-3\"><div class=\"vc_column-inner\"><div class=\"wpb_wrapper\"><div class=\"vc_empty_space\"   style=\"height: 32px\"><span class=\"vc_empty_space_inner\"><\/span><\/div><\/div><\/div><\/div><div class=\"wpb_column vc_column_container vc_col-sm-3\"><div class=\"vc_column-inner\"><div class=\"wpb_wrapper\"><div class=\"vc_empty_space\"   style=\"height: 32px\"><span class=\"vc_empty_space_inner\"><\/span><\/div><\/div><\/div><\/div><div class=\"wpb_column vc_column_container vc_col-sm-3\"><div class=\"vc_column-inner\"><div class=\"wpb_wrapper\"><div class=\"vc_empty_space\"   style=\"height: 32px\"><span class=\"vc_empty_space_inner\"><\/span><\/div><\/div><\/div><\/div><\/div><\/div><div style=\"\" class=\"vc_row wpb_row vc_row-fluid\"><div class=\"row-inner\"><div class=\"wpb_column vc_column_container vc_col-sm-12\"><div class=\"vc_column-inner\"><div class=\"wpb_wrapper\"><div class=\"vc_tta-container\" data-vc-action=\"collapse\"><div class=\"vc_general vc_tta vc_tta-tabs vc_tta-color-grey vc_tta-style-classic vc_tta-shape-rounded vc_tta-spacing-1 vc_tta-tabs-position-top vc_tta-controls-align-left\"><div class=\"vc_tta-tabs-container\"><ul class=\"vc_tta-tabs-list\"><li class=\"vc_tta-tab vc_active\" data-vc-tab><a href=\"#1692870200808-29f2690b-4a23\" data-vc-tabs data-vc-container=\".vc_tta\"><span class=\"vc_tta-title-text\">\u00dcr\u00fcn A\u00e7\u0131klamas\u0131<\/span><\/a><\/li><li class=\"vc_tta-tab\" data-vc-tab><a href=\"#1692870200815-03c1f86e-ffba\" data-vc-tabs data-vc-container=\".vc_tta\"><span class=\"vc_tta-title-text\">Teknik \u00d6zellikler<\/span><\/a><\/li><li class=\"vc_tta-tab\" data-vc-tab><a href=\"#1692870288907-71ca261f-ad7d\" data-vc-tabs data-vc-container=\".vc_tta\"><span class=\"vc_tta-title-text\">Genel \u00d6zellikler<\/span><\/a><\/li><li class=\"vc_tta-tab\" data-vc-tab><a href=\"#1692870355708-af0c3d79-86cf\" data-vc-tabs data-vc-container=\".vc_tta\"><span class=\"vc_tta-title-text\">D\u00f6k\u00fcmanlar<\/span><\/a><\/li><\/ul><\/div><div class=\"vc_tta-panels-container\"><div class=\"vc_tta-panels\"><div class=\"vc_tta-panel vc_active\" id=\"1692870200808-29f2690b-4a23\" data-vc-content=\".vc_tta-panel-body\"><div class=\"vc_tta-panel-heading\"><h4 class=\"vc_tta-panel-title\"><a href=\"#1692870200808-29f2690b-4a23\" data-vc-accordion data-vc-container=\".vc_tta-container\"><span class=\"vc_tta-title-text\">\u00dcr\u00fcn A\u00e7\u0131klamas\u0131<\/span><\/a><\/h4><\/div><div class=\"vc_tta-panel-body\">\n\t<div class=\"wpb_text_column wpb_content_element\" >\n\t\t<div class=\"wpb_wrapper\">\n\t\t\t<p>Y\u00fcksek performansl\u0131 u\u00e7 bilgi i\u015flem ve da\u011f\u0131t\u0131lm\u0131\u015f bulutta yerel uygulamalara olan ihtiyac\u0131n artmas\u0131yla birlikte, kurumsal veri merkezleri ve servis sa\u011flay\u0131c\u0131 sabit ve mobil u\u00e7 \u00e7\u00f6z\u00fcmleri, b\u00fcy\u00fck \u00f6l\u00e7ekli BGP-EVPN IP Yap\u0131 omurga ve yaprak mimarileri i\u00e7in yo\u011fun 40\/100GbE anahtarlara ihtiya\u00e7 duyar.\u00a0Extreme&#8217;nin Evrensel platformunun bir par\u00e7as\u0131 olan Extreme 8720, da\u011f\u0131t\u0131m\u0131 basitle\u015ftirirken ve maliyeti d\u00fc\u015f\u00fcr\u00fcrken \u00f6l\u00e7eklenebilir L2 ve L3 hizmetleri ve belirleyici a\u011f performans\u0131 sunar.<\/p>\n<p>Extreme 8720, kurumsal veri merkezlerinde tavizsiz performans i\u00e7in ve kritik 5G mikro veri merkezi ve \u00e7oklu eri\u015fim u\u00e7 bili\u015fimi sa\u011flayan mobil operat\u00f6rler i\u00e7in tasarlanm\u0131\u015f, y\u00fcksek performansl\u0131, zengin \u00f6zelliklere sahip ve amaca y\u00f6nelik tasarlanm\u0131\u015f bir 10\/25\/40\/100 GbE a\u011f donan\u0131m platformudur. (MEC) ortamlar\u0131.<\/p>\n<p>Extreme&#8217;nin G\u00fcvenilir Teslimat giri\u015fiminin bir par\u00e7as\u0131 olarak Extreme 8000 Serisi Evrensel anahtarlar, sekt\u00f6rde bir ilk olan \u00d6l\u00e7\u00fcl\u00fc \u00d6ny\u00fckleme uygulamas\u0131yla geli\u015ftirilen G\u00fcvenli \u00d6ny\u00fckleme teknolojisinin birle\u015fimiyle g\u00fc\u00e7l\u00fc g\u00fcvenlik geli\u015ftirmeleri sunar.\u00a0\u00d6l\u00e7\u00fcl\u00fc \u00d6ny\u00fckleme, tehditlere kar\u015f\u0131 daha fazla koruma sa\u011flamak i\u00e7in sistemin g\u00fcvenlik duru\u015funu i\u015fletim sisteminin y\u00fcr\u00fct\u00fclmesine kadar geni\u015fletir.<\/p>\n<p>Extreme 8720 a\u011f donan\u0131m platformu, kurulu\u015flar\u0131n \u00e7e\u015fitli uygulamalara ve do\u011fu-bat\u0131 trafik modellerine uyum sa\u011flayan a\u00e7\u0131k a\u011flar tasarlamas\u0131na olanak tan\u0131r.\u00a0Y\u00fcksek yo\u011funluklu \u00f6l\u00e7eklenebilir mimarisi, \u00f6nde gelen g\u00fc\u00e7 verimlili\u011fi ve hava ak\u0131\u015f\u0131 se\u00e7enekleriyle 8720 platformu, veri merkeziniz nerede olursa olsun g\u00fcc\u00fc, so\u011futmay\u0131 ve veri merkezi alan\u0131n\u0131 optimize eden uygun maliyetli bir \u00e7\u00f6z\u00fcm sunar.<\/p>\n\n\t\t<\/div>\n\t<\/div>\n<\/div><\/div><div class=\"vc_tta-panel\" id=\"1692870200815-03c1f86e-ffba\" data-vc-content=\".vc_tta-panel-body\"><div class=\"vc_tta-panel-heading\"><h4 class=\"vc_tta-panel-title\"><a href=\"#1692870200815-03c1f86e-ffba\" data-vc-accordion data-vc-container=\".vc_tta-container\"><span class=\"vc_tta-title-text\">Teknik \u00d6zellikler<\/span><\/a><\/h4><\/div><div class=\"vc_tta-panel-body\">\n\t<div class=\"wpb_text_column wpb_content_element\" >\n\t\t<div class=\"wpb_wrapper\">\n\t\t\t<table class=\"table table-bordered table-hover table-responsive\">\n<tbody>\n<tr>\n<th class=\"text-center\" colspan=\"2\">8720<\/th>\n<\/tr>\n<tr>\n<td><strong>Limanlar<\/strong><\/td>\n<td>\n<ul>\n<li>32 x QSFP+\/QSFP28 40GbE\/100GbE ba\u011flant\u0131 noktas\u0131<\/li>\n<li>Ara kablolar kullan\u0131larak 128 x 25\/10 GbE<\/li>\n<li>1 x Seri konsol ba\u011flant\u0131 noktas\u0131 RJ-45<\/li>\n<li>2 x 10\/100\/1000BASE-T bant d\u0131\u015f\u0131 y\u00f6netim ba\u011flant\u0131 noktas\u0131<\/li>\n<li>Mikro USB Tip A depolama ba\u011flant\u0131 noktas\u0131<\/li>\n<\/ul>\n<\/td>\n<\/tr>\n<tr>\n<td><strong>G\u00fc\u00e7 kaynaklar\u0131<\/strong><\/td>\n<td>\n<ul>\n<li>Mod\u00fcler 750 W AC g\u00fc\u00e7 kayna\u011f\u0131 (iki PSU&#8217;ya kadar)<\/li>\n<li>Mod\u00fcler 750 W DC g\u00fc\u00e7 kayna\u011f\u0131 (iki PSU&#8217;ya kadar)<\/li>\n<li>\u00d6nden Arkaya ve Arkadan \u00d6ne hava ak\u0131\u015f\u0131 se\u00e7enekleri<\/li>\n<\/ul>\n<\/td>\n<\/tr>\n<tr>\n<td><strong>Fan tepsisi<\/strong><\/td>\n<td>\n<ul>\n<li>6 fan mod\u00fcl\u00fc, bir fan yedeklili\u011fini destekler<\/li>\n<li>\u00d6n-Arka ve Arka-\u00d6n hava ak\u0131\u015f\u0131 se\u00e7enekleri<\/li>\n<\/ul>\n<\/td>\n<\/tr>\n<tr>\n<td><strong>Boyutlar<\/strong><\/td>\n<td>17,3 in\u00e7 G\/22,4 in\u00e7 D\/1,7 in\u00e7 Y (44 cm\/57,0 cm\/4,3 cm)<\/td>\n<\/tr>\n<tr>\n<td><strong>Verim<\/strong><\/td>\n<td>\n<ul>\n<li>Hat h\u0131z\u0131 6,4 Tbps Anahtarlama Kapasitesi (3,2 Tbps giri\u015f, 3,2 Tbps \u00e7\u0131k\u0131\u015f)<\/li>\n<li>\u0130letim H\u0131z\u0131: 2000 Mpps<\/li>\n<li>Ortalama Gecikme: 800 ns<\/li>\n<\/ul>\n<\/td>\n<\/tr>\n<tr>\n<td><strong>CPU Belle\u011fi<\/strong><\/td>\n<td>\n<ul>\n<li>8 \u00e7ekirdekli \u0130\u015flemci<\/li>\n<li>16 GB DDR4 ECC bellek<\/li>\n<li>128 GB SSD bellek<\/li>\n<\/ul>\n<\/td>\n<\/tr>\n<tr>\n<td><strong>Paket Tamponlar\u0131<\/strong><\/td>\n<td>32MB<\/td>\n<\/tr>\n<tr>\n<td><strong>\u00c7al\u0131\u015fma ko\u015fullar\u0131<\/strong><\/td>\n<td>\u00d6nden Arkaya:<br \/>\nDeniz seviyesinde 0\u00b0C (32\u00b0F) ila 50\u00b0C (122\u00b0F);<br \/>\n0\u00b0C (32\u00b0F) ila 40\u00b0C (104\u00b0F) 3000 m&#8217;ye (10.000 ft) kadar<br \/>\nArkadan \u00d6ne: Denizde<br \/>\n0\u00b0C (32\u00b0F) ila 45\u00b0C (113\u00b0F) seviye;<br \/>\n0\u00b0C (32\u00b0F) ila 40\u00b0C (104\u00b0F) 3000 m&#8217;ye (10.000 ft) kadar<\/td>\n<\/tr>\n<\/tbody>\n<\/table>\n\n\t\t<\/div>\n\t<\/div>\n<\/div><\/div><div class=\"vc_tta-panel\" id=\"1692870288907-71ca261f-ad7d\" data-vc-content=\".vc_tta-panel-body\"><div class=\"vc_tta-panel-heading\"><h4 class=\"vc_tta-panel-title\"><a href=\"#1692870288907-71ca261f-ad7d\" data-vc-accordion data-vc-container=\".vc_tta-container\"><span class=\"vc_tta-title-text\">Genel \u00d6zellikler<\/span><\/a><\/h4><\/div><div class=\"vc_tta-panel-body\">\n\t<div class=\"wpb_text_column wpb_content_element\" >\n\t\t<div class=\"wpb_wrapper\">\n\t\t\t<div class=\"col-sm-4\">\n<p class=\"text-center\"><img decoding=\"async\" src=\"https:\/\/www.netsolutionstore.com\/images\/icons\/04-icon-locked-PP.svg\" alt=\"ExtremeNetworks\" \/><\/p>\n<h3>G\u00fcvenilir Teslimat<\/h3>\n<p>Extreme Networks&#8217;\u00fcn G\u00fcvenilir Teslimat\u0131, uzak, genellikle g\u00f6zetimsiz sahalar\u0131n yan\u0131 s\u0131ra, ortak tesis eri\u015fiminin sorun te\u015fkil etti\u011fi ortak yerle\u015fim ve veri merkezi ortamlar\u0131ndaki temel hizmet sunumu altyap\u0131n\u0131z\u0131 korumak i\u00e7in tasarlanm\u0131\u015ft\u0131r.\u00a0\u00d6ny\u00fckleme ve \u00e7al\u0131\u015fma zaman\u0131 i\u015flemlerini do\u011frulamak i\u00e7in tasarlanm\u0131\u015f bir g\u00fcvenlik mekanizmas\u0131 olan \u00d6l\u00e7\u00fcl\u00fc \u00d6ny\u00fckleme ile Extreme Networks, donan\u0131m bile\u015fenlerini, \u00f6ny\u00fckleme i\u015flemini ve i\u015fletim sistemini fabrikadan kuruluma kadar do\u011frulama yetene\u011fi sa\u011flar.\u00a0G\u00fcvenilir bir harici do\u011frulama arac\u0131n\u0131n nesnel bir g\u00fcven \u00f6l\u00e7\u00fcm\u00fc sa\u011flad\u0131\u011f\u0131 uzaktan do\u011frulamayla birle\u015ftirilen Measured Boot, \u00e7al\u0131\u015fma s\u0131ras\u0131nda s\u00fcrekli ikili d\u00fczeyde do\u011frulama sa\u011flar.<\/p>\n<\/div>\n<div class=\"col-sm-4\">\n<p class=\"text-center\"><img decoding=\"async\" src=\"https:\/\/www.netsolutionstore.com\/images\/icons\/plug-icon.png\" alt=\"ExtremeNetworks\" \/><\/p>\n<h3>Tak-\u00c7al\u0131\u015ft\u0131r<\/h3>\n<p>Extreme Fabric Automation, veri merkezi IP Fabric&#8217;in da\u011f\u0131t\u0131m\u0131n\u0131 basitle\u015ftirir ve h\u0131zland\u0131r\u0131r.\u00a0Kutudaki uygulama, SLX i\u00e7indeki Entegre Uygulama Bar\u0131nd\u0131rma ortam\u0131nda bir hizmet olarak \u00e7al\u0131\u015f\u0131r ve tek veya \u00e7oklu veri merkezi IP Fabric a\u011flar\u0131n\u0131 en h\u0131zl\u0131 ve en h\u0131zl\u0131 \u015fekilde da\u011f\u0131tman\u0131n, tedarik etmenin ve otomatikle\u015ftirmenin en kolay yolunu sa\u011flamak i\u00e7in end\u00fcstri standard\u0131 a\u00e7\u0131k API tabanl\u0131 programlanabilir aray\u00fczleri kullan\u0131r. verimli bir yol.\u00a0Extreme Fabric Automation ayn\u0131 zamanda VMware vCenter, Microsoft Hyper V ve OpenStack i\u00e7in entegrasyon noktas\u0131d\u0131r.<\/p>\n<\/div>\n<div class=\"col-sm-4\">\n<p class=\"text-center\"><img decoding=\"async\" src=\"https:\/\/www.netsolutionstore.com\/images\/icons\/speed-icon.png\" alt=\"ExtremeNetworks\" \/><\/p>\n<h3>Entegre Uygulama Bar\u0131nd\u0131rma<\/h3>\n<p>8520, anahtar i\u015fletim sisteminin yan\u0131 s\u0131ra yerle\u015fik VM tabanl\u0131 uygulamalar\u0131 da performans\u0131 etkilemeden \u00e7al\u0131\u015ft\u0131rabilir.\u00a0Bu esnek ve a\u00e7\u0131k \u00e7\u00f6z\u00fcm, kurulu\u015flar\u0131n Extreme taraf\u0131ndan sa\u011flanan veya \u00fc\u00e7\u00fcnc\u00fc taraf uygulamalar\u0131 ve ara\u00e7lar\u0131, g\u00fcvenlik, izleme, sorun giderme veya geni\u015fletilmi\u015f a\u011f i\u015flevselli\u011fi i\u00e7in (m\u00fc\u015fteri ihtiyac\u0131na g\u00f6re) ayr\u0131 bir donan\u0131m ayg\u0131t\u0131 olmadan do\u011frudan anahtar \u00fczerinde da\u011f\u0131tmas\u0131na olanak tan\u0131r.\u00a0Bu benzersiz tasar\u0131m, anahtar\u0131n kontrol ve iletme d\u00fczlemini etkilemez ve esnek paket yakalama ve \u00e7evrimd\u0131\u015f\u0131 i\u015fleme i\u00e7in \u00f6zel CPU&#8217;lar, bellek ve SSD depolama alan\u0131 sa\u011flar.<\/p>\n<\/div>\n\n\t\t<\/div>\n\t<\/div>\n<\/div><\/div><div class=\"vc_tta-panel\" id=\"1692870355708-af0c3d79-86cf\" data-vc-content=\".vc_tta-panel-body\"><div class=\"vc_tta-panel-heading\"><h4 class=\"vc_tta-panel-title\"><a href=\"#1692870355708-af0c3d79-86cf\" data-vc-accordion data-vc-container=\".vc_tta-container\"><span class=\"vc_tta-title-text\">D\u00f6k\u00fcmanlar<\/span><\/a><\/h4><\/div><div class=\"vc_tta-panel-body\">\n\t<div class=\"wpb_text_column wpb_content_element\" >\n\t\t<div class=\"wpb_wrapper\">\n\t\t\t<h5><a href=\"https:\/\/www.widetech.com.tr\/wp-content\/uploads\/2023\/08\/8520-48XT-6C-48-Port-Swicth-Data-Sheet.pdf\">8720 32- Port SFP Switch Data Sheet<\/a><\/h5>\n\n\t\t<\/div>\n\t<\/div>\n<\/div><\/div><\/div><\/div><\/div><\/div><\/div><\/div><\/div><\/div><\/div>\n<\/section>","protected":false},"excerpt":{"rendered":"8720 32-Port SFP Switch \u00dcr\u00fcn kodu:8720-32C Teklif Al\u00dcr\u00fcn A\u00e7\u0131klamas\u0131Teknik \u00d6zelliklerGenel \u00d6zelliklerD\u00f6k\u00fcmanlar\u00dcr\u00fcn A\u00e7\u0131klamas\u0131 Y\u00fcksek performansl\u0131 u\u00e7 bilgi i\u015flem ve da\u011f\u0131t\u0131lm\u0131\u015f bulutta yerel uygulamalara olan ihtiyac\u0131n artmas\u0131yla birlikte, kurumsal veri merkezleri ve servis sa\u011flay\u0131c\u0131 sabit ve mobil u\u00e7 \u00e7\u00f6z\u00fcmleri, b\u00fcy\u00fck \u00f6l\u00e7ekli BGP-EVPN IP Yap\u0131 omurga ve yaprak mimarileri i\u00e7in yo\u011fun 40\/100GbE anahtarlara ihtiya\u00e7 duyar.\u00a0Extreme'nin Evrensel platformunun bir [...]","protected":false},"author":1,"featured_media":0,"parent":0,"menu_order":0,"comment_status":"closed","ping_status":"closed","template":"tmpl\/template-fullwidth.php","meta":{"om_disable_all_campaigns":false,"_monsterinsights_skip_tracking":false,"_monsterinsights_sitenote_active":false,"_monsterinsights_sitenote_note":"","_monsterinsights_sitenote_category":0,"footnotes":""},"acf":[],"aioseo_notices":[],"_links":{"self":[{"href":"https:\/\/www.widetech.com.tr\/en\/wp-json\/wp\/v2\/pages\/2707"}],"collection":[{"href":"https:\/\/www.widetech.com.tr\/en\/wp-json\/wp\/v2\/pages"}],"about":[{"href":"https:\/\/www.widetech.com.tr\/en\/wp-json\/wp\/v2\/types\/page"}],"author":[{"embeddable":true,"href":"https:\/\/www.widetech.com.tr\/en\/wp-json\/wp\/v2\/users\/1"}],"replies":[{"embeddable":true,"href":"https:\/\/www.widetech.com.tr\/en\/wp-json\/wp\/v2\/comments?post=2707"}],"version-history":[{"count":1,"href":"https:\/\/www.widetech.com.tr\/en\/wp-json\/wp\/v2\/pages\/2707\/revisions"}],"predecessor-version":[{"id":2708,"href":"https:\/\/www.widetech.com.tr\/en\/wp-json\/wp\/v2\/pages\/2707\/revisions\/2708"}],"wp:attachment":[{"href":"https:\/\/www.widetech.com.tr\/en\/wp-json\/wp\/v2\/media?parent=2707"}],"curies":[{"name":"wp","href":"https:\/\/api.w.org\/{rel}","templated":true}]}}