{"id":2940,"date":"2023-09-04T12:55:15","date_gmt":"2023-09-04T09:55:15","guid":{"rendered":"https:\/\/www.widetech.com.tr\/?page_id=2940"},"modified":"2023-09-04T12:55:15","modified_gmt":"2023-09-04T09:55:15","slug":"v300ht-8t-2x","status":"publish","type":"page","link":"https:\/\/www.widetech.com.tr\/en\/v300ht-8t-2x\/","title":{"rendered":"V300HT-8T-2X"},"content":{"rendered":"<section class=\"wpb-content-wrapper\"><div style=\"\" class=\"vc_row wpb_row vc_row-fluid\"><div class=\"row-inner\"><div class=\"wpb_column vc_column_container vc_col-sm-6\"><div class=\"vc_column-inner\"><div class=\"wpb_wrapper\"><div class=\"vc_empty_space\"   style=\"height: 32px\"><span class=\"vc_empty_space_inner\"><\/span><\/div>\n<!-- BEGIN .imagebox -->\n<div class=\"imagebox\">\n\t\t\t<div class=\"box-image\">\n\t\t\t\n\t\t\t<a class=\"box-img\" href=\"\" target=\"_self\">\n\t\t\t\t<img loading=\"lazy\" decoding=\"async\" width=\"708\" height=\"537\" src=\"https:\/\/www.widetech.com.tr\/wp-content\/uploads\/2023\/09\/V300HT-8P-2X-.png\" class=\"attachment-full\" alt=\"\" title=\"V300HT-8P-2X\" \/>\t\t\t<\/a>\n\t\t<\/div>\n\n\t\t\t\t\n\t<\/div>\n<!-- End .imagebox -->\n<\/div><\/div><\/div><div class=\"wpb_column vc_column_container vc_col-sm-6\"><div class=\"vc_column-inner\"><div class=\"wpb_wrapper\">\n\t<div class=\"wpb_text_column wpb_content_element\" >\n\t\t<div class=\"wpb_wrapper\">\n\t\t\t<h1>V300HT-8T-2X High-Temperature Edge Switch<\/h1>\n\n\t\t<\/div>\n\t<\/div>\n\n\t<div class=\"wpb_text_column wpb_content_element\" >\n\t\t<div class=\"wpb_wrapper\">\n\t\t\t<h4>\u00dcr\u00fcn kodu:V300HT-8T-2X<\/h4>\n\n\t\t<\/div>\n\t<\/div>\n<div class=\"vc_empty_space\"   style=\"height: 32px\"><span class=\"vc_empty_space_inner\"><\/span><\/div><div class=\"vc_btn3-container vc_btn3-inline\" ><button class=\"vc_general vc_btn3 vc_btn3-size-md vc_btn3-shape-rounded vc_btn3-style-modern vc_btn3-color-danger\">Teklif Al<\/button><\/div><\/div><\/div><\/div><\/div><\/div><div style=\"\" class=\"vc_row wpb_row vc_row-fluid\"><div class=\"row-inner\"><div class=\"wpb_column vc_column_container vc_col-sm-3\"><div class=\"vc_column-inner\"><div class=\"wpb_wrapper\"><div class=\"vc_empty_space\"   style=\"height: 32px\"><span class=\"vc_empty_space_inner\"><\/span><\/div><\/div><\/div><\/div><div class=\"wpb_column vc_column_container vc_col-sm-3\"><div class=\"vc_column-inner\"><div class=\"wpb_wrapper\"><div class=\"vc_empty_space\"   style=\"height: 32px\"><span class=\"vc_empty_space_inner\"><\/span><\/div><\/div><\/div><\/div><div class=\"wpb_column vc_column_container vc_col-sm-3\"><div class=\"vc_column-inner\"><div class=\"wpb_wrapper\"><div class=\"vc_empty_space\"   style=\"height: 32px\"><span class=\"vc_empty_space_inner\"><\/span><\/div><\/div><\/div><\/div><div class=\"wpb_column vc_column_container vc_col-sm-3\"><div class=\"vc_column-inner\"><div class=\"wpb_wrapper\"><div class=\"vc_empty_space\"   style=\"height: 32px\"><span class=\"vc_empty_space_inner\"><\/span><\/div><\/div><\/div><\/div><\/div><\/div><div style=\"\" class=\"vc_row wpb_row vc_row-fluid\"><div class=\"row-inner\"><div class=\"wpb_column vc_column_container vc_col-sm-12\"><div class=\"vc_column-inner\"><div class=\"wpb_wrapper\"><div class=\"vc_tta-container\" data-vc-action=\"collapse\"><div class=\"vc_general vc_tta vc_tta-tabs vc_tta-color-grey vc_tta-style-classic vc_tta-shape-rounded vc_tta-spacing-1 vc_tta-tabs-position-top vc_tta-controls-align-left\"><div class=\"vc_tta-tabs-container\"><ul class=\"vc_tta-tabs-list\"><li class=\"vc_tta-tab vc_active\" data-vc-tab><a href=\"#1692870200808-29f2690b-4a23\" data-vc-tabs data-vc-container=\".vc_tta\"><span class=\"vc_tta-title-text\">\u00dcr\u00fcn A\u00e7\u0131klamas\u0131<\/span><\/a><\/li><li class=\"vc_tta-tab\" data-vc-tab><a href=\"#1692870200815-03c1f86e-ffba\" data-vc-tabs data-vc-container=\".vc_tta\"><span class=\"vc_tta-title-text\">Teknik \u00d6zellikler<\/span><\/a><\/li><li class=\"vc_tta-tab\" data-vc-tab><a href=\"#1692870288907-71ca261f-ad7d\" data-vc-tabs data-vc-container=\".vc_tta\"><span class=\"vc_tta-title-text\">Genel \u00d6zellikler<\/span><\/a><\/li><li class=\"vc_tta-tab\" data-vc-tab><a href=\"#1692870355708-af0c3d79-86cf\" data-vc-tabs data-vc-container=\".vc_tta\"><span class=\"vc_tta-title-text\">D\u00f6k\u00fcmanlar<\/span><\/a><\/li><\/ul><\/div><div class=\"vc_tta-panels-container\"><div class=\"vc_tta-panels\"><div class=\"vc_tta-panel vc_active\" id=\"1692870200808-29f2690b-4a23\" data-vc-content=\".vc_tta-panel-body\"><div class=\"vc_tta-panel-heading\"><h4 class=\"vc_tta-panel-title\"><a href=\"#1692870200808-29f2690b-4a23\" data-vc-accordion data-vc-container=\".vc_tta-container\"><span class=\"vc_tta-title-text\">\u00dcr\u00fcn A\u00e7\u0131klamas\u0131<\/span><\/a><\/h4><\/div><div class=\"vc_tta-panel-body\">\n\t<div class=\"wpb_text_column wpb_content_element\" >\n\t\t<div class=\"wpb_wrapper\">\n\t\t\t<p>ExtremeSwitching V300 Serisi, s\u00fcrekli \u00e7al\u0131\u015fma s\u00fcresi, geli\u015fmi\u015f hizmetler ve operasyonel verimlilik sa\u011flayan olduk\u00e7a dayan\u0131kl\u0131 bir i\u015fletim sistemi olan Extreme Networks ExtremeXOS (EXOS) yaz\u0131l\u0131m\u0131 taraf\u0131ndan y\u00f6netilen kompakt, uygun maliyetli u\u00e7 anahtarlard\u0131r.<\/p>\n<p>Extreme&#8217;nin Geni\u015fletilmi\u015f Kenar Anahtarlama \u00e7\u00f6z\u00fcm\u00fcn\u00fcn u\u00e7 bile\u015feni olan V300 Serisi, uzak bir EXOS toplama anahtar\u0131 taraf\u0131ndan kontrol edilirken eri\u015fim anahtar\u0131 \u00f6zellikleri sa\u011flar.\u00a0Bu, V300 Serisinin EXOS toplama anahtar\u0131n\u0131n zengin \u00f6zellikli hizmetlerini a\u011f ucuna sorunsuz bir \u015fekilde geni\u015fletmesine olanak tan\u0131r.<\/p>\n<p>\u00c7e\u015fitli modellerde mevcut olan V300 Serisi, i\u00e7 mekan kullan\u0131m\u0131na y\u00f6nelik versiyonlar\u0131n yan\u0131 s\u0131ra d\u0131\u015f mekan veya \u00e7evresel a\u00e7\u0131dan zorlu konumlara y\u00f6nelik sertle\u015ftirilmi\u015f modelleri de i\u00e7erir.<\/p>\n<h3>\u00d6ne \u00c7\u0131kanlar<\/h3>\n<ul>\n<li>ExtremeXOS yaz\u0131l\u0131m\u0131 taraf\u0131ndan merkezi olarak y\u00f6netilen kompakt, uygun maliyetli u\u00e7 anahtarlar<\/li>\n<li>Extreme&#8217;nin Geni\u015fletilmi\u015f Kenar Anahtarlama \u00e7\u00f6z\u00fcm\u00fcn\u00fcn kenar bile\u015feni<\/li>\n<li>ExtremeXOS toplama anahtar\u0131nda bulunan geli\u015fmi\u015f hizmetleri sorunsuz bir \u015fekilde \u00e7al\u0131\u015ft\u0131r\u0131r<\/li>\n<li>Tak ve \u00e7al\u0131\u015ft\u0131r u\u00e7 kurulumu \u2013 yaln\u0131zca ba\u011flan\u0131n ve ba\u015flat\u0131n<\/li>\n<li>8 x 1 GbE eri\u015fim ba\u011flant\u0131 noktas\u0131 (PoE ve PoE olmayan) ve 2 x 10 Gb SFP+ sa\u011flayan birden fazla model<\/li>\n<li>-40C&#8217;den +70C&#8217;ye kadar \u00e7al\u0131\u015fan, \u00e7evre dostu se\u00e7enekler<\/li>\n<li>G\u00fcc\u00fc yukar\u0131 ak\u0131\u015f anahtar\u0131ndan alan sistem modeli; ayr\u0131 PSU ihtiyac\u0131n\u0131 ortadan kald\u0131r\u0131r<\/li>\n<li>Extended Edge Ring topolojisi deste\u011fi sayesinde esnek operasyonlar<\/li>\n<\/ul>\n\n\t\t<\/div>\n\t<\/div>\n<\/div><\/div><div class=\"vc_tta-panel\" id=\"1692870200815-03c1f86e-ffba\" data-vc-content=\".vc_tta-panel-body\"><div class=\"vc_tta-panel-heading\"><h4 class=\"vc_tta-panel-title\"><a href=\"#1692870200815-03c1f86e-ffba\" data-vc-accordion data-vc-container=\".vc_tta-container\"><span class=\"vc_tta-title-text\">Teknik \u00d6zellikler<\/span><\/a><\/h4><\/div><div class=\"vc_tta-panel-body\">\n\t<div class=\"wpb_text_column wpb_content_element\" >\n\t\t<div class=\"wpb_wrapper\">\n\t\t\t<table class=\"table table-bordered table-hover table-responsive\">\n<tbody>\n<tr>\n<th><\/th>\n<th class=\"text-center\">V300-8P-2T-W<\/th>\n<th class=\"text-center\">V300-8T-2X<\/th>\n<th class=\"text-center\">V300-8P-2X<\/th>\n<\/tr>\n<tr>\n<td><strong>Ports<\/strong><\/td>\n<td>\n<ul>\n<li>8 x 10\/100\/1000BASE-T (RJ-45) POE-Plus Yar\u0131m, Tam, Otomatik \u00c7ift Y\u00f6nl\u00fc<\/li>\n<li>2 x 10\/100\/1000BASE-T 802.3bt Tip 4 (30W\/60W\/90W) PoE ba\u011flant\u0131 noktas\u0131<\/li>\n<\/ul>\n<\/td>\n<td>\n<ul>\n<li>8 x 10\/100\/1000BASE-T (RJ-45) Yar\u0131m, Tam, Otomatik \u00c7ift Y\u00f6nl\u00fc<\/li>\n<li>2 x 10GBASE-X SFP+<\/li>\n<\/ul>\n<\/td>\n<td>\n<ul>\n<li>8 x 10\/100\/1000BASE-T (RJ-45) POE-Plus Yar\u0131m, Tam, Otomatik \u00c7ift Y\u00f6nl\u00fc<\/li>\n<li>2 x 10GBASE-X SFP+<\/li>\n<\/ul>\n<\/td>\n<\/tr>\n<tr class=\"row-header\">\n<td colspan=\"4\">Performans ve \u00d6l\u00e7ek<\/td>\n<\/tr>\n<tr>\n<td><strong>Maksimum 10\/100\/1000 Base-T Ba\u011flant\u0131 Noktas\u0131<\/strong><\/td>\n<td>8<\/td>\n<td>8<\/td>\n<td>8<\/td>\n<\/tr>\n<tr>\n<td><strong>Maksimum Aktif 1 Gb SFP ba\u011flant\u0131 noktalar\u0131<\/strong><\/td>\n<td>2*<\/td>\n<td>2<\/td>\n<td>2<\/td>\n<\/tr>\n<tr>\n<td><strong>Maksimum 10 Gb SFP+ Ba\u011flant\u0131 Noktas\u0131<\/strong><\/td>\n<td>0<\/td>\n<td>2<\/td>\n<td>2<\/td>\n<\/tr>\n<tr>\n<td><strong>Toplu Anahtar Bant Geni\u015fli\u011fi<\/strong><\/td>\n<td>4 Gb\/sn<\/td>\n<td>40 Gb\/sn<\/td>\n<td>40 Gb\/sn<\/td>\n<\/tr>\n<tr>\n<td><strong>\u00c7er\u00e7eve \u0130letme H\u0131z\u0131*<\/strong><\/td>\n<td>29,8 Mp\/sn<\/td>\n<td>29,8 Mp\/sn<\/td>\n<td>29,8 Mp\/sn<\/td>\n<\/tr>\n<tr class=\"row-header\">\n<td colspan=\"4\">Fiziksel<\/td>\n<\/tr>\n<tr>\n<td><strong>Boyutlar<\/strong><\/td>\n<td>1 RU \/ 1,75 in\u00e7 (4,45 cm) Y<br \/>\n8,43 in\u00e7 (21,41 cm) G<br \/>\n7,63 in\u00e7 (19,38 cm) D<\/td>\n<td>1 RU \/ 1,71 in\u00e7 (4,38 cm) Y<br \/>\n8,27 in\u00e7 (21,20 cm) G<br \/>\n7,68 in\u00e7 (19,70 cm) D<\/td>\n<td>1 RU \/ 1,71 in\u00e7 (4,38 cm) Y<br \/>\n8,27 in\u00e7 (21,20 cm) G<br \/>\n7,68 in\u00e7 (19,70 cm) D<\/td>\n<\/tr>\n<tr>\n<td><strong>A\u011f\u0131rl\u0131k<\/strong><\/td>\n<td>2,9 lb (1,32 kg)<\/td>\n<td>3,13 lb (1,41 kg)<\/td>\n<td>3,25 lb (1,48 kg)<\/td>\n<\/tr>\n<tr class=\"row-header\">\n<td colspan=\"4\">\u00c7al\u0131\u015fma ko\u015fullar\u0131<\/td>\n<\/tr>\n<tr>\n<td><strong>\u00c7al\u0131\u015fma ko\u015fullar\u0131<\/strong><\/td>\n<td colspan=\"3\">0C ila 50C (32F ila 122F) @ 1000 metre<br \/>\n%10 ila %95 ba\u011f\u0131l nem, yo\u011fu\u015fmas\u0131z<br \/>\n0 ila 3.000 metre y\u00fckseklik<br \/>\n\u015eok (yar\u0131m sin\u00fcs): 30 m\/s2 (3G), 11 ms, 6 \u015fok<br \/>\nRastgele Titre\u015fim: 3 1,5 G rms&#8217;de 500 Hz&#8217;e kadar<\/td>\n<\/tr>\n<tr class=\"row-header\">\n<td colspan=\"4\">G\u00fc\u00e7 ve Is\u0131 Da\u011f\u0131l\u0131m\u0131<\/td>\n<\/tr>\n<tr>\n<td><strong>Minimum G\u00fc\u00e7 T\u00fcketimi (Watt)<\/strong><\/td>\n<td>7.2<\/td>\n<td>3.3<\/td>\n<td>7.6<\/td>\n<\/tr>\n<tr>\n<td><strong>Minimum Is\u0131 Da\u011f\u0131l\u0131m\u0131 (BTU\/saat)<\/strong><\/td>\n<td>24.6<\/td>\n<td>11.6<\/td>\n<td>25.9<\/td>\n<\/tr>\n<tr>\n<td><strong>Maksimum G\u00fc\u00e7 T\u00fcketimi (Watt)\u00a0<sup>1,2<\/sup><\/strong><\/td>\n<td>129.1<\/td>\n<td>7.0<\/td>\n<td>214.6<\/td>\n<\/tr>\n<tr>\n<td><strong>Maksimum Is\u0131 Da\u011f\u0131l\u0131m\u0131 (BTU\/saat)\u00a0<sup>1,2,3<\/sup><\/strong><\/td>\n<td>82.1<\/td>\n<td>23.8<\/td>\n<td>118.2<\/td>\n<\/tr>\n<tr class=\"row-header\">\n<td colspan=\"4\">PoE G\u00fc\u00e7 B\u00fct\u00e7esi<\/td>\n<\/tr>\n<tr>\n<td><strong>G\u00fc\u00e7 kayna\u011f\u0131<\/strong><\/td>\n<td>Yok<\/td>\n<td><\/td>\n<td>280W<\/td>\n<\/tr>\n<tr>\n<td><strong>Maksimum PoE B\u00fct\u00e7esi<\/strong><\/td>\n<td>105W\u00a0<sup>4<\/sup><\/td>\n<td><\/td>\n<td>180W<\/td>\n<\/tr>\n<\/tbody>\n<\/table>\n<p class=\"smallText\">* V300-8P-2T-W&#8217;deki 1 Gb uplink&#8217;ler yaln\u0131zca bak\u0131rd\u0131r (SFP de\u011fil)<br \/>\n<sup>1<\/sup>\u00a0T\u00fcm ba\u011flant\u0131 noktalar\u0131 maksimum PSU&#8217;larla %100 trafik<br \/>\n<sup>2<\/sup>\u00a0Anahtar arac\u0131l\u0131\u011f\u0131yla maksimum PoE y\u00fck\u00fcn\u00fc (W) i\u00e7erir<br \/>\n<sup>3<\/sup>\u00a0Harici elektronik y\u00fck arac\u0131l\u0131\u011f\u0131yla da\u011f\u0131t\u0131lan PoE y\u00fck \u0131s\u0131s\u0131n\u0131 i\u00e7ermez<br \/>\n<sup>4<\/sup>\u00a0V300-8P-2T-W&#8217;de 2 x 90 W PoE giri\u015f ba\u011flant\u0131s\u0131 \u00fczerinden g\u00fc\u00e7 \u00e7ekerken uygulanan maksimum PoE G\u00fcc\u00fc.\u00a0Belirli PoE uplink yap\u0131land\u0131rmalar\u0131 ve ilgili PoE b\u00fct\u00e7e numaralar\u0131 i\u00e7in a\u015fa\u011f\u0131daki V300-8P-2T-W i\u00e7in PoE G\u00fc\u00e7 B\u00fct\u00e7e De\u011ferleri tablosuna bak\u0131n.<\/p>\n<p>&nbsp;<\/p>\n<div class=\"container-fluid\">\n<div class=\"row\">\n<div class=\"col-sm-6\">\n<h3>\u00c7evresel uyum<\/h3>\n<ul>\n<li>AB RoHS: 2011\/65\/AB<\/li>\n<li>AB WEEE: 2012\/19\/AB<\/li>\n<li>\u00c7in RoHS: SJ\/T 11363-2006<\/li>\n<li>Tayvan RoHS: CNS 15663 (2013.7)<\/li>\n<\/ul>\n<h3>Paketleme ve Depolama \u00d6zellikleri<\/h3>\n<ul>\n<li>S\u0131cakl\u0131k: -40\u00b0 C ila 70\u00b0 C (-40\u00b0 F ila 158\u00b0 F)<\/li>\n<li>Nem: %10 &#8211; %95 ba\u011f\u0131l nem, yo\u011fu\u015fmas\u0131z<\/li>\n<li>Paketlenmi\u015f \u015eok (yar\u0131m sin\u00fcs): 180 m\/s2 (18 G), 6 ms, 600 \u015fok<\/li>\n<li>Paketlenmi\u015f Titre\u015fim: 5 mm\/s h\u0131z\u0131nda 5 &#8211; 62 Hz, 0,2 G&#8217;de 62 &#8211; 500 Hz<\/li>\n<li>Paketlenmi\u015f Rastgele Titre\u015fim: 1,0 ASD&#8217;de 5 ila 20 Hz, \u20133 dB\/oct.\u00a020 ila 200 Hz aras\u0131<\/li>\n<li>Paketlenmi\u015f D\u00fc\u015fme Y\u00fcksekli\u011fi: 42 in\u00e7te yanlardan ve k\u00f6\u015felerden minimum 14 damla (&lt;15 kg kutu)<\/li>\n<li>IEC 60068-2-2 s\u0131n\u0131f s3 (nakliye ko\u015fullar\u0131)<\/li>\n<li>IEC 60255-21-1<\/li>\n<li>IEC 60255-21-2<\/li>\n<\/ul>\n<h3>Mevzuat ve G\u00fcvenlik<\/h3>\n<ul>\n<li>Kuzey Amerika ITE\n<ul>\n<li>UL 60950-12. bask\u0131 A2:2014, Listelenen Cihaz (ABD)<\/li>\n<li>CSA 22.2 No. 60950-12. Bask\u0131 20 14(Kanada)<\/li>\n<li>UL\/CuL 62368-1<\/li>\n<li>FCC 21CFR 1040.10 (ABD Lazer G\u00fcvenli\u011fi) ile uyumludur<\/li>\n<li>CDRH Onay Mektubu (ABD FDA Onay\u0131)<\/li>\n<\/ul>\n<\/li>\n<li>Avrupa ITE\n<ul>\n<li>EN 60950 2. Bask\u0131<\/li>\n<li>EN 62368-1<\/li>\n<li>EN 60825 S\u0131n\u0131f 1 (Lazer G\u00fcvenli\u011fi)<\/li>\n<li>2014\/35\/AB Al\u00e7ak Gerilim Direktifi<\/li>\n<\/ul>\n<\/li>\n<li>Uluslararas\u0131 ITE\n<ul>\n<li>IEC 60950-1&#8217;e g\u00f6re CB Raporu ve Sertifikas\u0131 + Ulusal Farkl\u0131l\u0131klar<\/li>\n<li>IEC 62368-1<\/li>\n<li>AS\/NZS 60950-1(Avustralya \/ Yeni Zelanda)<\/li>\n<\/ul>\n<\/li>\n<\/ul>\n<\/div>\n<div class=\"col-sm-6\">\n<h3>EMI\/EMC Standartlar\u0131<\/h3>\n<ul>\n<li>ITE i\u00e7in Kuzey Amerika EMC&#8217;si\n<ul>\n<li>FCC CFR 47 b\u00f6l\u00fcm 15 S\u0131n\u0131f A (ABD)<\/li>\n<li>ICES-003 S\u0131n\u0131f A (Kanada)<\/li>\n<\/ul>\n<\/li>\n<li>Avrupa EMC Standartlar\u0131\n<ul>\n<li>EN 55032: S\u0131n\u0131f A<\/li>\n<li>EN 55024<\/li>\n<li>EN 55011<\/li>\n<li>EN 61000-3-2: 2014 (Harmonikler)<\/li>\n<li>EN 61000-3-3: 2013 (Titreme)<\/li>\n<li>EN 300 386 (EMC Telekom\u00fcnikasyon)<\/li>\n<li>2014\/30\/AB EMC Direktifi<\/li>\n<\/ul>\n<\/li>\n<li>Uluslararas\u0131 EMC Sertifikalar\u0131\n<ul>\n<li>CISPR 22 S\u0131n\u0131f A (Uluslararas\u0131 Emisyonlar)<\/li>\n<li>AS\/NZS CISPR32<\/li>\n<li>CISPR 24: A S\u0131n\u0131f\u0131 (Uluslararas\u0131 Ba\u011f\u0131\u015f\u0131kl\u0131k)<\/li>\n<li>IEC 61000-4-2\/EN 61000-4-2: Elektrostatik De\u015farj, 6kV Kontak, 8 kV Hava, Kriter B<\/li>\n<li>IEC 61000-4-3\/EN 61000-4-3 Yay\u0131lan Ba\u011f\u0131\u015f\u0131kl\u0131k 10V\/m, Kriter A<\/li>\n<li>IEC 61000-4-4\/EN 61000-4-4 Ge\u00e7ici Patlama, 2 kV, Kriter B<\/li>\n<li>IEC 61000-4-5\/EN 61000-4-5 Dalgalanma, 1 kV LL, 2 kV LG, Seviye 3, Kriter B<\/li>\n<li>IEC 61000-4-6\/EN 61000-4-6 \u0130letilen Ba\u011f\u0131\u015f\u0131kl\u0131k, 0,15-80 MHz, 7Vrms, %80 AM (1kHz) Kriter A<\/li>\n<li>IEC\/ EN 61000-4-11:2004 G\u00fc\u00e7 D\u00fc\u015f\u00fc\u015fleri ve Kesintileri, &gt;%30, 25 d\u00f6nem, Kriter C<\/li>\n<\/ul>\n<\/li>\n<\/ul>\n<h3>\u00dclkeye \u00d6zel<\/h3>\n<ul>\n<li>VCCI S\u0131n\u0131f A (Japonya Emisyonlar\u0131)<\/li>\n<li>ACMA RCM (Avustralya Emisyonlar\u0131)<\/li>\n<li>CCC \u0130\u015fareti<\/li>\n<li>KCC \u0130\u015fareti, EMC Onay\u0131 (Kore)<\/li>\n<li>BSMI (Tayvan)<\/li>\n<li>Anatel (Brezilya)<\/li>\n<li>NRCS LoA (G\u00fcney Afrika)<\/li>\n<\/ul>\n<\/div>\n<\/div>\n<\/div>\n\n\t\t<\/div>\n\t<\/div>\n<\/div><\/div><div class=\"vc_tta-panel\" id=\"1692870288907-71ca261f-ad7d\" data-vc-content=\".vc_tta-panel-body\"><div class=\"vc_tta-panel-heading\"><h4 class=\"vc_tta-panel-title\"><a href=\"#1692870288907-71ca261f-ad7d\" data-vc-accordion data-vc-container=\".vc_tta-container\"><span class=\"vc_tta-title-text\">Genel \u00d6zellikler<\/span><\/a><\/h4><\/div><div class=\"vc_tta-panel-body\">\n\t<div class=\"wpb_text_column wpb_content_element\" >\n\t\t<div class=\"wpb_wrapper\">\n\t\t\t<h3>Merkezi Y\u00f6netim ve Kontrol<\/h3>\n<p>IEEE 802.1BR spesifikasyonunu temel alan V300 Serisi kontrol ve veri d\u00fczlemi teknolojisi, merkezi bir EXOS toplama anahtar\u0131ndan merkezi y\u00f6netime ve ak\u0131ll\u0131 hizmet sunumuna olanak tan\u0131r.\u00a0Bu, EXOS toplama anahtar\u0131n\u0131n V300 Serisi cihazlar i\u00e7in tek bir yap\u0131land\u0131rma ve kontrol noktas\u0131 olarak hareket etmesini sa\u011flayarak karma\u015f\u0131kl\u0131\u011f\u0131 ve i\u015fletim maliyetini azaltabilir (bkz. \u015eekil 1).<\/p>\n<p class=\"text-center\"><img loading=\"lazy\" decoding=\"async\" class=\"img-responsive center-block\" src=\"https:\/\/www.netsolutionstore.com\/images\/ExtremeSwitching\/V300\/V300-diagram.png\" alt=\"\u015eekil 1: V300, Extreme'nin Geni\u015fletilmi\u015f Kenar Anahtarlama \u00e7\u00f6z\u00fcm\u00fcn\u00fcn u\u00e7 bile\u015fenidir\" width=\"800\" height=\"362\" \/><br \/>\n\u015eekil 1: V300, Extreme&#8217;nin Geni\u015fletilmi\u015f Kenar Anahtarlama \u00e7\u00f6z\u00fcm\u00fcn\u00fcn u\u00e7 bile\u015fenidir<\/p>\n<h3>Tak ve \u00c7al\u0131\u015ft\u0131r Kurulumu<\/h3>\n<p>V300 Serisi \u00fcniteler tak ve \u00e7al\u0131\u015ft\u0131r y\u00f6ntemiyle h\u0131zl\u0131 bir \u015fekilde kurulabilir.\u00a0\u00dcnite ExtremeXOS toplama anahtar\u0131na fiziksel olarak ba\u011fland\u0131ktan sonra V300 otomatik olarak kendisini tan\u0131mlar ve yap\u0131land\u0131rmas\u0131n\u0131 indirir.\u00a0V300 cihaz\u0131n\u0131n veya ba\u011flant\u0131 noktalar\u0131n\u0131n kurulumu i\u00e7in yerel bir konsol ba\u011flaman\u0131za gerek yoktur.<\/p>\n<h3>Farkl\u0131 Kullan\u0131m Durumlar\u0131 i\u00e7in \u00c7e\u015fitli Modeller<\/h3>\n<p>V300 Serisi, \u00e7e\u015fitli kullan\u0131m senaryolar\u0131na ve da\u011f\u0131t\u0131m senaryolar\u0131na y\u00f6nelik 5 model \u00e7e\u015fidiyle mevcuttur.\u00a0Modeller \u015funlar\u0131 i\u00e7erir:<\/p>\n<ul>\n<li><strong>V300-8T-2X:<\/strong>\u00a02 x 1\/10 Gb SFP+ uplink ile 8 x 10\/100\/1000-BaseT<\/li>\n<li><strong>V300-8P-2X:<\/strong>\u00a030W PoE ve 2 x 1\/10Gb SFP+ uplink ile 8 x 10\/100\/1000BaseT<\/li>\n<li><strong>V300HT-8T-2X:<\/strong>\u00a02 x 1\/10Gb SFP+ uplink ile 8 x 10\/100\/1000-BaseT (-40C ile +70C aras\u0131nda \u00e7al\u0131\u015facak \u015fekilde tasarlanm\u0131\u015f \u00e7evresel olarak g\u00fc\u00e7lendirilmi\u015f \u00fcnite)<\/li>\n<li><strong>V300HT-8P-2X:<\/strong>\u00a030W PoE ve 2 x 1\/10Gb SFP+ uplink ile 8 x 10\/100\/1000BaseT (-40C ile +70C aras\u0131nda \u00e7al\u0131\u015facak \u015fekilde tasarlanm\u0131\u015f \u00e7evresel olarak g\u00fc\u00e7lendirilmi\u015f \u00fcnite)<\/li>\n<li><strong>V300-8P-2T-W:<\/strong>\u00a02 x 1Gb Tip 4 30\/60\/90W uplink ile 8 x 10\/100\/1000BaseT 30W PoE eri\u015fimi<\/li>\n<\/ul>\n<p>Her V300 \u00fcnitesinin \u00f6n y\u00fcz\u00fcndeki 1G ve\/veya 10G yukar\u0131 ba\u011flant\u0131 ba\u011flant\u0131 noktalar\u0131, yukar\u0131 ba\u011flant\u0131, kademeli veya halka ba\u011flant\u0131 noktalar\u0131 olarak sa\u011flanarak y\u00f6neticilere di\u011fer V300 birimlerine yedek ba\u011flant\u0131lar veya a\u015fa\u011f\u0131 ak\u0131\u015f kademeli\/halka ba\u011flant\u0131 noktalar\u0131 olu\u015fturma se\u00e7ene\u011fi sunulur.<\/p>\n<h3>\u00c7evresel Olarak Sertle\u015ftirilmi\u015f \u00dcniteler<\/h3>\n<p>V300 Serisi ayr\u0131ca -40C&#8217;den 70C&#8217;ye kadar geni\u015f s\u0131cakl\u0131k aral\u0131klar\u0131nda \u00e7al\u0131\u015fabilen V300HT modellerini de i\u00e7erir.\u00a0V300HT modelleri ayr\u0131ca genellikle ak\u0131ll\u0131 \u015fehirlerde, end\u00fcstride ve ula\u015f\u0131mda kullan\u0131lan \u00e7evresel a\u00e7\u0131dan g\u00fc\u00e7lendirilmi\u015f anahtarlara y\u00f6nelik geli\u015fmi\u015f \u00e7evre, g\u00fcvenlik ve mevzuat uyumlulu\u011fu gereksinimlerini de kar\u015f\u0131lar.<\/p>\n<h3>Ethernet \u00dczerinden G\u00fc\u00e7 Deste\u011fi<\/h3>\n<p>V300 Serisi anahtarlar, g\u00fcn\u00fcm\u00fczde standartlara uygun PoE cihazlar\u0131n\u0131n ba\u011flant\u0131s\u0131n\u0131 sa\u011flamak i\u00e7in hem IEEE 802.3at PoE+ hem de IEEE 802.3af PoE&#8217;yi destekler.\u00a0V300-8P-2X modeli, 8 eri\u015fim ba\u011flant\u0131 noktas\u0131nda 180 W&#8217;a kadar PoE g\u00fcc\u00fc sa\u011flar ve V300HT-8P-2X modeli, 70C&#8217;de \u00e7al\u0131\u015f\u0131rken 160 W&#8217;a kadar PoE g\u00fcc\u00fc sa\u011flar.<\/p>\n<h3>Yukar\u0131 Ak\u0131\u015f EXOS Toplama Anahtar\u0131ndan PoE G\u00fcc\u00fc<\/h3>\n<p>Standart PoE modellerine ek olarak V300 Serisi, bir PoE ge\u00e7i\u015f modeli olan V300-8P2T-W&#8217;yi i\u00e7erir.\u00a0Bu model, gerekli t\u00fcm g\u00fcc\u00fcn\u00fc, iki Ethernet IEEE 802.3bt Tip 4 (30W\/60W\/90W) ba\u011flant\u0131s\u0131ndan herhangi biri \u00fczerinden yukar\u0131 ak\u0131\u015fl\u0131 bir EXOS toplama anahtar\u0131ndan al\u0131r.\u00a0Bu, ayr\u0131 bir g\u00fc\u00e7 kayna\u011f\u0131 \u00fcnitesine olan ihtiyac\u0131 ortadan kald\u0131r\u0131rken ayn\u0131 zamanda a\u015fa\u011f\u0131 y\u00f6nde PoE g\u00fcc\u00fcn\u00fcn sa\u011flanmas\u0131na da olanak tan\u0131r.\u00a0X435-8P2T-W, her iki 90W uplink \u00fczerinden g\u00fc\u00e7 \u00e7ekerek 105W&#8217;a kadar a\u015fa\u011f\u0131 ak\u0131\u015f PoE g\u00fcc\u00fc sa\u011flayabilir.<\/p>\n<h3>ExtremeXOS Toplama Anahtar\u0131na Ba\u011flant\u0131<\/h3>\n<p>V300 Serisi anahtarlar, a\u011f\u0131n toplama katman\u0131nda veya \u00e7ekirde\u011finde desteklenen ExtremeXOS Serisi anahtarlarla birlikte \u00e7al\u0131\u015facak \u015fekilde tasarlanm\u0131\u015ft\u0131r.\u00a0V300 anahtarlar\u0131, yedeklilik ve uplink bant geni\u015fli\u011fi i\u00e7in desteklenen bir veya daha fazla ExtremeXOS sistemine tekli veya \u00e7iftli olarak ba\u011flanabilir; V300-8P-2T-W durumunda ise ek g\u00fc\u00e7 t\u00fcketimi i\u00e7in.<\/p>\n<h3>Kenar Esnekli\u011fi i\u00e7in Halka Deste\u011fi<\/h3>\n<p>Kademeli V300 cihazlar\u0131 ayr\u0131ca daha fazla esneklik i\u00e7in halka tasar\u0131m\u0131nda da yap\u0131land\u0131r\u0131labilir.\u00a0Bir halkada, bir kademedeki ilk ve son V300 cihazlar\u0131 EXOS toplama anahtar\u0131na ba\u011flanabilir.\u00a0Halkadaki herhangi bir V300 cihaz\u0131n\u0131n ar\u0131zalanmas\u0131 durumunda trafik, halka \u00fczerinden di\u011fer y\u00f6nde EXOS toplama anahtar\u0131na yeniden y\u00f6nlendirilebilir.<\/p>\n\n\t\t<\/div>\n\t<\/div>\n<\/div><\/div><div class=\"vc_tta-panel\" id=\"1692870355708-af0c3d79-86cf\" data-vc-content=\".vc_tta-panel-body\"><div class=\"vc_tta-panel-heading\"><h4 class=\"vc_tta-panel-title\"><a href=\"#1692870355708-af0c3d79-86cf\" data-vc-accordion data-vc-container=\".vc_tta-container\"><span class=\"vc_tta-title-text\">D\u00f6k\u00fcmanlar<\/span><\/a><\/h4><\/div><div class=\"vc_tta-panel-body\">\n\t<div class=\"wpb_text_column wpb_content_element\" >\n\t\t<div class=\"wpb_wrapper\">\n\t\t\t<p><a href=\"https:\/\/www.widetech.com.tr\/wp-content\/uploads\/2023\/09\/V300-8T-2X-Edge-Switch-Data-Sheet.pdf\">V300HT-8T-2X Edge High &#8211; Temperature Edge Switch<\/a><a href=\"https:\/\/www.widetech.com.tr\/wp-content\/uploads\/2023\/09\/V300-8T-2X-Edge-Switch-Data-Sheet.pdf\">Data-Sheet<\/a><\/p>\n<h1><\/h1>\n\n\t\t<\/div>\n\t<\/div>\n<\/div><\/div><\/div><\/div><\/div><\/div><\/div><\/div><\/div><\/div><\/div>\n<\/section>","protected":false},"excerpt":{"rendered":"V300HT-8T-2X High-Temperature Edge Switch \u00dcr\u00fcn kodu:V300HT-8T-2X Teklif Al\u00dcr\u00fcn A\u00e7\u0131klamas\u0131Teknik \u00d6zelliklerGenel \u00d6zelliklerD\u00f6k\u00fcmanlar\u00dcr\u00fcn A\u00e7\u0131klamas\u0131 ExtremeSwitching V300 Serisi, s\u00fcrekli \u00e7al\u0131\u015fma s\u00fcresi, geli\u015fmi\u015f hizmetler ve operasyonel verimlilik sa\u011flayan olduk\u00e7a dayan\u0131kl\u0131 bir i\u015fletim sistemi olan Extreme Networks ExtremeXOS (EXOS) yaz\u0131l\u0131m\u0131 taraf\u0131ndan y\u00f6netilen kompakt, uygun maliyetli u\u00e7 anahtarlard\u0131r. Extreme'nin Geni\u015fletilmi\u015f Kenar Anahtarlama \u00e7\u00f6z\u00fcm\u00fcn\u00fcn u\u00e7 bile\u015feni olan V300 Serisi, uzak bir EXOS [...]","protected":false},"author":1,"featured_media":0,"parent":0,"menu_order":0,"comment_status":"closed","ping_status":"closed","template":"tmpl\/template-fullwidth.php","meta":{"om_disable_all_campaigns":false,"_monsterinsights_skip_tracking":false,"_monsterinsights_sitenote_active":false,"_monsterinsights_sitenote_note":"","_monsterinsights_sitenote_category":0,"footnotes":""},"acf":[],"aioseo_notices":[],"_links":{"self":[{"href":"https:\/\/www.widetech.com.tr\/en\/wp-json\/wp\/v2\/pages\/2940"}],"collection":[{"href":"https:\/\/www.widetech.com.tr\/en\/wp-json\/wp\/v2\/pages"}],"about":[{"href":"https:\/\/www.widetech.com.tr\/en\/wp-json\/wp\/v2\/types\/page"}],"author":[{"embeddable":true,"href":"https:\/\/www.widetech.com.tr\/en\/wp-json\/wp\/v2\/users\/1"}],"replies":[{"embeddable":true,"href":"https:\/\/www.widetech.com.tr\/en\/wp-json\/wp\/v2\/comments?post=2940"}],"version-history":[{"count":1,"href":"https:\/\/www.widetech.com.tr\/en\/wp-json\/wp\/v2\/pages\/2940\/revisions"}],"predecessor-version":[{"id":2941,"href":"https:\/\/www.widetech.com.tr\/en\/wp-json\/wp\/v2\/pages\/2940\/revisions\/2941"}],"wp:attachment":[{"href":"https:\/\/www.widetech.com.tr\/en\/wp-json\/wp\/v2\/media?parent=2940"}],"curies":[{"name":"wp","href":"https:\/\/api.w.org\/{rel}","templated":true}]}}