{"id":4852,"date":"2023-10-02T10:29:08","date_gmt":"2023-10-02T07:29:08","guid":{"rendered":"https:\/\/www.widetech.com.tr\/?page_id=4852"},"modified":"2023-10-02T10:29:08","modified_gmt":"2023-10-02T07:29:08","slug":"12-port-fiber-patch-panel-om4-sc-dublex-1u","status":"publish","type":"page","link":"https:\/\/www.widetech.com.tr\/en\/12-port-fiber-patch-panel-om4-sc-dublex-1u\/","title":{"rendered":"12 Port Fiber Patch Panel OM4 SC Dublex 1u"},"content":{"rendered":"<section class=\"wpb-content-wrapper\"><div style=\"\" class=\"vc_row wpb_row vc_row-fluid\"><div class=\"row-inner\"><div class=\"wpb_column vc_column_container vc_col-sm-6\"><div class=\"vc_column-inner\"><div class=\"wpb_wrapper\"><div class=\"vc_empty_space\"   style=\"height: 32px\"><span class=\"vc_empty_space_inner\"><\/span><\/div><div class=\"wpb_gallery wpb_content_element vc_clearfix\" ><div class=\"wpb_wrapper\"><div class=\"wpb_gallery_slides wpb_flexslider flexslider_fade flexslider\" data-interval=\"3\" data-flex_fx=\"fade\"><ul class=\"slides\"><li><a href=\"https:\/\/www.widetech.com.tr\/wp-content\/uploads\/2023\/10\/760254440-1.jpeg\" target=\"_self\"><img loading=\"lazy\" decoding=\"async\" width=\"300\" height=\"226\" src=\"https:\/\/www.widetech.com.tr\/wp-content\/uploads\/2023\/10\/760254440-1-300x226.jpeg\" class=\"attachment-medium\" alt=\"\" title=\"760254440 1\" srcset=\"https:\/\/www.widetech.com.tr\/wp-content\/uploads\/2023\/10\/760254440-1-300x226.jpeg 300w, https:\/\/www.widetech.com.tr\/wp-content\/uploads\/2023\/10\/760254440-1-768x578.jpeg 768w, https:\/\/www.widetech.com.tr\/wp-content\/uploads\/2023\/10\/760254440-1.jpeg 837w\" sizes=\"(max-width: 300px) 100vw, 300px\" \/><\/a><\/li><li><a href=\"https:\/\/www.widetech.com.tr\/wp-content\/uploads\/2023\/10\/760254440-2.jpeg\" target=\"_self\"><img loading=\"lazy\" decoding=\"async\" width=\"300\" height=\"226\" src=\"https:\/\/www.widetech.com.tr\/wp-content\/uploads\/2023\/10\/760254440-2-300x226.jpeg\" class=\"attachment-medium\" alt=\"\" title=\"760254440 2\" srcset=\"https:\/\/www.widetech.com.tr\/wp-content\/uploads\/2023\/10\/760254440-2-300x226.jpeg 300w, https:\/\/www.widetech.com.tr\/wp-content\/uploads\/2023\/10\/760254440-2-768x578.jpeg 768w, https:\/\/www.widetech.com.tr\/wp-content\/uploads\/2023\/10\/760254440-2.jpeg 837w\" sizes=\"(max-width: 300px) 100vw, 300px\" \/><\/a><\/li><li><a href=\"https:\/\/www.widetech.com.tr\/wp-content\/uploads\/2023\/10\/760254440-3.jpeg\" target=\"_self\"><img loading=\"lazy\" decoding=\"async\" width=\"300\" height=\"226\" src=\"https:\/\/www.widetech.com.tr\/wp-content\/uploads\/2023\/10\/760254440-3-300x226.jpeg\" class=\"attachment-medium\" alt=\"\" title=\"760254440 3\" srcset=\"https:\/\/www.widetech.com.tr\/wp-content\/uploads\/2023\/10\/760254440-3-300x226.jpeg 300w, https:\/\/www.widetech.com.tr\/wp-content\/uploads\/2023\/10\/760254440-3-768x578.jpeg 768w, https:\/\/www.widetech.com.tr\/wp-content\/uploads\/2023\/10\/760254440-3.jpeg 837w\" sizes=\"(max-width: 300px) 100vw, 300px\" \/><\/a><\/li><\/ul><\/div><\/div><\/div><\/div><\/div><\/div><div class=\"wpb_column vc_column_container vc_col-sm-6\"><div class=\"vc_column-inner\"><div class=\"wpb_wrapper\">\n\t<div class=\"wpb_text_column wpb_content_element\" >\n\t\t<div class=\"wpb_wrapper\">\n\t\t\t<h1 class=\"heading-title box-headingRez\">12 Port Fiber Patch Panel OM4 SC Dublex 1u<\/h1>\n\n\t\t<\/div>\n\t<\/div>\n\n\t<div class=\"wpb_text_column wpb_content_element\" >\n\t\t<div class=\"wpb_wrapper\">\n\t\t\t<h4>\u00dcr\u00fcn kodu:760254440<\/h4>\n\n\t\t<\/div>\n\t<\/div>\n<div class=\"vc_empty_space\"   style=\"height: 32px\"><span class=\"vc_empty_space_inner\"><\/span><\/div><div class=\"vc_btn3-container vc_btn3-inline\" ><button class=\"vc_general vc_btn3 vc_btn3-size-md vc_btn3-shape-rounded vc_btn3-style-modern vc_btn3-color-danger\">Teklif Al<\/button><\/div><\/div><\/div><\/div><\/div><\/div><div style=\"\" class=\"vc_row wpb_row vc_row-fluid\"><div class=\"row-inner\"><div class=\"wpb_column vc_column_container vc_col-sm-3\"><div class=\"vc_column-inner\"><div class=\"wpb_wrapper\"><div class=\"vc_empty_space\"   style=\"height: 32px\"><span class=\"vc_empty_space_inner\"><\/span><\/div><\/div><\/div><\/div><div class=\"wpb_column vc_column_container vc_col-sm-3\"><div class=\"vc_column-inner\"><div class=\"wpb_wrapper\"><div class=\"vc_empty_space\"   style=\"height: 32px\"><span class=\"vc_empty_space_inner\"><\/span><\/div><\/div><\/div><\/div><div class=\"wpb_column vc_column_container vc_col-sm-3\"><div class=\"vc_column-inner\"><div class=\"wpb_wrapper\"><div class=\"vc_empty_space\"   style=\"height: 32px\"><span class=\"vc_empty_space_inner\"><\/span><\/div><\/div><\/div><\/div><div class=\"wpb_column vc_column_container vc_col-sm-3\"><div class=\"vc_column-inner\"><div class=\"wpb_wrapper\"><div class=\"vc_empty_space\"   style=\"height: 32px\"><span class=\"vc_empty_space_inner\"><\/span><\/div><\/div><\/div><\/div><\/div><\/div><div style=\"\" class=\"vc_row wpb_row vc_row-fluid\"><div class=\"row-inner\"><div class=\"wpb_column vc_column_container vc_col-sm-12\"><div class=\"vc_column-inner\"><div class=\"wpb_wrapper\"><div class=\"vc_tta-container\" data-vc-action=\"collapse\"><div class=\"vc_general vc_tta vc_tta-tabs vc_tta-color-grey vc_tta-style-classic vc_tta-shape-rounded vc_tta-spacing-1 vc_tta-tabs-position-top vc_tta-controls-align-left\"><div class=\"vc_tta-tabs-container\"><ul class=\"vc_tta-tabs-list\"><li class=\"vc_tta-tab vc_active\" data-vc-tab><a href=\"#1692870200808-29f2690b-4a23\" data-vc-tabs data-vc-container=\".vc_tta\"><span class=\"vc_tta-title-text\">\u00dcr\u00fcn \u00d6zellikler<\/span><\/a><\/li><li class=\"vc_tta-tab\" data-vc-tab><a href=\"#1692870355708-af0c3d79-86cf\" data-vc-tabs data-vc-container=\".vc_tta\"><span class=\"vc_tta-title-text\">D\u00f6k\u00fcmanlar<\/span><\/a><\/li><\/ul><\/div><div class=\"vc_tta-panels-container\"><div class=\"vc_tta-panels\"><div class=\"vc_tta-panel vc_active\" id=\"1692870200808-29f2690b-4a23\" data-vc-content=\".vc_tta-panel-body\"><div class=\"vc_tta-panel-heading\"><h4 class=\"vc_tta-panel-title\"><a href=\"#1692870200808-29f2690b-4a23\" data-vc-accordion data-vc-container=\".vc_tta-container\"><span class=\"vc_tta-title-text\">\u00dcr\u00fcn \u00d6zellikler<\/span><\/a><\/h4><\/div><div class=\"vc_tta-panel-body\">\n\t<div class=\"wpb_text_column wpb_content_element\" >\n\t\t<div class=\"wpb_wrapper\">\n\t\t\t<div class=\"property_single\">\n<div class=\"property_single\">\n<div class=\"property_single\">\n<div class=\"property_single\">\n<div class=\"property_single\">\n<div class=\"property_title\">\n<div class=\"property_single\">\n<div class=\"main\">\n<div class=\"detail\">\n<div class=\"detail_content\">\n<div class=\"detail_tab_content\">\n<div id=\"tab_conn1\" class=\"tab_conn tab_conn_active\">\n<div class=\"property_single\">\n<div class=\"property_single\">\n<div class=\"property_single\">\n<div class=\"property_title\">\n<div class=\"property_title\">\n<div class=\"section-title\" data-toggle=\"collapse\" data-target=\"#specificationsDesk\" aria-expanded=\"true\" aria-controls=\"specificationsDesk\">\n<div class=\"section-title\" data-toggle=\"collapse\" data-target=\"#specificationsDesk\" aria-expanded=\"true\" aria-controls=\"specificationsDesk\">\n<h2 class=\"heading-title\">Genel \u00d6zellikler<\/h2>\n<div class=\"table-responsive\">\n<table class=\"table\">\n<tbody>\n<tr class=\"freeze-row\">\n<td class=\"bkg-blue-gray freeze-column desktop\">\u0130\u015flevsellik<\/td>\n<td>Yama |\u00a0Ekleme<\/td>\n<\/tr>\n<tr class=\"freeze-row\">\n<td class=\"bkg-blue-gray freeze-column desktop\">V\u00fccut sitili<\/td>\n<td>Simetrik<\/td>\n<\/tr>\n<tr class=\"freeze-row\">\n<td class=\"bkg-blue-gray freeze-column desktop\">Kablo \u00c7\u0131k\u0131\u015f Konumu<\/td>\n<td>Arka, sol taraf |\u00a0Arka, sa\u011f taraf<\/td>\n<\/tr>\n<tr class=\"freeze-row\">\n<td class=\"bkg-blue-gray freeze-column desktop\">Renk<\/td>\n<td>Siyah<\/td>\n<\/tr>\n<tr class=\"freeze-row\">\n<td class=\"bkg-blue-gray freeze-column desktop\">Renk, \u00f6n<\/td>\n<td>Siyah<\/td>\n<\/tr>\n<tr class=\"freeze-row\">\n<td class=\"bkg-blue-gray freeze-column desktop\">Aray\u00fcz, \u00f6n<\/td>\n<td>SC\/UPC<\/td>\n<\/tr>\n<tr class=\"freeze-row\">\n<td class=\"bkg-blue-gray freeze-column desktop\">Raf Tipi<\/td>\n<td>\u00c7ED 19&#8217;da<\/td>\n<\/tr>\n<tr class=\"freeze-row\">\n<td class=\"bkg-blue-gray freeze-column desktop\">Raf \u00dcniteleri<\/td>\n<td>1<\/td>\n<\/tr>\n<tr class=\"freeze-row\">\n<td class=\"bkg-blue-gray freeze-column desktop\">Raf Hareketi<\/td>\n<td>S\u00fcrg\u00fcl\u00fc<\/td>\n<\/tr>\n<tr class=\"freeze-row\">\n<td class=\"bkg-blue-gray freeze-column desktop\">Ekleme Tepsileri Dahil, miktar<\/td>\n<td>2<\/td>\n<\/tr>\n<tr class=\"freeze-row\">\n<td class=\"bkg-blue-gray freeze-column desktop\">Ekleme Tipi<\/td>\n<td>Is\u0131yla b\u00fcz\u00fc\u015fen, tek fiber f\u00fczyonu<\/td>\n<\/tr>\n<tr class=\"freeze-row\">\n<td class=\"bkg-blue-gray freeze-column desktop\">Toplam Ba\u011flant\u0131 Noktalar\u0131, miktar<\/td>\n<td>24<\/td>\n<\/tr>\n<\/tbody>\n<\/table>\n<\/div>\n<h2 class=\"heading-title\">Boyutlar<\/h2>\n<div class=\"table-responsive\">\n<table class=\"table\">\n<tbody>\n<tr class=\"freeze-row\">\n<td class=\"bkg-blue-gray freeze-column desktop\">Y\u00fckseklik<\/td>\n<td>44,45 mm |\u00a01,75 in\u00e7<\/td>\n<\/tr>\n<tr class=\"freeze-row\">\n<td class=\"bkg-blue-gray freeze-column desktop\">Geni\u015flik<\/td>\n<td>482,6 mm |\u00a019 in\u00e7<\/td>\n<\/tr>\n<tr class=\"freeze-row\">\n<td class=\"bkg-blue-gray freeze-column desktop\">Derinlik<\/td>\n<td>320mm |\u00a012.598 in\u00e7<\/td>\n<\/tr>\n<\/tbody>\n<\/table>\n<\/div>\n<h2 class=\"heading-title\">Malzeme \u00f6zellikleri<\/h2>\n<div class=\"table-responsive\">\n<table class=\"table\">\n<tbody>\n<tr class=\"freeze-row\">\n<td class=\"bkg-blue-gray freeze-column desktop\">Sona ermek<\/td>\n<td>Elektrostatik toz boyal\u0131<\/td>\n<\/tr>\n<tr class=\"freeze-row\">\n<td class=\"bkg-blue-gray freeze-column desktop\">Malzeme T\u00fcr\u00fc<\/td>\n<td>\u00c7elik<\/td>\n<\/tr>\n<\/tbody>\n<\/table>\n<\/div>\n<h2 class=\"heading-title\">Optik \u00d6zellikler<\/h2>\n<div class=\"table-responsive\">\n<table class=\"table\">\n<tbody>\n<tr class=\"freeze-row\">\n<td class=\"bkg-blue-gray freeze-column desktop\">Fiber Modu<\/td>\n<td>\u00c7ok modlu<\/td>\n<\/tr>\n<tr class=\"freeze-row\">\n<td class=\"bkg-blue-gray freeze-column desktop\">Elyaf Tipi<\/td>\n<td>OM4<\/td>\n<\/tr>\n<tr class=\"freeze-row\">\n<td class=\"bkg-blue-gray freeze-column desktop\">Ekleme Kayb\u0131, maksimum<\/td>\n<td>0,3 dB<\/td>\n<\/tr>\n<tr class=\"freeze-row\">\n<td class=\"bkg-blue-gray freeze-column desktop\">Geri D\u00f6n\u00fc\u015f Kayb\u0131, minimum<\/td>\n<td>27 dB<\/td>\n<\/tr>\n<\/tbody>\n<\/table>\n<\/div>\n<h2 class=\"heading-title\">Ambalaj ve A\u011f\u0131rl\u0131klar<\/h2>\n<div class=\"table-responsive\">\n<table class=\"table\">\n<tbody>\n<tr class=\"freeze-row\">\n<td class=\"bkg-blue-gray freeze-column desktop\">Dahil<\/td>\n<td>Montaj donan\u0131m\u0131<\/td>\n<\/tr>\n<tr class=\"freeze-row\">\n<td class=\"bkg-blue-gray freeze-column desktop\">Ambalaj miktar\u0131<\/td>\n<td>1<\/td>\n<\/tr>\n<\/tbody>\n<\/table>\n<\/div>\n<\/div>\n<\/div>\n<\/div>\n<\/div>\n<\/div>\n<\/div>\n<\/div>\n<\/div>\n<\/div>\n<\/div>\n<\/div>\n<\/div>\n<\/div>\n<\/div>\n<\/div>\n<\/div>\n<\/div>\n<\/div>\n<\/div>\n\n\t\t<\/div>\n\t<\/div>\n<\/div><\/div><div class=\"vc_tta-panel\" id=\"1692870355708-af0c3d79-86cf\" data-vc-content=\".vc_tta-panel-body\"><div class=\"vc_tta-panel-heading\"><h4 class=\"vc_tta-panel-title\"><a href=\"#1692870355708-af0c3d79-86cf\" data-vc-accordion data-vc-container=\".vc_tta-container\"><span class=\"vc_tta-title-text\">D\u00f6k\u00fcmanlar<\/span><\/a><\/h4><\/div><div class=\"vc_tta-panel-body\">\n\t<div class=\"wpb_text_column wpb_content_element\" >\n\t\t<div class=\"wpb_wrapper\">\n\t\t\t<h5><a href=\"https:\/\/www.widetech.com.tr\/wp-content\/uploads\/2023\/10\/12-Port-Fiber-Patch-Panel-OM4-SC-Dublex-1u-Data-Sheet.pdf\">12 Port Fiber Patch Panel OM4 SC Dublex 1u Data-Sheet<\/a><\/h5>\n\n\t\t<\/div>\n\t<\/div>\n<\/div><\/div><\/div><\/div><\/div><\/div><\/div><\/div><\/div><\/div><\/div>\n<\/section>","protected":false},"excerpt":{"rendered":"12 Port Fiber Patch Panel OM4 SC Dublex 1u \u00dcr\u00fcn kodu:760254440 Teklif Al\u00dcr\u00fcn \u00d6zelliklerD\u00f6k\u00fcmanlar\u00dcr\u00fcn \u00d6zellikler Genel \u00d6zellikler \u0130\u015flevsellik Yama |\u00a0Ekleme V\u00fccut sitili Simetrik Kablo \u00c7\u0131k\u0131\u015f Konumu Arka, sol taraf |\u00a0Arka, sa\u011f taraf Renk Siyah Renk, \u00f6n Siyah Aray\u00fcz, \u00f6n SC\/UPC Raf Tipi \u00c7ED 19'da Raf \u00dcniteleri 1 Raf Hareketi S\u00fcrg\u00fcl\u00fc Ekleme Tepsileri Dahil, miktar 2 [...]","protected":false},"author":1,"featured_media":0,"parent":0,"menu_order":0,"comment_status":"closed","ping_status":"closed","template":"tmpl\/template-fullwidth.php","meta":{"om_disable_all_campaigns":false,"_monsterinsights_skip_tracking":false,"_monsterinsights_sitenote_active":false,"_monsterinsights_sitenote_note":"","_monsterinsights_sitenote_category":0,"footnotes":""},"acf":[],"aioseo_notices":[],"_links":{"self":[{"href":"https:\/\/www.widetech.com.tr\/en\/wp-json\/wp\/v2\/pages\/4852"}],"collection":[{"href":"https:\/\/www.widetech.com.tr\/en\/wp-json\/wp\/v2\/pages"}],"about":[{"href":"https:\/\/www.widetech.com.tr\/en\/wp-json\/wp\/v2\/types\/page"}],"author":[{"embeddable":true,"href":"https:\/\/www.widetech.com.tr\/en\/wp-json\/wp\/v2\/users\/1"}],"replies":[{"embeddable":true,"href":"https:\/\/www.widetech.com.tr\/en\/wp-json\/wp\/v2\/comments?post=4852"}],"version-history":[{"count":2,"href":"https:\/\/www.widetech.com.tr\/en\/wp-json\/wp\/v2\/pages\/4852\/revisions"}],"predecessor-version":[{"id":5698,"href":"https:\/\/www.widetech.com.tr\/en\/wp-json\/wp\/v2\/pages\/4852\/revisions\/5698"}],"wp:attachment":[{"href":"https:\/\/www.widetech.com.tr\/en\/wp-json\/wp\/v2\/media?parent=4852"}],"curies":[{"name":"wp","href":"https:\/\/api.w.org\/{rel}","templated":true}]}}