{"id":6960,"date":"2025-07-02T15:19:14","date_gmt":"2025-07-02T12:19:14","guid":{"rendered":"https:\/\/www.widetech.com.tr\/?page_id=6960"},"modified":"2025-12-13T19:03:28","modified_gmt":"2025-12-13T16:03:28","slug":"dns-guvenligi","status":"publish","type":"page","link":"https:\/\/www.widetech.com.tr\/en\/veri-merkezi-ve-sistem-odasi-tasima-hizmeti\/veri-merkezi-cozumleri\/dns-guvenligi\/","title":{"rendered":"DNS G\u00fcvenli\u011fi"},"content":{"rendered":"<section class=\"wpb-content-wrapper\"><div style=\"background-position: center center !important;\" class=\"vc_row wpb_row vc_row-fluid vc_custom_1751534831143 vc_row-has-fill\"><div class=\"row-inner\"><\/p>\n<div class=\"wpb_column vc_column_container vc_col-sm-6\"><div class=\"vc_column-inner vc_custom_column\"><div class=\"wpb_wrapper\"><br \/>\n\n\t<div class=\"wpb_text_column wpb_content_element  vc_custom_text\" >\n\t\t<div class=\"wpb_wrapper\">\n\t\t\t<h2 style=\"margin-top: 0; margin-bottom: 30px; font-weight: bold; font-family:'Poppins',sans-serif;\">DNS G\u00dcVENL\u0130\u011e\u0130<\/h2>\n<p style=\"font-size: 16px; line-height: 1.6; font-weight: normal;\">\nKurumunuzun internet eri\u015fiminin temelini olu\u015fturan DNS altyap\u0131s\u0131n\u0131, siber sald\u0131r\u0131lara ve k\u00f6t\u00fc ama\u00e7l\u0131 y\u00f6nlendirmelere kar\u015f\u0131 koruyarak, kesintisiz ve g\u00fcvenli bir internet deneyimi sunuyoruz.<\/p>\n<p style=\"font-size: 16px; line-height: 1.6; font-weight: normal;\">\nDNS tabanl\u0131 tehditlere kar\u015f\u0131 geli\u015fmi\u015f koruma sa\u011flayan \u00e7\u00f6z\u00fcmlerimizle, hem kullan\u0131c\u0131lar\u0131n\u0131z\u0131 hem de sistemlerinizi g\u00fcvende tutuyoruz.<\/p>\n<p style=\"font-size: 16px; line-height: 1.6; font-weight: normal;\">\nSundu\u011fumuz ba\u015fl\u0131ca hizmetler:<\/p>\n<ul style=\"font-size: 16px; line-height: 1.8; font-weight: normal;\">\n<li>DNS DDoS Korumas\u0131<\/li>\n<li>DNS Tabanl\u0131 Tehdit Alg\u0131lama ve Engelleme<\/li>\n<li>DNS \u00c7\u00f6z\u00fcmleyici (Resolver) G\u00fcvenli\u011fi<\/li>\n<li>DNS Y\u00f6netimi ve \u0130zleme<\/li>\n<li>Etki Alan\u0131 (Domain) Koruma<\/li>\n<\/ul>\n<p style=\"font-size: 16px; line-height: 1.6; font-weight: normal;\">\nDNS altyap\u0131n\u0131z\u0131 g\u00fc\u00e7l\u00fc ve g\u00fcvenli hale getirerek internet eri\u015fiminizin s\u00fcreklili\u011fini sa\u011fl\u0131yoruz.<\/p>\n\n\t\t<\/div>\n\t<\/div>\n<br \/>\n<\/div><\/div><\/div>\n<div class=\"wpb_column vc_column_container vc_col-sm-6\"><div class=\"vc_column-inner\"><div class=\"wpb_wrapper\"><br \/>\n<img loading=\"lazy\" decoding=\"async\" src=\"https:\/\/www.widetech.com.tr\/wp-content\/uploads\/2025\/12\/Adsiz-tasarim-20.png\" alt=\"\" width=\"654\" height=\"440\" class=\"alignnone size-full wp-image-7702\" srcset=\"https:\/\/www.widetech.com.tr\/wp-content\/uploads\/2025\/12\/Adsiz-tasarim-20.png 654w, https:\/\/www.widetech.com.tr\/wp-content\/uploads\/2025\/12\/Adsiz-tasarim-20-300x202.png 300w, https:\/\/www.widetech.com.tr\/wp-content\/uploads\/2025\/12\/Adsiz-tasarim-20-18x12.png 18w\" sizes=\"(max-width: 654px) 100vw, 654px\" \/><br \/>\n<\/div><\/div><\/div>\n<p><\/div><\/div>\n<\/section>","protected":false},"excerpt":{"rendered":"DNS G\u00dcVENL\u0130\u011e\u0130 Kurumunuzun internet eri\u015fiminin temelini olu\u015fturan DNS altyap\u0131s\u0131n\u0131, siber sald\u0131r\u0131lara ve k\u00f6t\u00fc ama\u00e7l\u0131 y\u00f6nlendirmelere kar\u015f\u0131 koruyarak, kesintisiz ve g\u00fcvenli bir internet deneyimi sunuyoruz. DNS tabanl\u0131 tehditlere kar\u015f\u0131 geli\u015fmi\u015f koruma sa\u011flayan \u00e7\u00f6z\u00fcmlerimizle, hem kullan\u0131c\u0131lar\u0131n\u0131z\u0131 hem de sistemlerinizi g\u00fcvende tutuyoruz. Sundu\u011fumuz ba\u015fl\u0131ca hizmetler: DNS DDoS Korumas\u0131 DNS Tabanl\u0131 Tehdit Alg\u0131lama ve Engelleme DNS \u00c7\u00f6z\u00fcmleyici (Resolver) G\u00fcvenli\u011fi [...]","protected":false},"author":1,"featured_media":0,"parent":707,"menu_order":0,"comment_status":"closed","ping_status":"closed","template":"tmpl\/template-fullwidth.php","meta":{"om_disable_all_campaigns":false,"_monsterinsights_skip_tracking":false,"_monsterinsights_sitenote_active":false,"_monsterinsights_sitenote_note":"","_monsterinsights_sitenote_category":0,"footnotes":""},"acf":[],"aioseo_notices":[],"_links":{"self":[{"href":"https:\/\/www.widetech.com.tr\/en\/wp-json\/wp\/v2\/pages\/6960"}],"collection":[{"href":"https:\/\/www.widetech.com.tr\/en\/wp-json\/wp\/v2\/pages"}],"about":[{"href":"https:\/\/www.widetech.com.tr\/en\/wp-json\/wp\/v2\/types\/page"}],"author":[{"embeddable":true,"href":"https:\/\/www.widetech.com.tr\/en\/wp-json\/wp\/v2\/users\/1"}],"replies":[{"embeddable":true,"href":"https:\/\/www.widetech.com.tr\/en\/wp-json\/wp\/v2\/comments?post=6960"}],"version-history":[{"count":7,"href":"https:\/\/www.widetech.com.tr\/en\/wp-json\/wp\/v2\/pages\/6960\/revisions"}],"predecessor-version":[{"id":7703,"href":"https:\/\/www.widetech.com.tr\/en\/wp-json\/wp\/v2\/pages\/6960\/revisions\/7703"}],"up":[{"embeddable":true,"href":"https:\/\/www.widetech.com.tr\/en\/wp-json\/wp\/v2\/pages\/707"}],"wp:attachment":[{"href":"https:\/\/www.widetech.com.tr\/en\/wp-json\/wp\/v2\/media?parent=6960"}],"curies":[{"name":"wp","href":"https:\/\/api.w.org\/{rel}","templated":true}]}}