{"id":6973,"date":"2025-07-02T15:45:42","date_gmt":"2025-07-02T12:45:42","guid":{"rendered":"https:\/\/www.widetech.com.tr\/?page_id=6973"},"modified":"2025-12-13T19:14:02","modified_gmt":"2025-12-13T16:14:02","slug":"veri-sizinti-istihbarati","status":"publish","type":"page","link":"https:\/\/www.widetech.com.tr\/en\/veri-merkezi-ve-sistem-odasi-tasima-hizmeti\/veri-merkezi-cozumleri\/veri-sizinti-istihbarati\/","title":{"rendered":"Veri S\u0131z\u0131nt\u0131 \u0130stihbarat\u0131"},"content":{"rendered":"<section class=\"wpb-content-wrapper\"><div style=\"background-position: center center !important;\" class=\"vc_row wpb_row vc_row-fluid vc_custom_1751534831143 vc_row-has-fill\"><div class=\"row-inner\"><\/p>\n<div class=\"wpb_column vc_column_container vc_col-sm-6\"><div class=\"vc_column-inner vc_custom_column\"><div class=\"wpb_wrapper\"><br \/>\n\n\t<div class=\"wpb_text_column wpb_content_element  vc_custom_text\" >\n\t\t<div class=\"wpb_wrapper\">\n\t\t\t<h2 style=\"margin-top: 0; margin-bottom: 30px; font-weight: bold; font-family:'Poppins',sans-serif;\">VER\u0130 SIZINTI \u0130ST\u0130HBARATI<\/h2>\n<p style=\"font-size: 16px; line-height: 1.6; font-weight: normal;\">\nGer\u00e7ek zamanl\u0131 tehdit verilerini toplayan ve analiz eden platformlar\u0131 mevcut g\u00fcvenlik altyap\u0131n\u0131za entegre ederek, kurumsal savunma sistemlerinizi daha ak\u0131ll\u0131 ve proaktif hale getiriyoruz.<\/p>\n<p style=\"font-size: 16px; line-height: 1.6; font-weight: normal;\">\nAnl\u0131k tehdit bilgileri sayesinde h\u0131zl\u0131 aksiyon alabilir, geli\u015fen sald\u0131r\u0131 senaryolar\u0131na kar\u015f\u0131 \u00f6nceden \u00f6nlem alabilirsiniz.<\/p>\n<p style=\"font-size: 16px; line-height: 1.6; font-weight: normal;\">\nSundu\u011fumuz ba\u015fl\u0131ca hizmetler:<\/p>\n<ul style=\"font-size: 16px; line-height: 1.8; font-weight: normal;\">\n<li>Ger\u00e7ek Zamanl\u0131 Tehdit Beslemeleri<\/li>\n<li>G\u00fcvenlik Sistemleri Entegrasyonu<\/li>\n<li>Proaktif Savunma Geli\u015ftirme<\/li>\n<\/ul>\n<p style=\"font-size: 16px; line-height: 1.6; font-weight: normal;\">\nTehditleri tespit etmekle kalmay\u0131p, etkisiz hale getiren dinamik bir g\u00fcvenlik yap\u0131s\u0131 olu\u015fturman\u0131za yard\u0131mc\u0131 oluyoruz.<\/p>\n\n\t\t<\/div>\n\t<\/div>\n<br \/>\n<\/div><\/div><\/div>\n<div class=\"wpb_column vc_column_container vc_col-sm-6\"><div class=\"vc_column-inner\"><div class=\"wpb_wrapper\"><br \/>\n<img loading=\"lazy\" decoding=\"async\" src=\"https:\/\/www.widetech.com.tr\/wp-content\/uploads\/2025\/12\/Adsiz-tasarim-25.png\" alt=\"\" width=\"654\" height=\"440\" class=\"alignnone size-full wp-image-7707\" srcset=\"https:\/\/www.widetech.com.tr\/wp-content\/uploads\/2025\/12\/Adsiz-tasarim-25.png 654w, https:\/\/www.widetech.com.tr\/wp-content\/uploads\/2025\/12\/Adsiz-tasarim-25-300x202.png 300w, https:\/\/www.widetech.com.tr\/wp-content\/uploads\/2025\/12\/Adsiz-tasarim-25-18x12.png 18w\" sizes=\"(max-width: 654px) 100vw, 654px\" \/><\/p>\n<p><\/div><\/div><\/div><br \/>\n<\/div><\/div>\n<\/section>","protected":false},"excerpt":{"rendered":"VER\u0130 SIZINTI \u0130ST\u0130HBARATI Ger\u00e7ek zamanl\u0131 tehdit verilerini toplayan ve analiz eden platformlar\u0131 mevcut g\u00fcvenlik altyap\u0131n\u0131za entegre ederek, kurumsal savunma sistemlerinizi daha ak\u0131ll\u0131 ve proaktif hale getiriyoruz. Anl\u0131k tehdit bilgileri sayesinde h\u0131zl\u0131 aksiyon alabilir, geli\u015fen sald\u0131r\u0131 senaryolar\u0131na kar\u015f\u0131 \u00f6nceden \u00f6nlem alabilirsiniz. Sundu\u011fumuz ba\u015fl\u0131ca hizmetler: Ger\u00e7ek Zamanl\u0131 Tehdit Beslemeleri G\u00fcvenlik Sistemleri Entegrasyonu Proaktif Savunma Geli\u015ftirme Tehditleri tespit [...]","protected":false},"author":1,"featured_media":0,"parent":707,"menu_order":0,"comment_status":"closed","ping_status":"closed","template":"tmpl\/template-fullwidth.php","meta":{"om_disable_all_campaigns":false,"_monsterinsights_skip_tracking":false,"_monsterinsights_sitenote_active":false,"_monsterinsights_sitenote_note":"","_monsterinsights_sitenote_category":0,"footnotes":""},"acf":[],"aioseo_notices":[],"_links":{"self":[{"href":"https:\/\/www.widetech.com.tr\/en\/wp-json\/wp\/v2\/pages\/6973"}],"collection":[{"href":"https:\/\/www.widetech.com.tr\/en\/wp-json\/wp\/v2\/pages"}],"about":[{"href":"https:\/\/www.widetech.com.tr\/en\/wp-json\/wp\/v2\/types\/page"}],"author":[{"embeddable":true,"href":"https:\/\/www.widetech.com.tr\/en\/wp-json\/wp\/v2\/users\/1"}],"replies":[{"embeddable":true,"href":"https:\/\/www.widetech.com.tr\/en\/wp-json\/wp\/v2\/comments?post=6973"}],"version-history":[{"count":6,"href":"https:\/\/www.widetech.com.tr\/en\/wp-json\/wp\/v2\/pages\/6973\/revisions"}],"predecessor-version":[{"id":7708,"href":"https:\/\/www.widetech.com.tr\/en\/wp-json\/wp\/v2\/pages\/6973\/revisions\/7708"}],"up":[{"embeddable":true,"href":"https:\/\/www.widetech.com.tr\/en\/wp-json\/wp\/v2\/pages\/707"}],"wp:attachment":[{"href":"https:\/\/www.widetech.com.tr\/en\/wp-json\/wp\/v2\/media?parent=6973"}],"curies":[{"name":"wp","href":"https:\/\/api.w.org\/{rel}","templated":true}]}}