{"id":7077,"date":"2025-07-03T10:53:38","date_gmt":"2025-07-03T07:53:38","guid":{"rendered":"https:\/\/www.widetech.com.tr\/?page_id=7077"},"modified":"2025-12-13T15:46:24","modified_gmt":"2025-12-13T12:46:24","slug":"bulut-hizmetleri","status":"publish","type":"page","link":"https:\/\/www.widetech.com.tr\/en\/veri-merkezi-ve-sistem-odasi-tasima-hizmeti\/veri-merkezi-cozumleri\/bulut-hizmetleri\/","title":{"rendered":"Bulut Hizmetleri"},"content":{"rendered":"<section class=\"wpb-content-wrapper\"><div style=\"background-position: center center !important;\" class=\"vc_row wpb_row vc_row-fluid vc_custom_1751534831143 vc_row-has-fill\"><div class=\"row-inner\"><\/p>\n<div class=\"wpb_column vc_column_container vc_col-sm-6\"><div class=\"vc_column-inner vc_custom_column\"><div class=\"wpb_wrapper\"><br \/>\n\n\t<div class=\"wpb_text_column wpb_content_element  vc_custom_text\" >\n\t\t<div class=\"wpb_wrapper\">\n\t\t\t<h2 style=\"margin-top: 0; margin-bottom: 30px; font-weight: bold; font-family:'Poppins',sans-serif;\">BULUT H\u0130ZMETLER\u0130<\/h2>\n<p style=\"font-size: 16px; line-height: 1.6; font-weight: normal;\">\nKurumlara \u00f6zel, y\u00fcksek performansl\u0131 ve g\u00fcvenilir bulut altyap\u0131 \u00e7\u00f6z\u00fcmleri sunuyoruz.<\/p>\n<p style=\"font-size: 16px; line-height: 1.6; font-weight: normal;\">\nVeri g\u00fcvenli\u011fi, kesintisiz eri\u015fim ve i\u015f s\u00fcreklili\u011fi odakl\u0131 yap\u0131m\u0131zla dijital operasyonlar\u0131n\u0131z\u0131 her zaman eri\u015filebilir ve kontrol alt\u0131nda tutuyoruz.<\/p>\n<p style=\"font-size: 16px; line-height: 1.6; font-weight: normal;\">\nSundu\u011fumuz ba\u015fl\u0131ca hizmetler:<\/p>\n<ul style=\"font-size: 16px; line-height: 1.8; font-weight: normal;\">\n<li>Beyaz Alan Kiralama<\/li>\n<li>Hosting Hizmetleri<\/li>\n<li>Disaster Recovery (Felaket Kurtarma) \u00c7\u00f6z\u00fcmleri<\/li>\n<li>Colocation Hizmeti<\/li>\n<\/ul>\n<p style=\"font-size: 16px; line-height: 1.6; font-weight: normal;\">\nKurumsal ihtiya\u00e7lar\u0131n\u0131za uygun esnek, g\u00fcvenli ve s\u00fcrd\u00fcr\u00fclebilir bulut altyap\u0131lar\u0131yla i\u015finizi gelece\u011fe ta\u015f\u0131yoruz.<\/p>\n\n\t\t<\/div>\n\t<\/div>\n<br \/>\n<\/div><\/div><\/div>\n<div class=\"wpb_column vc_column_container vc_col-sm-6\"><div class=\"vc_column-inner\"><div class=\"wpb_wrapper\"><br \/>\n\n\t<div  class=\"wpb_single_image wpb_content_element vc_align_center\">\n\t\t\n\t\t<figure class=\"wpb_wrapper vc_figure\">\n\t\t\t<div class=\"vc_single_image-wrapper   vc_box_border_grey\"><img loading=\"lazy\" decoding=\"async\" width=\"904\" height=\"422\" src=\"https:\/\/www.widetech.com.tr\/wp-content\/uploads\/2025\/12\/Ekran-Resmi-2025-12-03-17.16.18.png\" class=\"vc_single_image-img attachment-full\" alt=\"\" title=\"Ekran Resmi 2025-12-03 17.16.18\" srcset=\"https:\/\/www.widetech.com.tr\/wp-content\/uploads\/2025\/12\/Ekran-Resmi-2025-12-03-17.16.18.png 904w, https:\/\/www.widetech.com.tr\/wp-content\/uploads\/2025\/12\/Ekran-Resmi-2025-12-03-17.16.18-300x140.png 300w, https:\/\/www.widetech.com.tr\/wp-content\/uploads\/2025\/12\/Ekran-Resmi-2025-12-03-17.16.18-768x359.png 768w, https:\/\/www.widetech.com.tr\/wp-content\/uploads\/2025\/12\/Ekran-Resmi-2025-12-03-17.16.18-18x8.png 18w\" sizes=\"(max-width: 904px) 100vw, 904px\" \/><\/div>\n\t\t<\/figure>\n\t<\/div>\n<br \/>\n<\/div><\/div><\/div>\n<p><\/div><\/div>\n<\/section>","protected":false},"excerpt":{"rendered":"BULUT H\u0130ZMETLER\u0130 Kurumlara \u00f6zel, y\u00fcksek performansl\u0131 ve g\u00fcvenilir bulut altyap\u0131 \u00e7\u00f6z\u00fcmleri sunuyoruz. Veri g\u00fcvenli\u011fi, kesintisiz eri\u015fim ve i\u015f s\u00fcreklili\u011fi odakl\u0131 yap\u0131m\u0131zla dijital operasyonlar\u0131n\u0131z\u0131 her zaman eri\u015filebilir ve kontrol alt\u0131nda tutuyoruz. Sundu\u011fumuz ba\u015fl\u0131ca hizmetler: Beyaz Alan Kiralama Hosting Hizmetleri Disaster Recovery (Felaket Kurtarma) \u00c7\u00f6z\u00fcmleri Colocation Hizmeti Kurumsal ihtiya\u00e7lar\u0131n\u0131za uygun esnek, g\u00fcvenli ve s\u00fcrd\u00fcr\u00fclebilir bulut altyap\u0131lar\u0131yla i\u015finizi [...]","protected":false},"author":1,"featured_media":0,"parent":707,"menu_order":0,"comment_status":"closed","ping_status":"closed","template":"tmpl\/template-fullwidth.php","meta":{"om_disable_all_campaigns":false,"_monsterinsights_skip_tracking":false,"_monsterinsights_sitenote_active":false,"_monsterinsights_sitenote_note":"","_monsterinsights_sitenote_category":0,"footnotes":""},"acf":[],"aioseo_notices":[],"_links":{"self":[{"href":"https:\/\/www.widetech.com.tr\/en\/wp-json\/wp\/v2\/pages\/7077"}],"collection":[{"href":"https:\/\/www.widetech.com.tr\/en\/wp-json\/wp\/v2\/pages"}],"about":[{"href":"https:\/\/www.widetech.com.tr\/en\/wp-json\/wp\/v2\/types\/page"}],"author":[{"embeddable":true,"href":"https:\/\/www.widetech.com.tr\/en\/wp-json\/wp\/v2\/users\/1"}],"replies":[{"embeddable":true,"href":"https:\/\/www.widetech.com.tr\/en\/wp-json\/wp\/v2\/comments?post=7077"}],"version-history":[{"count":6,"href":"https:\/\/www.widetech.com.tr\/en\/wp-json\/wp\/v2\/pages\/7077\/revisions"}],"predecessor-version":[{"id":7661,"href":"https:\/\/www.widetech.com.tr\/en\/wp-json\/wp\/v2\/pages\/7077\/revisions\/7661"}],"up":[{"embeddable":true,"href":"https:\/\/www.widetech.com.tr\/en\/wp-json\/wp\/v2\/pages\/707"}],"wp:attachment":[{"href":"https:\/\/www.widetech.com.tr\/en\/wp-json\/wp\/v2\/media?parent=7077"}],"curies":[{"name":"wp","href":"https:\/\/api.w.org\/{rel}","templated":true}]}}