{"id":7897,"date":"2026-03-13T14:14:59","date_gmt":"2026-03-13T11:14:59","guid":{"rendered":"https:\/\/www.widetech.com.tr\/?page_id=7897"},"modified":"2026-03-23T14:14:22","modified_gmt":"2026-03-23T11:14:22","slug":"7897-2","status":"publish","type":"page","link":"https:\/\/www.widetech.com.tr\/en\/7897-2\/","title":{"rendered":"Microsoft"},"content":{"rendered":"<section class=\"wpb-content-wrapper\"><div style=\"\" class=\"vc_row wpb_row vc_row-fluid\"><div class=\"row-inner\"><div class=\"wpb_column vc_column_container vc_col-sm-12\"><div class=\"vc_column-inner\"><div class=\"wpb_wrapper\">\n\t<div class=\"wpb_text_column wpb_content_element\" >\n\t\t<div class=\"wpb_wrapper\">\n\t\t\t<div style=\"text-align:center; margin: 20px 0;\">\n<img loading=\"lazy\" decoding=\"async\" src=\"https:\/\/www.widetech.com.tr\/wp-content\/uploads\/2026\/03\/orta-foto-1280x852-1-1024x682.webp\" alt=\"\" width=\"413\" height=\"275\" \/>\n<\/div>\n<p>Widetech Bili\u015fim olarak kurumlar\u0131n dijital d\u00f6n\u00fc\u015f\u00fcm s\u00fcre\u00e7lerini destekleyen Microsoft \u00e7\u00f6z\u00fcmlerini u\u00e7tan uca sunuyoruz. Bulut tabanl\u0131 \u00fcretkenlik ara\u00e7lar\u0131ndan kurumsal e-posta \u00e7\u00f6z\u00fcmlerine, g\u00fcvenlik platformlar\u0131ndan sunucu altyap\u0131lar\u0131na kadar geni\u015f Microsoft \u00fcr\u00fcn portf\u00f6y\u00fc ile i\u015fletmelerin verimli, g\u00fcvenli ve \u00f6l\u00e7eklenebilir bir BT altyap\u0131s\u0131 olu\u015fturmas\u0131na yard\u0131mc\u0131 oluyoruz.<\/p>\n<div style=\"text-align:center; margin: 20px 0;\">\n<img loading=\"lazy\" decoding=\"async\" src=\"https:\/\/www.widetech.com.tr\/wp-content\/uploads\/2026\/03\/Microsoft-365-1024x575.webp\" alt=\"\" width=\"387\" height=\"217\" \/>\n<\/div>\n<h4>Microsoft 365 Kurumsal \u00c7\u00f6z\u00fcmleri<\/h4>\n<ul>\n<li><strong>Business Basic:<\/strong> Kurumsal e-posta, temel i\u015f birli\u011fi ara\u00e7lar\u0131 ve dosya payla\u015f\u0131m\u0131 i\u00e7in ekonomik ve etkili bir ba\u015flang\u0131\u00e7 noktas\u0131.<\/li>\n<li><strong>Business Standard:<\/strong> Hem masa\u00fcst\u00fc uygulamalar\u0131 hem de bulut servisleriyle hibrit \u00e7al\u0131\u015fma d\u00fczenine tam uyum sa\u011flayan kapsaml\u0131 \u00e7\u00f6z\u00fcm.<\/li>\n<li><strong>Business Premium:<\/strong> Orta \u00f6l\u00e7ekli i\u015fletmeler i\u00e7in standart \u00f6zelliklere ek olarak geli\u015fmi\u015f g\u00fcvenlik ve cihaz y\u00f6netimi sunan profesyonel platform.<\/li>\n<\/ul>\n<h4>Microsoft 365 Enterprise Planlar\u0131<\/h4>\n<p>B\u00fcy\u00fck \u00f6l\u00e7ekli organizasyonlar\u0131n karma\u015f\u0131k ihtiya\u00e7lar\u0131 i\u00e7in g\u00fcvenlik ve analiti\u011fi \u00f6n plana \u00e7\u0131karan \u00fcst d\u00fczey \u00e7\u00f6z\u00fcmler.<\/p>\n<ul>\n<li><strong>Office 365 E1 \/ E3 \/ E5:<\/strong> Temel ileti\u015fimden, geli\u015fmi\u015f i\u015f zekas\u0131 ve analiz ara\u00e7lar\u0131na kadar farkl\u0131 seviyelerde kurumsal ihtiya\u00e7lara yan\u0131t veren bulut \u00e7\u00f6z\u00fcmleri.<\/li>\n<\/ul>\n<h4>Microsoft 365 Copilot for Business<\/h4>\n<p>Yapay zek\u00e2 destekli \u00fcretkenlik arac\u0131 olarak Word, Excel, Outlook, Teams ve PowerPoint gibi uygulamalara entegre \u00e7al\u0131\u015f\u0131r.<\/p>\n<h4>Microsoft Visio &#8211; Visio Plan 2<\/h4>\n<p>Profesyonel diyagram ve i\u015f ak\u0131\u015f\u0131 olu\u015fturma arac\u0131d\u0131r.<\/p>\n<div style=\"text-align:center; margin: 20px 0;\">\n<img loading=\"lazy\" decoding=\"async\" src=\"https:\/\/www.widetech.com.tr\/wp-content\/uploads\/2026\/03\/2024-vivantio-integrations-cover-exchange-600x309-1.webp\" alt=\"\" width=\"460\" height=\"237\" \/>\n<\/div>\n<h4>Microsoft Exchange Server<\/h4>\n<p>Kurum i\u00e7i e-posta altyap\u0131s\u0131n\u0131 y\u00f6netmek i\u00e7in kullan\u0131lan g\u00fc\u00e7l\u00fc bir mesajla\u015fma platformudur.<\/p>\n<h4>Windows Server \u00c7\u00f6z\u00fcmleri<\/h4>\n<ul>\n<li><strong>Windows Server 2025 Standard:<\/strong> Fiziksel veya d\u00fc\u015f\u00fck sanalla\u015ft\u0131rma ihtiyac\u0131 olan kurumlar i\u00e7in geli\u015ftirilmi\u015f sunucu i\u015fletim sistemi.<\/li>\n<li><strong>Windows Server 2025 Datacenter \u2013 16 Core:<\/strong> Yo\u011fun sanalla\u015ft\u0131rma ortamlar\u0131 ve b\u00fcy\u00fck veri merkezleri i\u00e7in tasarlanm\u0131\u015ft\u0131r.<\/li>\n<\/ul>\n\n\t\t<\/div>\n\t<\/div>\n<\/div><\/div><\/div><\/div><\/div>\n<\/section>","protected":false},"excerpt":{"rendered":"Widetech Bili\u015fim olarak kurumlar\u0131n dijital d\u00f6n\u00fc\u015f\u00fcm s\u00fcre\u00e7lerini destekleyen Microsoft \u00e7\u00f6z\u00fcmlerini u\u00e7tan uca sunuyoruz. Bulut tabanl\u0131 \u00fcretkenlik ara\u00e7lar\u0131ndan kurumsal e-posta \u00e7\u00f6z\u00fcmlerine, g\u00fcvenlik platformlar\u0131ndan sunucu altyap\u0131lar\u0131na kadar geni\u015f Microsoft \u00fcr\u00fcn portf\u00f6y\u00fc ile i\u015fletmelerin verimli, g\u00fcvenli ve \u00f6l\u00e7eklenebilir bir BT altyap\u0131s\u0131 olu\u015fturmas\u0131na yard\u0131mc\u0131 oluyoruz. Microsoft 365 Kurumsal \u00c7\u00f6z\u00fcmleri Business Basic: Kurumsal e-posta, temel i\u015f birli\u011fi ara\u00e7lar\u0131 ve dosya [...]","protected":false},"author":1,"featured_media":0,"parent":0,"menu_order":0,"comment_status":"closed","ping_status":"closed","template":"","meta":{"om_disable_all_campaigns":false,"_monsterinsights_skip_tracking":false,"_monsterinsights_sitenote_active":false,"_monsterinsights_sitenote_note":"","_monsterinsights_sitenote_category":0,"footnotes":""},"acf":[],"aioseo_notices":[],"_links":{"self":[{"href":"https:\/\/www.widetech.com.tr\/en\/wp-json\/wp\/v2\/pages\/7897"}],"collection":[{"href":"https:\/\/www.widetech.com.tr\/en\/wp-json\/wp\/v2\/pages"}],"about":[{"href":"https:\/\/www.widetech.com.tr\/en\/wp-json\/wp\/v2\/types\/page"}],"author":[{"embeddable":true,"href":"https:\/\/www.widetech.com.tr\/en\/wp-json\/wp\/v2\/users\/1"}],"replies":[{"embeddable":true,"href":"https:\/\/www.widetech.com.tr\/en\/wp-json\/wp\/v2\/comments?post=7897"}],"version-history":[{"count":8,"href":"https:\/\/www.widetech.com.tr\/en\/wp-json\/wp\/v2\/pages\/7897\/revisions"}],"predecessor-version":[{"id":7912,"href":"https:\/\/www.widetech.com.tr\/en\/wp-json\/wp\/v2\/pages\/7897\/revisions\/7912"}],"wp:attachment":[{"href":"https:\/\/www.widetech.com.tr\/en\/wp-json\/wp\/v2\/media?parent=7897"}],"curies":[{"name":"wp","href":"https:\/\/api.w.org\/{rel}","templated":true}]}}