{"id":7914,"date":"2026-03-23T14:39:59","date_gmt":"2026-03-23T11:39:59","guid":{"rendered":"https:\/\/www.widetech.com.tr\/?page_id=7914"},"modified":"2026-03-23T15:13:19","modified_gmt":"2026-03-23T12:13:19","slug":"cynox","status":"publish","type":"page","link":"https:\/\/www.widetech.com.tr\/en\/cynox\/","title":{"rendered":"Cynox"},"content":{"rendered":"<section class=\"wpb-content-wrapper\"><div style=\"\" class=\"vc_row wpb_row vc_row-fluid vc_row-o-content-middle vc_row-flex\"><div class=\"row-inner\"><div class=\"wpb_column vc_column_container vc_col-sm-12\"><div class=\"vc_column-inner\"><div class=\"wpb_wrapper\">\n\t<div class=\"wpb_text_column wpb_content_element\" >\n\t\t<div class=\"wpb_wrapper\">\n\t\t\t<p><img decoding=\"async\" src=\"https:\/\/www.widetech.com.tr\/wp-content\/uploads\/2026\/03\/Logo-Main-1.png\" \nstyle=\"display:block; margin:0 auto;\" \nwidth=\"260\" \/><\/p>\n<h2><strong>Kurumsal \u015eifre Zekas\u0131 ve Otomatik M\u00fcdahale Platformu<\/strong><\/h2>\n\n\t\t<\/div>\n\t<\/div>\n<div class=\"vc_empty_space\"   style=\"height: 32px\"><span class=\"vc_empty_space_inner\"><\/span><\/div><div class=\"vc_btn3-container vc_btn3-inline\" ><button class=\"vc_general vc_btn3 vc_btn3-size-md vc_btn3-shape-rounded vc_btn3-style-modern vc_btn3-color-danger\">Teklif Al<\/button><\/div><\/div><\/div><\/div><\/div><\/div>\n<div style=\"\" class=\"vc_row wpb_row vc_row-fluid\"><div class=\"row-inner\"><div class=\"wpb_column vc_column_container vc_col-sm-12\"><div class=\"vc_column-inner\"><div class=\"wpb_wrapper\">\n\t<div class=\"wpb_text_column wpb_content_element\" >\n\t\t<div class=\"wpb_wrapper\">\n\t\t\t<h3>Cynox Nedir?<\/h3>\n<p><img loading=\"lazy\" decoding=\"async\" class=\"alignleft\" src=\"https:\/\/www.widetech.com.tr\/wp-content\/uploads\/2026\/03\/Ekran-Resmi-2026-03-23-14.56.45.png\" width=\"368\" height=\"162\" \/><br \/>\n<strong>Cynox<\/strong>, kurumsal kimlik g\u00fcvenli\u011fini g\u00fc\u00e7lendiren, s\u0131zd\u0131r\u0131lm\u0131\u015f \u015fifreleri tespit eden ve bu risklere otomatik olarak m\u00fcdahale eden geli\u015fmi\u015f bir \u015fifre g\u00fcvenli\u011fi platformudur.<\/p>\n<p>Active Directory ile entegre \u00e7al\u0131\u015fan Cynox, organizasyon genelinde \u015fifre risklerini s\u00fcrekli izler ve ele ge\u00e7irilmi\u015f kimlik bilgileri \u00fczerinden ger\u00e7ekle\u015febilecek sald\u0131r\u0131lar\u0131 daha olu\u015fmadan engeller.<\/p>\n<h3>Nas\u0131l \u00c7al\u0131\u015f\u0131r?<\/h3>\n<p>Cynox platformu \u00e7ok katmanl\u0131 bir g\u00fcvenlik yakla\u015f\u0131m\u0131 ile \u00e7al\u0131\u015f\u0131r:<\/p>\n<ul>\n<li><strong>S\u0131z\u0131nt\u0131 Taramas\u0131:<\/strong> Global veri ihlallerini analiz ederek riskli \u015fifreleri belirler<\/li>\n<li><strong>Analiz Motoru:<\/strong> Zay\u0131f ve tahmin edilebilir \u015fifreleri engeller<\/li>\n<li><strong>Otomatik M\u00fcdahale:<\/strong> Risk tespitinde kullan\u0131c\u0131y\u0131 an\u0131nda aksiyona zorlar<\/li>\n<\/ul>\n\n\t\t<\/div>\n\t<\/div>\n<\/div><\/div><\/div><\/div><\/div>\n<div style=\"\" class=\"vc_row wpb_row vc_row-fluid\"><div class=\"row-inner\"><div class=\"wpb_column vc_column_container vc_col-sm-12\"><div class=\"vc_column-inner\"><div class=\"wpb_wrapper\">\n\t<div class=\"wpb_text_column wpb_content_element\" >\n\t\t<div class=\"wpb_wrapper\">\n\t\t\t<h3 style=\"text-align:center;\"><strong>Cynox Platform Genel Bak\u0131\u015f<\/strong><\/h3>\n<p style=\"text-align:center;\">Cynox, kurumsal \u015fifre g\u00fcvenli\u011fini u\u00e7tan uca y\u00f6neten entegre bir platform sunar:<\/p>\n\n\t\t<\/div>\n\t<\/div>\n<\/div><\/div><\/div><\/div><\/div><br \/>\n<div class=\"vc_empty_space\"   style=\"height: 32px\"><span class=\"vc_empty_space_inner\"><\/span><\/div>\n<div style=\"\" class=\"vc_row wpb_row vc_row-fluid vc_row-o-equal-height vc_row-o-content-middle vc_row-flex\"><div class=\"row-inner\">\n<div class=\"wpb_column vc_column_container vc_col-sm-4\"><div class=\"vc_column-inner\"><div class=\"wpb_wrapper\"><div class=\"vc_icon_element vc_icon_element-outer vc_icon_element-align-center\"><div class=\"vc_icon_element-inner vc_icon_element-color-blue vc_icon_element-size-xl vc_icon_element-style- vc_icon_element-background-color-grey\" ><span class=\"vc_icon_element-icon fas fa-shield-alt\" ><\/span><\/div><\/div>\n\t<div class=\"wpb_text_column wpb_content_element\" >\n\t\t<div class=\"wpb_wrapper\">\n\t\t\t<h4 style=\"text-align:center;\">S\u00fcrekli G\u00fcvenlik Analizi<\/h4>\n<p style=\"text-align:center;\">Mevcut \u015fifreler \u00fczerinde kesintisiz analiz yapar<\/p>\n\n\t\t<\/div>\n\t<\/div>\n<\/div><\/div><\/div><br \/>\n<div class=\"vc_empty_space\"   style=\"height: 10px\"><span class=\"vc_empty_space_inner\"><\/span><\/div><br \/>\n<div class=\"wpb_column vc_column_container vc_col-sm-4\"><div class=\"vc_column-inner\"><div class=\"wpb_wrapper\"><div class=\"vc_icon_element vc_icon_element-outer vc_icon_element-align-center\"><div class=\"vc_icon_element-inner vc_icon_element-color-blue vc_icon_element-size-xl vc_icon_element-style- vc_icon_element-background-color-grey\" ><span class=\"vc_icon_element-icon fas fa-search\" ><\/span><\/div><\/div>\n\t<div class=\"wpb_text_column wpb_content_element\" >\n\t\t<div class=\"wpb_wrapper\">\n\t\t\t<h4 style=\"text-align:center;\">Otomatik Tespit<\/h4>\n<p style=\"text-align:center;\">S\u0131zd\u0131r\u0131lm\u0131\u015f kimlik bilgilerini otomatik belirler<\/p>\n\n\t\t<\/div>\n\t<\/div>\n<\/div><\/div><\/div><br \/>\n<div class=\"vc_empty_space\"   style=\"height: 10px\"><span class=\"vc_empty_space_inner\"><\/span><\/div>\n<div class=\"wpb_column vc_column_container vc_col-sm-4\"><div class=\"vc_column-inner\"><div class=\"wpb_wrapper\"><div class=\"vc_icon_element vc_icon_element-outer vc_icon_element-align-center\"><div class=\"vc_icon_element-inner vc_icon_element-color-blue vc_icon_element-size-xl vc_icon_element-style- vc_icon_element-background-color-grey\" ><span class=\"vc_icon_element-icon fas fa-clock\" ><\/span><\/div><\/div>\n\t<div class=\"wpb_text_column wpb_content_element\" >\n\t\t<div class=\"wpb_wrapper\">\n\t\t\t<h4 style=\"text-align:center;\">Ger\u00e7ek Zamanl\u0131 \u0130zleme<\/h4>\n<p style=\"text-align:center;\">\u015eifre de\u011fi\u015fimlerini anl\u0131k takip eder<\/p>\n\n\t\t<\/div>\n\t<\/div>\n<\/div><\/div><\/div>\n<p><\/div><\/div><br \/>\n<div class=\"vc_empty_space\"   style=\"height: 32px\"><span class=\"vc_empty_space_inner\"><\/span><\/div>\n<div style=\"\" class=\"vc_row wpb_row vc_row-fluid vc_row-o-equal-height vc_row-o-content-middle vc_row-flex\"><div class=\"row-inner\"><\/p>\n<div class=\"wpb_column vc_column_container vc_col-sm-4\"><div class=\"vc_column-inner\"><div class=\"wpb_wrapper\"><div class=\"vc_icon_element vc_icon_element-outer vc_icon_element-align-center\"><div class=\"vc_icon_element-inner vc_icon_element-color-blue vc_icon_element-size-xl vc_icon_element-style- vc_icon_element-background-color-grey\" ><span class=\"vc_icon_element-icon fas fa-lock\" ><\/span><\/div><\/div>\n\t<div class=\"wpb_text_column wpb_content_element\" >\n\t\t<div class=\"wpb_wrapper\">\n\t\t\t<h4 style=\"text-align:center;\">Politika Y\u00f6netimi<\/h4>\n<p style=\"text-align:center;\">Blacklist ve geli\u015fmi\u015f kurallar uygular<\/p>\n\n\t\t<\/div>\n\t<\/div>\n<\/div><\/div><\/div><br \/>\n<div class=\"vc_empty_space\"   style=\"height: 10px\"><span class=\"vc_empty_space_inner\"><\/span><\/div>\n<div class=\"wpb_column vc_column_container vc_col-sm-4\"><div class=\"vc_column-inner\"><div class=\"wpb_wrapper\"><div class=\"vc_icon_element vc_icon_element-outer vc_icon_element-align-center\"><div class=\"vc_icon_element-inner vc_icon_element-color-blue vc_icon_element-size-xl vc_icon_element-style- vc_icon_element-background-color-grey\" ><span class=\"vc_icon_element-icon fas fa-network-wired\" ><\/span><\/div><\/div>\n\t<div class=\"wpb_text_column wpb_content_element\" >\n\t\t<div class=\"wpb_wrapper\">\n\t\t\t<h4 style=\"text-align:center;\">Entegrasyon<\/h4>\n<p style=\"text-align:center;\">SIEM\/SOAR ve tehdit istihbarat\u0131 ile \u00e7al\u0131\u015f\u0131r<\/p>\n\n\t\t<\/div>\n\t<\/div>\n<\/div><\/div><\/div><br \/>\n<div class=\"vc_empty_space\"   style=\"height: 10px\"><span class=\"vc_empty_space_inner\"><\/span><\/div>\n<div class=\"wpb_column vc_column_container vc_col-sm-4\"><div class=\"vc_column-inner\"><div class=\"wpb_wrapper\"><div class=\"vc_icon_element vc_icon_element-outer vc_icon_element-align-center\"><div class=\"vc_icon_element-inner vc_icon_element-color-blue vc_icon_element-size-xl vc_icon_element-style- vc_icon_element-background-color-grey\" ><span class=\"vc_icon_element-icon fas fa-users\" ><\/span><\/div><\/div>\n\t<div class=\"wpb_text_column wpb_content_element\" >\n\t\t<div class=\"wpb_wrapper\">\n\t\t\t<h4 style=\"text-align:center;\">Kullan\u0131c\u0131 Y\u00f6netimi<\/h4>\n<p style=\"text-align:center;\">AD ba\u011f\u0131ms\u0131z kullan\u0131c\u0131 y\u00f6netimi sa\u011flar<\/p>\n\n\t\t<\/div>\n\t<\/div>\n<\/div><\/div><\/div>\n<p><\/div><\/div>\n<div style=\"\" class=\"vc_row wpb_row vc_row-fluid\"><div class=\"row-inner\"><div class=\"wpb_column vc_column_container vc_col-sm-12\"><div class=\"vc_column-inner\"><div class=\"wpb_wrapper\">\n\t<div class=\"wpb_text_column wpb_content_element\" >\n\t\t<div class=\"wpb_wrapper\">\n\t\t\t<h3>Kullan\u0131m Senaryolar\u0131<\/h3>\n<ul>\n<li>Kurumsal yap\u0131larda merkezi \u015fifre g\u00fcvenli\u011fi<\/li>\n<li>Holdinglerde kullan\u0131c\u0131 risk y\u00f6netimi<\/li>\n<li>Reg\u00fclasyon uyum s\u00fcre\u00e7leri<\/li>\n<li>SOC ekipleri i\u00e7in otomasyon<\/li>\n<\/ul>\n<h3>Neden Cynox?<\/h3>\n<p>Cynox, sadece \u015fifre karma\u015f\u0131kl\u0131\u011f\u0131n\u0131 de\u011fil, \u015fifrenin ger\u00e7ekten g\u00fcvenli olup olmad\u0131\u011f\u0131n\u0131 de\u011ferlendirir.<\/p>\n<p>Daha \u00f6nce s\u0131zd\u0131r\u0131lm\u0131\u015f bir \u015fifre, karma\u015f\u0131k olsa bile risklidir. Cynox bu riski ortadan kald\u0131rarak kurumlar\u0131n en zay\u0131f halkas\u0131n\u0131 g\u00fc\u00e7l\u00fc bir g\u00fcvenlik katman\u0131na d\u00f6n\u00fc\u015ft\u00fcr\u00fcr.<\/p>\n\n\t\t<\/div>\n\t<\/div>\n<\/div><\/div><\/div><\/div><\/div>\n<\/section>","protected":false},"excerpt":{"rendered":"Kurumsal \u015eifre Zekas\u0131 ve Otomatik M\u00fcdahale Platformu Teklif Al Cynox Nedir? Cynox, kurumsal kimlik g\u00fcvenli\u011fini g\u00fc\u00e7lendiren, s\u0131zd\u0131r\u0131lm\u0131\u015f \u015fifreleri tespit eden ve bu risklere otomatik olarak m\u00fcdahale eden geli\u015fmi\u015f bir \u015fifre g\u00fcvenli\u011fi platformudur. Active Directory ile entegre \u00e7al\u0131\u015fan Cynox, organizasyon genelinde \u015fifre risklerini s\u00fcrekli izler ve ele ge\u00e7irilmi\u015f kimlik bilgileri \u00fczerinden ger\u00e7ekle\u015febilecek sald\u0131r\u0131lar\u0131 daha olu\u015fmadan engeller. [...]","protected":false},"author":1,"featured_media":0,"parent":0,"menu_order":0,"comment_status":"closed","ping_status":"closed","template":"","meta":{"om_disable_all_campaigns":false,"_monsterinsights_skip_tracking":false,"_monsterinsights_sitenote_active":false,"_monsterinsights_sitenote_note":"","_monsterinsights_sitenote_category":0,"footnotes":""},"acf":[],"aioseo_notices":[],"_links":{"self":[{"href":"https:\/\/www.widetech.com.tr\/en\/wp-json\/wp\/v2\/pages\/7914"}],"collection":[{"href":"https:\/\/www.widetech.com.tr\/en\/wp-json\/wp\/v2\/pages"}],"about":[{"href":"https:\/\/www.widetech.com.tr\/en\/wp-json\/wp\/v2\/types\/page"}],"author":[{"embeddable":true,"href":"https:\/\/www.widetech.com.tr\/en\/wp-json\/wp\/v2\/users\/1"}],"replies":[{"embeddable":true,"href":"https:\/\/www.widetech.com.tr\/en\/wp-json\/wp\/v2\/comments?post=7914"}],"version-history":[{"count":4,"href":"https:\/\/www.widetech.com.tr\/en\/wp-json\/wp\/v2\/pages\/7914\/revisions"}],"predecessor-version":[{"id":7921,"href":"https:\/\/www.widetech.com.tr\/en\/wp-json\/wp\/v2\/pages\/7914\/revisions\/7921"}],"wp:attachment":[{"href":"https:\/\/www.widetech.com.tr\/en\/wp-json\/wp\/v2\/media?parent=7914"}],"curies":[{"name":"wp","href":"https:\/\/api.w.org\/{rel}","templated":true}]}}