{"id":7922,"date":"2026-03-23T15:15:00","date_gmt":"2026-03-23T12:15:00","guid":{"rendered":"https:\/\/www.widetech.com.tr\/?page_id=7922"},"modified":"2026-03-23T15:30:09","modified_gmt":"2026-03-23T12:30:09","slug":"mobileitm","status":"publish","type":"page","link":"https:\/\/www.widetech.com.tr\/en\/mobileitm\/","title":{"rendered":"MobileITM"},"content":{"rendered":"<section class=\"wpb-content-wrapper\"><div style=\"\" class=\"vc_row wpb_row vc_row-fluid vc_row-o-content-middle vc_row-flex\"><div class=\"row-inner\"><div class=\"wpb_column vc_column_container vc_col-sm-12\"><div class=\"vc_column-inner\"><div class=\"wpb_wrapper\">\n\t<div class=\"wpb_text_column wpb_content_element\" >\n\t\t<div class=\"wpb_wrapper\">\n\t\t\t<p><img decoding=\"async\" src=\"https:\/\/www.widetech.com.tr\/wp-content\/uploads\/2026\/03\/Ekran-Resmi-2026-03-23-15.19.06.png\" \nstyle=\"display:block; margin:0 auto;\" \nwidth=\"360\" \/><\/p>\n<h2><strong>Mobil Cihaz Y\u00f6netimi (MDM) Platformu<\/strong><\/h2>\n\n\t\t<\/div>\n\t<\/div>\n<div class=\"vc_empty_space\"   style=\"height: 32px\"><span class=\"vc_empty_space_inner\"><\/span><\/div><div class=\"vc_btn3-container vc_btn3-inline\" ><button class=\"vc_general vc_btn3 vc_btn3-size-md vc_btn3-shape-rounded vc_btn3-style-modern vc_btn3-color-danger\">Teklif Al<\/button><\/div><\/div><\/div><\/div><\/div><\/div>\n<div style=\"\" class=\"vc_row wpb_row vc_row-fluid\"><div class=\"row-inner\"><div class=\"wpb_column vc_column_container vc_col-sm-12\"><div class=\"vc_column-inner\"><div class=\"wpb_wrapper\">\n\t<div class=\"wpb_text_column wpb_content_element\" >\n\t\t<div class=\"wpb_wrapper\">\n\t\t\t<h3>MobileITM Nedir?<\/h3>\n<p><img loading=\"lazy\" decoding=\"async\" class=\"alignleft\" src=\"https:\/\/www.widetech.com.tr\/wp-content\/uploads\/2026\/03\/Ekran-Resmi-2026-03-23-15.28.05.png\" width=\"368\" height=\"162\" \/><br \/>\n<strong>MobileITM<\/strong>, kurumlara ait mobil cihazlar\u0131n (telefon, tablet, kiosk vb.) merkezi olarak y\u00f6netilmesini, g\u00fcvenli\u011finin sa\u011flanmas\u0131n\u0131 ve verimli \u015fekilde kullan\u0131lmas\u0131n\u0131 sa\u011flayan bir Mobil Cihaz Y\u00f6netimi (MDM) platformudur.<\/p>\n<p>T\u00fcm cihazlar\u0131n\u0131z\u0131 tek bir panel \u00fczerinden kontrol edebilir, g\u00fcvenlik politikalar\u0131 uygulayabilir ve operasyonel s\u00fcre\u00e7lerinizi optimize edebilirsiniz.<\/p>\n<h3>Nas\u0131l \u00c7al\u0131\u015f\u0131r?<\/h3>\n<ul>\n<li><strong>Merkezi Y\u00f6netim:<\/strong> T\u00fcm cihazlar tek panelden kontrol edilir<\/li>\n<li><strong>Politika Uygulama:<\/strong> G\u00fcvenlik ve kullan\u0131m kurallar\u0131 cihazlara uygulan\u0131r<\/li>\n<li><strong>Uzaktan Kontrol:<\/strong> Cihazlara anl\u0131k eri\u015fim ve m\u00fcdahale sa\u011flan\u0131r<\/li>\n<\/ul>\n\n\t\t<\/div>\n\t<\/div>\n<\/div><\/div><\/div><\/div><\/div>\n<div style=\"\" class=\"vc_row wpb_row vc_row-fluid\"><div class=\"row-inner\"><div class=\"wpb_column vc_column_container vc_col-sm-12\"><div class=\"vc_column-inner\"><div class=\"wpb_wrapper\">\n\t<div class=\"wpb_text_column wpb_content_element\" >\n\t\t<div class=\"wpb_wrapper\">\n\t\t\t<h3 style=\"text-align:center;\"><strong>MobileITM Platform Genel Bak\u0131\u015f<\/strong><\/h3>\n<p style=\"text-align:center;\">Mobil cihaz y\u00f6netimini u\u00e7tan uca sa\u011flayan g\u00fc\u00e7l\u00fc \u00f6zellikler:<\/p>\n<div class=\"vc_empty_space\"   style=\"height: 10px\"><span class=\"vc_empty_space_inner\"><\/span><\/div>\n\n\t\t<\/div>\n\t<\/div>\n<\/div><\/div><\/div><\/div><\/div>\n<div style=\"\" class=\"vc_row wpb_row vc_row-fluid vc_row-o-equal-height vc_row-o-content-middle vc_row-flex\"><div class=\"row-inner\"><\/p>\n<div class=\"wpb_column vc_column_container vc_col-sm-4\"><div class=\"vc_column-inner\"><div class=\"wpb_wrapper\"><div class=\"vc_icon_element vc_icon_element-outer vc_icon_element-align-center\"><div class=\"vc_icon_element-inner vc_icon_element-color-blue vc_icon_element-size-xl vc_icon_element-style- vc_icon_element-background-color-grey\" ><span class=\"vc_icon_element-icon fas fa-mobile-alt\" ><\/span><\/div><\/div>\n\t<div class=\"wpb_text_column wpb_content_element\" >\n\t\t<div class=\"wpb_wrapper\">\n\t\t\t<h4 style=\"text-align:center;\">Cihaz Y\u00f6netimi<\/h4>\n<p style=\"text-align:center;\">T\u00fcm mobil cihazlar\u0131 merkezi panelden y\u00f6netin<\/p>\n\n\t\t<\/div>\n\t<\/div>\n<\/div><\/div><\/div><br \/>\n<div class=\"vc_empty_space\"   style=\"height: 10px\"><span class=\"vc_empty_space_inner\"><\/span><\/div><br \/>\n<div class=\"wpb_column vc_column_container vc_col-sm-4\"><div class=\"vc_column-inner\"><div class=\"wpb_wrapper\"><div class=\"vc_icon_element vc_icon_element-outer vc_icon_element-align-center\"><div class=\"vc_icon_element-inner vc_icon_element-color-blue vc_icon_element-size-xl vc_icon_element-style- vc_icon_element-background-color-grey\" ><span class=\"vc_icon_element-icon fas fa-shield-alt\" ><\/span><\/div><\/div>\n\t<div class=\"wpb_text_column wpb_content_element\" >\n\t\t<div class=\"wpb_wrapper\">\n\t\t\t<h4 style=\"text-align:center;\">Cihaz G\u00fcvenli\u011fi<\/h4>\n<p style=\"text-align:center;\">\u015eifre politikalar\u0131, kilitleme ve veri koruma<\/p>\n\n\t\t<\/div>\n\t<\/div>\n<\/div><\/div><\/div><br \/>\n<div class=\"vc_empty_space\"   style=\"height: 10px\"><span class=\"vc_empty_space_inner\"><\/span><\/div><br \/>\n<div class=\"wpb_column vc_column_container vc_col-sm-4\"><div class=\"vc_column-inner\"><div class=\"wpb_wrapper\"><div class=\"vc_icon_element vc_icon_element-outer vc_icon_element-align-center\"><div class=\"vc_icon_element-inner vc_icon_element-color-blue vc_icon_element-size-xl vc_icon_element-style- vc_icon_element-background-color-grey\" ><span class=\"vc_icon_element-icon fas fa-map-marker-alt\" ><\/span><\/div><\/div>\n\t<div class=\"wpb_text_column wpb_content_element\" >\n\t\t<div class=\"wpb_wrapper\">\n\t\t\t<h4 style=\"text-align:center;\">Konum Takibi<\/h4>\n<p style=\"text-align:center;\">Anl\u0131k ve ge\u00e7mi\u015f konum verilerini izleme<\/p>\n\n\t\t<\/div>\n\t<\/div>\n<\/div><\/div><\/div>\n<p><\/div><\/div>\n<div class=\"vc_empty_space\"   style=\"height: 10px\"><span class=\"vc_empty_space_inner\"><\/span><\/div><div class=\"vc_empty_space\"   style=\"height: 10px\"><span class=\"vc_empty_space_inner\"><\/span><\/div><br \/>\n<div style=\"\" class=\"vc_row wpb_row vc_row-fluid vc_row-o-equal-height vc_row-o-content-middle vc_row-flex\"><div class=\"row-inner\"><\/p>\n<div class=\"wpb_column vc_column_container vc_col-sm-4\"><div class=\"vc_column-inner\"><div class=\"wpb_wrapper\"><div class=\"vc_icon_element vc_icon_element-outer vc_icon_element-align-center\"><div class=\"vc_icon_element-inner vc_icon_element-color-blue vc_icon_element-size-xl vc_icon_element-style- vc_icon_element-background-color-grey\" ><span class=\"vc_icon_element-icon fas fa-network-wired\" ><\/span><\/div><\/div>\n\t<div class=\"wpb_text_column wpb_content_element\" >\n\t\t<div class=\"wpb_wrapper\">\n\t\t\t<h4 style=\"text-align:center;\">Uzaktan Ba\u011flant\u0131<\/h4>\n<p style=\"text-align:center;\">Cihazlara uzaktan eri\u015fim ve destek<\/p>\n\n\t\t<\/div>\n\t<\/div>\n<\/div><\/div><\/div><br \/>\n<div class=\"vc_empty_space\"   style=\"height: 10px\"><span class=\"vc_empty_space_inner\"><\/span><\/div><br \/>\n<div class=\"wpb_column vc_column_container vc_col-sm-4\"><div class=\"vc_column-inner\"><div class=\"wpb_wrapper\"><div class=\"vc_icon_element vc_icon_element-outer vc_icon_element-align-center\"><div class=\"vc_icon_element-inner vc_icon_element-color-blue vc_icon_element-size-xl vc_icon_element-style- vc_icon_element-background-color-grey\" ><span class=\"vc_icon_element-icon fas fa-th-large\" ><\/span><\/div><\/div>\n\t<div class=\"wpb_text_column wpb_content_element\" >\n\t\t<div class=\"wpb_wrapper\">\n\t\t\t<h4 style=\"text-align:center;\">Kiosk Mod<\/h4>\n<p style=\"text-align:center;\">Cihazlar\u0131 sadece belirli uygulamalarla s\u0131n\u0131rland\u0131rma<\/p>\n\n\t\t<\/div>\n\t<\/div>\n<\/div><\/div><\/div><br \/>\n<div class=\"vc_empty_space\"   style=\"height: 10px\"><span class=\"vc_empty_space_inner\"><\/span><\/div><br \/>\n<div class=\"wpb_column vc_column_container vc_col-sm-4\"><div class=\"vc_column-inner\"><div class=\"wpb_wrapper\"><div class=\"vc_icon_element vc_icon_element-outer vc_icon_element-align-center\"><div class=\"vc_icon_element-inner vc_icon_element-color-blue vc_icon_element-size-xl vc_icon_element-style- vc_icon_element-background-color-grey\" ><span class=\"vc_icon_element-icon fas fa-user-shield\" ><\/span><\/div><\/div>\n\t<div class=\"wpb_text_column wpb_content_element\" >\n\t\t<div class=\"wpb_wrapper\">\n\t\t\t<h4 style=\"text-align:center;\">BYOD<\/h4>\n<p style=\"text-align:center;\">Ki\u015fisel cihazlarda g\u00fcvenli kurumsal kullan\u0131m<\/p>\n\n\t\t<\/div>\n\t<\/div>\n<\/div><\/div><\/div>\n<p><\/div><\/div>\n<div style=\"\" class=\"vc_row wpb_row vc_row-fluid\"><div class=\"row-inner\"><div class=\"wpb_column vc_column_container vc_col-sm-12\"><div class=\"vc_column-inner\"><div class=\"wpb_wrapper\">\n\t<div class=\"wpb_text_column wpb_content_element\" >\n\t\t<div class=\"wpb_wrapper\">\n\t\t\t<h3>Kullan\u0131m Senaryolar\u0131<\/h3>\n<ul>\n<li>Saha ekiplerinin cihaz y\u00f6netimi<\/li>\n<li>Kurumsal mobil g\u00fcvenlik politikalar\u0131<\/li>\n<li>Uzaktan \u00e7al\u0131\u015fan ekiplerin kontrol\u00fc<\/li>\n<li>Kiosk cihaz kullan\u0131m senaryolar\u0131<\/li>\n<\/ul>\n<h3>Neden MobileITM?<\/h3>\n<p>MobileITM, kurumlar\u0131n mobil cihazlar\u0131n\u0131 g\u00fcvenli, merkezi ve verimli bir \u015fekilde y\u00f6netmesini sa\u011flar.<\/p>\n<p>Uzaktan kontrol, geli\u015fmi\u015f g\u00fcvenlik ve kullan\u0131c\u0131 dostu yap\u0131s\u0131 ile hem operasyonel y\u00fck\u00fc azalt\u0131r hem de veri g\u00fcvenli\u011fini \u00fcst seviyeye \u00e7\u0131kar\u0131r.<\/p>\n\n\t\t<\/div>\n\t<\/div>\n<\/div><\/div><\/div><\/div><\/div>\n<\/section>","protected":false},"excerpt":{"rendered":"Mobil Cihaz Y\u00f6netimi (MDM) Platformu Teklif Al MobileITM Nedir? MobileITM, kurumlara ait mobil cihazlar\u0131n (telefon, tablet, kiosk vb.) merkezi olarak y\u00f6netilmesini, g\u00fcvenli\u011finin sa\u011flanmas\u0131n\u0131 ve verimli \u015fekilde kullan\u0131lmas\u0131n\u0131 sa\u011flayan bir Mobil Cihaz Y\u00f6netimi (MDM) platformudur. T\u00fcm cihazlar\u0131n\u0131z\u0131 tek bir panel \u00fczerinden kontrol edebilir, g\u00fcvenlik politikalar\u0131 uygulayabilir ve operasyonel s\u00fcre\u00e7lerinizi optimize edebilirsiniz. Nas\u0131l \u00c7al\u0131\u015f\u0131r? Merkezi Y\u00f6netim: T\u00fcm [...]","protected":false},"author":1,"featured_media":0,"parent":0,"menu_order":0,"comment_status":"closed","ping_status":"closed","template":"","meta":{"om_disable_all_campaigns":false,"_monsterinsights_skip_tracking":false,"_monsterinsights_sitenote_active":false,"_monsterinsights_sitenote_note":"","_monsterinsights_sitenote_category":0,"footnotes":""},"acf":[],"aioseo_notices":[],"_links":{"self":[{"href":"https:\/\/www.widetech.com.tr\/en\/wp-json\/wp\/v2\/pages\/7922"}],"collection":[{"href":"https:\/\/www.widetech.com.tr\/en\/wp-json\/wp\/v2\/pages"}],"about":[{"href":"https:\/\/www.widetech.com.tr\/en\/wp-json\/wp\/v2\/types\/page"}],"author":[{"embeddable":true,"href":"https:\/\/www.widetech.com.tr\/en\/wp-json\/wp\/v2\/users\/1"}],"replies":[{"embeddable":true,"href":"https:\/\/www.widetech.com.tr\/en\/wp-json\/wp\/v2\/comments?post=7922"}],"version-history":[{"count":3,"href":"https:\/\/www.widetech.com.tr\/en\/wp-json\/wp\/v2\/pages\/7922\/revisions"}],"predecessor-version":[{"id":7928,"href":"https:\/\/www.widetech.com.tr\/en\/wp-json\/wp\/v2\/pages\/7922\/revisions\/7928"}],"wp:attachment":[{"href":"https:\/\/www.widetech.com.tr\/en\/wp-json\/wp\/v2\/media?parent=7922"}],"curies":[{"name":"wp","href":"https:\/\/api.w.org\/{rel}","templated":true}]}}