{"id":7929,"date":"2026-03-23T15:33:56","date_gmt":"2026-03-23T12:33:56","guid":{"rendered":"https:\/\/www.widetech.com.tr\/?page_id=7929"},"modified":"2026-03-23T15:53:20","modified_gmt":"2026-03-23T12:53:20","slug":"caspisec","status":"publish","type":"page","link":"https:\/\/www.widetech.com.tr\/en\/caspisec\/","title":{"rendered":"CaspiSec"},"content":{"rendered":"<section class=\"wpb-content-wrapper\"><div style=\"\" class=\"vc_row wpb_row vc_row-fluid vc_row-o-content-middle vc_row-flex\"><div class=\"row-inner\"><div class=\"wpb_column vc_column_container vc_col-sm-12\"><div class=\"vc_column-inner\"><div class=\"wpb_wrapper\">\n\t<div class=\"wpb_text_column wpb_content_element\" >\n\t\t<div class=\"wpb_wrapper\">\n\t\t\t<p><img decoding=\"async\" src=\"https:\/\/www.widetech.com.tr\/wp-content\/uploads\/2026\/03\/widesec-logo.png\" \nstyle=\"display:block; margin:0 auto;\" \nwidth=\"360\" \/><\/p>\n<h2><strong>Siber G\u00fcvenlik Hizmetleri ve Dan\u0131\u015fmanl\u0131\u011f\u0131<\/strong><\/h2>\n\n\t\t<\/div>\n\t<\/div>\n<div class=\"vc_empty_space\"   style=\"height: 32px\"><span class=\"vc_empty_space_inner\"><\/span><\/div><div class=\"vc_btn3-container vc_btn3-center\" ><button class=\"vc_general vc_btn3 vc_btn3-size-md vc_btn3-shape-rounded vc_btn3-style-modern vc_btn3-color-danger\">Teklif Al<\/button><\/div><\/div><\/div><\/div><\/div><\/div>\n<div style=\"\" class=\"vc_row wpb_row vc_row-fluid\"><div class=\"row-inner\"><div class=\"wpb_column vc_column_container vc_col-sm-12\"><div class=\"vc_column-inner\"><div class=\"wpb_wrapper\">\n\t<div class=\"wpb_text_column wpb_content_element\" >\n\t\t<div class=\"wpb_wrapper\">\n\t\t\t<h3>Caspisec Nedir?<\/h3>\n<p><strong>Caspisec<\/strong>, k\u00fcresel \u00f6l\u00e7ekte artan karma\u015f\u0131k siber tehditlere kar\u015f\u0131 kurumlar\u0131n zafiyetlerini teknik, yap\u0131sal ve operasyonel seviyede g\u00f6r\u00fcn\u00fcr k\u0131lan bir siber g\u00fcvenlik platformudur. Sadece d\u0131\u015f sald\u0131r\u0131lara de\u011fil; kurum i\u00e7i, tedarik zinciri ve \u00fc\u00e7\u00fcnc\u00fc parti servislerden gelebilecek \u00e7ok katmanl\u0131 sald\u0131r\u0131 senaryolar\u0131na kar\u015f\u0131 tam koruma hedefler.<\/p>\n<p>Uluslararas\u0131 standartlara (OWASP, OSSTMM, ISO 27001) dayal\u0131 test metodolojileriyle, kurumlar\u0131n g\u00fcvenlik olgunlu\u011funu s\u00fcrd\u00fcr\u00fclebilir bi\u00e7imde art\u0131rmak i\u00e7in \u00e7al\u0131\u015f\u0131r.<\/p>\n<p><img loading=\"lazy\" decoding=\"async\" src=\"https:\/\/www.widetech.com.tr\/wp-content\/uploads\/2026\/03\/widesec-logo-1.png\" alt=\"\" width=\"500\" height=\"500\" class=\"aligncenter size-full wp-image-7934\" srcset=\"https:\/\/www.widetech.com.tr\/wp-content\/uploads\/2026\/03\/widesec-logo-1.png 500w, https:\/\/www.widetech.com.tr\/wp-content\/uploads\/2026\/03\/widesec-logo-1-300x300.png 300w, https:\/\/www.widetech.com.tr\/wp-content\/uploads\/2026\/03\/widesec-logo-1-150x150.png 150w, https:\/\/www.widetech.com.tr\/wp-content\/uploads\/2026\/03\/widesec-logo-1-12x12.png 12w\" sizes=\"(max-width: 500px) 100vw, 500px\" \/><\/p>\n<h3>Nas\u0131l \u00c7al\u0131\u015f\u0131r?<\/h3>\n<ul>\n<li><strong>Kapsaml\u0131 Analiz:<\/strong> Dayan\u0131kl\u0131l\u0131k \u00f6l\u00e7\u00fcm\u00fc (stress simulation) ve yap\u0131land\u0131rma kontrolleriyle ileri seviye analizler yap\u0131l\u0131r.<\/li>\n<li><strong>Sald\u0131r\u0131 Y\u00fczeyi Y\u00f6netimi:<\/strong> G\u00fcvenlik a\u00e7\u0131klar\u0131n\u0131 bulman\u0131n \u00f6tesinde, kurumun savunma kabiliyeti ve sald\u0131r\u0131 y\u00fczeyi analiz edilir.<\/li>\n<li><strong>Zafiyet Do\u011frulama:<\/strong> Tespit edilen a\u00e7\u0131klar kontroll\u00fc bi\u00e7imde sim\u00fcle edilerek ger\u00e7ek risk d\u00fczeyleri belirlenir.<\/li>\n<\/ul>\n\n\t\t<\/div>\n\t<\/div>\n<\/div><\/div><\/div><\/div><\/div>\n<div style=\"\" class=\"vc_row wpb_row vc_row-fluid\"><div class=\"row-inner\"><div class=\"wpb_column vc_column_container vc_col-sm-12\"><div class=\"vc_column-inner\"><div class=\"wpb_wrapper\">\n\t<div class=\"wpb_text_column wpb_content_element\" >\n\t\t<div class=\"wpb_wrapper\">\n\t\t\t<h3 style=\"text-align:center;\"><strong>Caspisec Hizmet Alanlar\u0131na Genel Bak\u0131\u015f<\/strong><\/h3>\n<p style=\"text-align:center;\">Siber savunma kabiliyetinizi art\u0131ran temel \u00e7al\u0131\u015fma alanlar\u0131m\u0131z:<\/p>\n<div class=\"vc_empty_space\"   style=\"height: 10px\"><span class=\"vc_empty_space_inner\"><\/span><\/div>\n\n\t\t<\/div>\n\t<\/div>\n<\/div><\/div><\/div><\/div><\/div>\n<div style=\"\" class=\"vc_row wpb_row vc_row-fluid vc_row-o-equal-height vc_row-o-content-middle vc_row-flex\"><div class=\"row-inner\"><\/p>\n<div class=\"wpb_column vc_column_container vc_col-sm-4\"><div class=\"vc_column-inner\"><div class=\"wpb_wrapper\"><div class=\"vc_icon_element vc_icon_element-outer vc_icon_element-align-center\"><div class=\"vc_icon_element-inner vc_icon_element-color-blue vc_icon_element-size-xl vc_icon_element-style- vc_icon_element-background-color-grey\" ><span class=\"vc_icon_element-icon fas fa-shield-alt\" ><\/span><\/div><\/div>\n\t<div class=\"wpb_text_column wpb_content_element\" >\n\t\t<div class=\"wpb_wrapper\">\n\t\t\t<h4 style=\"text-align:center;\">A\u011f G\u00fcvenli\u011fi (Pentest)<\/h4>\n<p style=\"text-align:center;\">\u0130\u00e7 ve d\u0131\u015f a\u011flardaki zafiyetlerin sald\u0131rgan perspektifiyle tespiti.<\/p>\n\n\t\t<\/div>\n\t<\/div>\n<\/div><\/div><\/div><br \/>\n<div class=\"vc_empty_space\"   style=\"height: 10px\"><span class=\"vc_empty_space_inner\"><\/span><\/div><br \/>\n<div class=\"wpb_column vc_column_container vc_col-sm-4\"><div class=\"vc_column-inner\"><div class=\"wpb_wrapper\"><div class=\"vc_icon_element vc_icon_element-outer vc_icon_element-align-center\"><div class=\"vc_icon_element-inner vc_icon_element-color-blue vc_icon_element-size-xl vc_icon_element-style- vc_icon_element-background-color-grey\" ><span class=\"vc_icon_element-icon fas fa-code\" ><\/span><\/div><\/div>\n\t<div class=\"wpb_text_column wpb_content_element\" >\n\t\t<div class=\"wpb_wrapper\">\n\t\t\t<h4 style=\"text-align:center;\">Web &#038; API G\u00fcvenli\u011fi<\/h4>\n<p style=\"text-align:center;\">Web uygulamalar\u0131 ve servislerin oturum ve veri i\u015fleme testleri.<\/p>\n\n\t\t<\/div>\n\t<\/div>\n<\/div><\/div><\/div><br \/>\n<div class=\"vc_empty_space\"   style=\"height: 10px\"><span class=\"vc_empty_space_inner\"><\/span><\/div><br \/>\n<div class=\"wpb_column vc_column_container vc_col-sm-4\"><div class=\"vc_column-inner\"><div class=\"wpb_wrapper\"><div class=\"vc_icon_element vc_icon_element-outer vc_icon_element-align-center\"><div class=\"vc_icon_element-inner vc_icon_element-color-blue vc_icon_element-size-xl vc_icon_element-style- vc_icon_element-background-color-grey\" ><span class=\"vc_icon_element-icon fas fa-mobile-alt\" ><\/span><\/div><\/div>\n\t<div class=\"wpb_text_column wpb_content_element\" >\n\t\t<div class=\"wpb_wrapper\">\n\t\t\t<h4 style=\"text-align:center;\">Mobil Uygulama Testi<\/h4>\n<p style=\"text-align:center;\">Android ve iOS uygulamalar\u0131nda veri ve API g\u00fcvenli\u011fi analizi.<\/p>\n\n\t\t<\/div>\n\t<\/div>\n<\/div><\/div><\/div>\n<p><\/div><\/div>\n<div class=\"vc_empty_space\"   style=\"height: 10px\"><span class=\"vc_empty_space_inner\"><\/span><\/div><div class=\"vc_empty_space\"   style=\"height: 10px\"><span class=\"vc_empty_space_inner\"><\/span><\/div><br \/>\n<div style=\"\" class=\"vc_row wpb_row vc_row-fluid vc_row-o-equal-height vc_row-o-content-middle vc_row-flex\"><div class=\"row-inner\"><\/p>\n<div class=\"wpb_column vc_column_container vc_col-sm-4\"><div class=\"vc_column-inner\"><div class=\"wpb_wrapper\"><div class=\"vc_icon_element vc_icon_element-outer vc_icon_element-align-center\"><div class=\"vc_icon_element-inner vc_icon_element-color-blue vc_icon_element-size-xl vc_icon_element-style- vc_icon_element-background-color-grey\" ><span class=\"vc_icon_element-icon fas fa-user-secret\" ><\/span><\/div><\/div>\n\t<div class=\"wpb_text_column wpb_content_element\" >\n\t\t<div class=\"wpb_wrapper\">\n\t\t\t<h4 style=\"text-align:center;\">Red Team Hizmetleri<\/h4>\n<p style=\"text-align:center;\">Ger\u00e7ek sald\u0131rgan sim\u00fclasyonu ile yakalama refleksinin \u00f6l\u00e7\u00fclmesi.<\/p>\n\n\t\t<\/div>\n\t<\/div>\n<\/div><\/div><\/div><br \/>\n<div class=\"vc_empty_space\"   style=\"height: 10px\"><span class=\"vc_empty_space_inner\"><\/span><\/div><br \/>\n<div class=\"wpb_column vc_column_container vc_col-sm-4\"><div class=\"vc_column-inner\"><div class=\"wpb_wrapper\"><div class=\"vc_icon_element vc_icon_element-outer vc_icon_element-align-center\"><div class=\"vc_icon_element-inner vc_icon_element-color-blue vc_icon_element-size-xl vc_icon_element-style- vc_icon_element-background-color-grey\" ><span class=\"vc_icon_element-icon fas fa-users\" ><\/span><\/div><\/div>\n\t<div class=\"wpb_text_column wpb_content_element\" >\n\t\t<div class=\"wpb_wrapper\">\n\t\t\t<h4 style=\"text-align:center;\">Sosyal M\u00fchendislik<\/h4>\n<p style=\"text-align:center;\">\u00c7al\u0131\u015fanlar\u0131n fark\u0131ndal\u0131\u011f\u0131n\u0131 ve oltalama sald\u0131r\u0131 dayan\u0131kl\u0131l\u0131\u011f\u0131n\u0131 \u00f6l\u00e7me.<\/p>\n\n\t\t<\/div>\n\t<\/div>\n<\/div><\/div><\/div><br \/>\n<div class=\"vc_empty_space\"   style=\"height: 10px\"><span class=\"vc_empty_space_inner\"><\/span><\/div><br \/>\n<div class=\"wpb_column vc_column_container vc_col-sm-4\"><div class=\"vc_column-inner\"><div class=\"wpb_wrapper\"><div class=\"vc_icon_element vc_icon_element-outer vc_icon_element-align-center\"><div class=\"vc_icon_element-inner vc_icon_element-color-blue vc_icon_element-size-xl vc_icon_element-style- vc_icon_element-background-color-grey\" ><span class=\"vc_icon_element-icon fas fa-vial\" ><\/span><\/div><\/div>\n\t<div class=\"wpb_text_column wpb_content_element\" >\n\t\t<div class=\"wpb_wrapper\">\n\t\t\t<h4 style=\"text-align:center;\">DDoS Sim\u00fclasyonu<\/h4>\n<p style=\"text-align:center;\">Servislerin trafik y\u00fck\u00fc ve sald\u0131r\u0131 alt\u0131ndaki dayan\u0131kl\u0131l\u0131k testi.<\/p>\n\n\t\t<\/div>\n\t<\/div>\n<\/div><\/div><\/div>\n<p><\/div><\/div>\n<div style=\"\" class=\"vc_row wpb_row vc_row-fluid\"><div class=\"row-inner\"><div class=\"wpb_column vc_column_container vc_col-sm-12\"><div class=\"vc_column-inner\"><div class=\"wpb_wrapper\">\n\t<div class=\"wpb_text_column wpb_content_element\" >\n\t\t<div class=\"wpb_wrapper\">\n\t\t\t<h3>Test ve Raporlama S\u00fcre\u00e7leri<\/h3>\n<ul>\n<li><strong>Tarama ve Bilgi Toplama:<\/strong> Hedef yap\u0131ya ili\u015fkin t\u00fcm aktif servislerin ve portlar\u0131n haritalanmas\u0131.<\/li>\n<li><strong>Manuel Analizler:<\/strong> Otomatik ara\u00e7lar\u0131n bulgular\u0131n\u0131n uzman ekiplerce do\u011frulanmas\u0131 ve \u00f6zel senaryo uygulamalar\u0131.<\/li>\n<li><strong>Kritiklik Tespiti:<\/strong> Zafiyetlerin istismar edilebilirli\u011fi ve veri if\u015fas\u0131 potansiyeline g\u00f6re s\u0131n\u0131fland\u0131r\u0131lmas\u0131.<\/li>\n<li><strong>Teknik Raporlama:<\/strong> K\u00f6k neden, risk skoru ve \u00e7\u00f6z\u00fcm \u00f6nerilerini i\u00e7eren detayl\u0131 y\u00f6netimsel \u00f6zet sunumu.<\/li>\n<\/ul>\n<h3>Neden Caspisec?<\/h3>\n<p>Caspisec, kurumunuzun siber g\u00fcvenlik olgunlu\u011funu art\u0131rmak i\u00e7in OWASP Top 10 gibi g\u00fcncel tehdit s\u0131n\u0131flar\u0131n\u0131 temel alarak derinlemesine denetimler sunar.<\/p>\n<p>Hizmet kesintisi yaratmadan ger\u00e7ekle\u015ftirilen s\u0131zma testleri, sadece a\u00e7\u0131klar\u0131 bulmakla kalmaz; \u00e7\u00f6z\u00fcm yollar\u0131n\u0131 teknik detaylar\u0131yla analiz ederek savunma refleksinizi g\u00fc\u00e7lendirir.<\/p>\n\n\t\t<\/div>\n\t<\/div>\n<\/div><\/div><\/div><\/div><\/div>\n<\/section>","protected":false},"excerpt":{"rendered":"Siber G\u00fcvenlik Hizmetleri ve Dan\u0131\u015fmanl\u0131\u011f\u0131 Teklif Al Caspisec Nedir? Caspisec, k\u00fcresel \u00f6l\u00e7ekte artan karma\u015f\u0131k siber tehditlere kar\u015f\u0131 kurumlar\u0131n zafiyetlerini teknik, yap\u0131sal ve operasyonel seviyede g\u00f6r\u00fcn\u00fcr k\u0131lan bir siber g\u00fcvenlik platformudur. Sadece d\u0131\u015f sald\u0131r\u0131lara de\u011fil; kurum i\u00e7i, tedarik zinciri ve \u00fc\u00e7\u00fcnc\u00fc parti servislerden gelebilecek \u00e7ok katmanl\u0131 sald\u0131r\u0131 senaryolar\u0131na kar\u015f\u0131 tam koruma hedefler. Uluslararas\u0131 standartlara (OWASP, OSSTMM, [...]","protected":false},"author":1,"featured_media":0,"parent":0,"menu_order":0,"comment_status":"closed","ping_status":"closed","template":"","meta":{"om_disable_all_campaigns":false,"_monsterinsights_skip_tracking":false,"_monsterinsights_sitenote_active":false,"_monsterinsights_sitenote_note":"","_monsterinsights_sitenote_category":0,"footnotes":""},"acf":[],"aioseo_notices":[],"_links":{"self":[{"href":"https:\/\/www.widetech.com.tr\/en\/wp-json\/wp\/v2\/pages\/7929"}],"collection":[{"href":"https:\/\/www.widetech.com.tr\/en\/wp-json\/wp\/v2\/pages"}],"about":[{"href":"https:\/\/www.widetech.com.tr\/en\/wp-json\/wp\/v2\/types\/page"}],"author":[{"embeddable":true,"href":"https:\/\/www.widetech.com.tr\/en\/wp-json\/wp\/v2\/users\/1"}],"replies":[{"embeddable":true,"href":"https:\/\/www.widetech.com.tr\/en\/wp-json\/wp\/v2\/comments?post=7929"}],"version-history":[{"count":3,"href":"https:\/\/www.widetech.com.tr\/en\/wp-json\/wp\/v2\/pages\/7929\/revisions"}],"predecessor-version":[{"id":7935,"href":"https:\/\/www.widetech.com.tr\/en\/wp-json\/wp\/v2\/pages\/7929\/revisions\/7935"}],"wp:attachment":[{"href":"https:\/\/www.widetech.com.tr\/en\/wp-json\/wp\/v2\/media?parent=7929"}],"curies":[{"name":"wp","href":"https:\/\/api.w.org\/{rel}","templated":true}]}}