{"id":7962,"date":"2026-05-04T10:46:46","date_gmt":"2026-05-04T07:46:46","guid":{"rendered":"https:\/\/www.widetech.com.tr\/?page_id=7962"},"modified":"2026-05-04T10:49:23","modified_gmt":"2026-05-04T07:49:23","slug":"sertifikalarimiz","status":"publish","type":"page","link":"https:\/\/www.widetech.com.tr\/en\/industries\/sertifikalarimiz\/","title":{"rendered":"Sertifikalar\u0131m\u0131z"},"content":{"rendered":"<div class=\"iso-sertifika-container\">\n<div class=\"iso-kart\">\n<h3>Bilgi G\u00fcvenli\u011fi ve Kalite Y\u00f6netimi<\/h3>\n<div class=\"iso-bolum\">\n<h3>ISO 9001:2015<\/h3>\n<p>Kalite y\u00f6netim s\u00fcre\u00e7lerimizin uluslararas\u0131 standartlara uygunlu\u011fu belgelendirilmi\u015ftir.<\/p>\n<\/p><\/div>\n<div class=\"iso-bolum\">\n<h3>ISO\/IEC 27001:2022<\/h3>\n<p>Bilgi g\u00fcvenli\u011fi y\u00f6netim sistemimiz uluslararas\u0131 standartlara uygun \u015fekilde i\u015fletilmektedir.<\/p>\n<\/p><\/div><\/div>\n<\/div>\n<style>\n.iso-sertifika-container {\n    display: flex;\n    justify-content: center;\n    align-items: center;\n    padding: 20px;\n    text-align: center; \/* Yaz\u0131lar\u0131 ortalar *\/\n}<\/p>\n<p>.iso-kart {\n    max-width: 600px;\n    width: 100%;\n    border: 1px solid #e0e0e0;\n    padding: 30px;\n    border-radius: 8px;\n    background-color: #f9f9f9;\n}<\/p>\n<p>.iso-kart h2 {\n    color: #1a1a1a;\n    font-size: 24px;\n    margin-bottom: 25px;\n    border-bottom: 2px solid #0056b3; \/* Kurumsal bir alt \u00e7izgi *\/\n    padding-bottom: 10px;\n}<\/p>\n<p>.iso-bolum {\n    margin-bottom: 20px;\n}<\/p>\n<p>.iso-bolum h3 {\n    color: #0056b3;\n    font-size: 18px;\n    margin-bottom: 8px;\n}<\/p>\n<p>.iso-bolum p {\n    color: #555;\n    line-height: 1.6;\n    margin: 0;\n}\n<\/style>","protected":false},"excerpt":{"rendered":"<p>Bilgi G\u00fcvenli\u011fi ve Kalite Y\u00f6netimi ISO 9001:2015 Kalite y\u00f6netim s\u00fcre\u00e7lerimizin uluslararas\u0131 standartlara uygunlu\u011fu belgelendirilmi\u015ftir. ISO\/IEC 27001:2022 Bilgi g\u00fcvenli\u011fi y\u00f6netim sistemimiz uluslararas\u0131 standartlara uygun \u015fekilde i\u015fletilmektedir.<\/p>","protected":false},"author":1,"featured_media":0,"parent":721,"menu_order":0,"comment_status":"closed","ping_status":"closed","template":"","meta":{"om_disable_all_campaigns":false,"_monsterinsights_skip_tracking":false,"_monsterinsights_sitenote_active":false,"_monsterinsights_sitenote_note":"","_monsterinsights_sitenote_category":0,"footnotes":""},"acf":[],"aioseo_notices":[],"_links":{"self":[{"href":"https:\/\/www.widetech.com.tr\/en\/wp-json\/wp\/v2\/pages\/7962"}],"collection":[{"href":"https:\/\/www.widetech.com.tr\/en\/wp-json\/wp\/v2\/pages"}],"about":[{"href":"https:\/\/www.widetech.com.tr\/en\/wp-json\/wp\/v2\/types\/page"}],"author":[{"embeddable":true,"href":"https:\/\/www.widetech.com.tr\/en\/wp-json\/wp\/v2\/users\/1"}],"replies":[{"embeddable":true,"href":"https:\/\/www.widetech.com.tr\/en\/wp-json\/wp\/v2\/comments?post=7962"}],"version-history":[{"count":3,"href":"https:\/\/www.widetech.com.tr\/en\/wp-json\/wp\/v2\/pages\/7962\/revisions"}],"predecessor-version":[{"id":7967,"href":"https:\/\/www.widetech.com.tr\/en\/wp-json\/wp\/v2\/pages\/7962\/revisions\/7967"}],"up":[{"embeddable":true,"href":"https:\/\/www.widetech.com.tr\/en\/wp-json\/wp\/v2\/pages\/721"}],"wp:attachment":[{"href":"https:\/\/www.widetech.com.tr\/en\/wp-json\/wp\/v2\/media?parent=7962"}],"curies":[{"name":"wp","href":"https:\/\/api.w.org\/{rel}","templated":true}]}}