{"id":7998,"date":"2026-05-07T15:46:47","date_gmt":"2026-05-07T12:46:47","guid":{"rendered":"https:\/\/www.widetech.com.tr\/?page_id=7998"},"modified":"2026-05-07T15:49:25","modified_gmt":"2026-05-07T12:49:25","slug":"securden","status":"publish","type":"page","link":"https:\/\/www.widetech.com.tr\/en\/securden\/","title":{"rendered":"Securden"},"content":{"rendered":"<section class=\"wpb-content-wrapper\"><div style=\"\" class=\"vc_row wpb_row vc_row-fluid vc_custom_5101 vc_row-o-content-middle vc_row-flex\"><div class=\"row-inner\"><div class=\"wpb_column vc_column_container vc_col-sm-12\"><div class=\"vc_column-inner\"><div class=\"wpb_wrapper\">\n\t<div class=\"wpb_text_column wpb_content_element\" >\n\t\t<div class=\"wpb_wrapper\">\n\t\t\t<p><img decoding=\"async\" src=\"https:\/\/www.widetech.com.tr\/wp-content\/uploads\/2026\/05\/Ekran-Resmi-2026-05-07-15.43.29.png\" alt=\"Securden PAM\" width=\"320\" class=\"aligncenter size-full wp-image-8000\" style=\"display:block; margin:0 auto;\" srcset=\"https:\/\/www.widetech.com.tr\/wp-content\/uploads\/2026\/05\/Ekran-Resmi-2026-05-07-15.43.29.png 1257w, https:\/\/www.widetech.com.tr\/wp-content\/uploads\/2026\/05\/Ekran-Resmi-2026-05-07-15.43.29-300x214.png 300w, https:\/\/www.widetech.com.tr\/wp-content\/uploads\/2026\/05\/Ekran-Resmi-2026-05-07-15.43.29-1024x732.png 1024w, https:\/\/www.widetech.com.tr\/wp-content\/uploads\/2026\/05\/Ekran-Resmi-2026-05-07-15.43.29-768x549.png 768w, https:\/\/www.widetech.com.tr\/wp-content\/uploads\/2026\/05\/Ekran-Resmi-2026-05-07-15.43.29-18x12.png 18w\" sizes=\"(max-width: 1257px) 100vw, 1257px\" \/><\/p>\n<h2 style=\"text-align: center;\"><strong>B\u00fct\u00fcnle\u015fik Ayr\u0131cal\u0131kl\u0131 Eri\u015fim Y\u00f6netimi (PAM) ve Zero Trust Korumas\u0131<\/strong><\/h2>\n\n\t\t<\/div>\n\t<\/div>\n<div class=\"vc_btn3-container vc_btn3-center\" ><a class=\"vc_general vc_btn3 vc_btn3-size-md vc_btn3-shape-rounded vc_btn3-style-modern vc_btn3-color-danger\" href=\"https:\/\/www.widetech.com.tr\/en\/iletisim\/\" title=\"\u0130leti\u015fim\">Teklif Al<\/a><\/div><br \/>\n<div style=\"\" class=\"vc_row wpb_row vc_row-fluid vc_custom_5102\"><div class=\"row-inner\"><\/div><\/div><div class=\"wpb_column vc_column_container vc_col-sm-12\"><div class=\"vc_column-inner\"><div class=\"wpb_wrapper\"><\/div><\/div><\/div>\n\t<div class=\"wpb_text_column wpb_content_element\" >\n\t\t<div class=\"wpb_wrapper\">\n\t\t\t<h3>Securden ile Ayr\u0131cal\u0131kl\u0131 Hesaplar\u0131n\u0131z\u0131 Kontrol Alt\u0131na Al\u0131n<\/h3>\n<p><strong>Securden<\/strong>, kurumlar\u0131n BT altyap\u0131s\u0131ndaki en kritik varl\u0131klar\u0131 korumak i\u00e7in tasarlanm\u0131\u015f kapsaml\u0131 bir g\u00fcvenlik platformudur. Sunucular, veritabanlar\u0131, a\u011f cihazlar\u0131 ve bulut platformlar\u0131na eri\u015fimi olan &#8220;ayr\u0131cal\u0131kl\u0131 hesaplar\u0131n&#8221; (Admin, Root vb.) t\u00fcm ya\u015fam d\u00f6ng\u00fcs\u00fcn\u00fc otomatikle\u015ftirir.<\/p>\n<p>Geleneksel eri\u015fim y\u00f6ntemlerinin yaratt\u0131\u011f\u0131 g\u00fcvenlik a\u00e7\u0131klar\u0131n\u0131 kapat\u0131rken, BT ekiplerine tam g\u00f6r\u00fcn\u00fcrl\u00fck ve denetim kabiliyeti sa\u011flar. <strong>&#8220;Asla g\u00fcvenme, her zaman do\u011frula&#8221;<\/strong> prensibini i\u015f ak\u0131\u015flar\u0131n\u0131z\u0131n merkezine yerle\u015ftirir.<\/p>\n<h3>\u00d6ne \u00c7\u0131kan Securden \u00c7\u00f6z\u00fcmleri<\/h3>\n<ul>\n<li><strong>Unified PAM:<\/strong> Kurumsal \u015fifre kasas\u0131, oturum y\u00f6netimi ve uzaktan eri\u015fim kontrol\u00fcn\u00fc tek bir aray\u00fczde birle\u015ftirir.<\/li>\n<li><strong>Privileged Management for Windows\/Mac:<\/strong> U\u00e7 noktalarda (endpoint) y\u00f6netici haklar\u0131n\u0131 kald\u0131rarak, sald\u0131rganlar\u0131n a\u011f i\u00e7inde yanal hareket (lateral movement) yapmas\u0131n\u0131 engeller.<\/li>\n<li><strong>Dynamic Just-In-Time (JIT) Access:<\/strong> Kullan\u0131c\u0131lara kal\u0131c\u0131 yetki vermek yerine, sadece ihtiya\u00e7 duyduklar\u0131 an ve s\u00fcre kadar (Just-In-Time) eri\u015fim izni tan\u0131mlar.<\/li>\n<\/ul>\n\n\t\t<\/div>\n\t<\/div>\n<\/div><\/div><\/div><\/div><\/div>\n<div style=\"\" class=\"vc_row wpb_row vc_row-fluid vc_custom_5103\"><div class=\"row-inner\"><div class=\"wpb_column vc_column_container vc_col-sm-12\"><div class=\"vc_column-inner\"><div class=\"wpb_wrapper\">\n\t<div class=\"wpb_text_column wpb_content_element\" >\n\t\t<div class=\"wpb_wrapper\">\n\t\t\t<h3 style=\"text-align:center;\"><strong>Neden Securden&#8217;i Tercih Etmelisiniz?<\/strong><\/h3>\n<p style=\"text-align:center;\">Modern BT ortamlar\u0131 i\u00e7in geli\u015ftirilmi\u015f ak\u0131ll\u0131 g\u00fcvenlik katmanlar\u0131:<\/p>\n<div class=\"vc_empty_space\"   style=\"height: 20px\"><span class=\"vc_empty_space_inner\"><\/span><\/div>\n\n\t\t<\/div>\n\t<\/div>\n<\/div><\/div><\/div><\/div><\/div>\n<div style=\"\" class=\"vc_row wpb_row vc_row-fluid vc_custom_5104 vc_row-o-equal-height vc_row-o-content-middle vc_row-flex\"><div class=\"row-inner\"><br \/>\n<div class=\"wpb_column vc_column_container vc_col-sm-4\"><div class=\"vc_column-inner\"><div class=\"wpb_wrapper\"><div class=\"vc_icon_element vc_icon_element-outer vc_icon_element-align-center\"><div class=\"vc_icon_element-inner vc_icon_element-color-danger vc_icon_element-size-xl vc_icon_element-style- vc_icon_element-background-color-grey\" ><span class=\"vc_icon_element-icon fas fa-user-check\" ><\/span><\/div><\/div>\n\t<div class=\"wpb_text_column wpb_content_element\" >\n\t\t<div class=\"wpb_wrapper\">\n\t\t\t<h4 style=\"text-align:center;\">S\u0131f\u0131r G\u00fcven Eri\u015fimi<\/h4>\n<p style=\"text-align:center;\">Kimlik tabanl\u0131 eri\u015fim kontrol\u00fc ve \u00e7ok fakt\u00f6rl\u00fc do\u011frulama (MFA) entegrasyonu.<\/p>\n\n\t\t<\/div>\n\t<\/div>\n<\/div><\/div><\/div><br \/>\n<div class=\"wpb_column vc_column_container vc_col-sm-4\"><div class=\"vc_column-inner\"><div class=\"wpb_wrapper\"><div class=\"vc_icon_element vc_icon_element-outer vc_icon_element-align-center\"><div class=\"vc_icon_element-inner vc_icon_element-color-danger vc_icon_element-size-xl vc_icon_element-style- vc_icon_element-background-color-grey\" ><span class=\"vc_icon_element-icon fas fa-video\" ><\/span><\/div><\/div>\n\t<div class=\"wpb_text_column wpb_content_element\" >\n\t\t<div class=\"wpb_wrapper\">\n\t\t\t<h4 style=\"text-align:center;\">Oturum Kayd\u0131 ve \u0130zleme<\/h4>\n<p style=\"text-align:center;\">Yap\u0131lan t\u00fcm i\u015flemlerin video kayd\u0131n\u0131 al\u0131r, \u015f\u00fcpheli durumlarda oturumu an\u0131nda sonland\u0131r\u0131r.<\/p>\n\n\t\t<\/div>\n\t<\/div>\n<\/div><\/div><\/div><br \/>\n<div class=\"wpb_column vc_column_container vc_col-sm-4\"><div class=\"vc_column-inner\"><div class=\"wpb_wrapper\"><div class=\"vc_icon_element vc_icon_element-outer vc_icon_element-align-center\"><div class=\"vc_icon_element-inner vc_icon_element-color-danger vc_icon_element-size-xl vc_icon_element-style- vc_icon_element-background-color-grey\" ><span class=\"vc_icon_element-icon fas fa-sync-alt\" ><\/span><\/div><\/div>\n\t<div class=\"wpb_text_column wpb_content_element\" >\n\t\t<div class=\"wpb_wrapper\">\n\t\t\t<h4 style=\"text-align:center;\">Otomatik \u015eifre Rotasyonu<\/h4>\n<p style=\"text-align:center;\">Kritik hesaplar\u0131n \u015fifrelerini karma\u015f\u0131kl\u0131k kurallar\u0131na g\u00f6re periyodik olarak g\u00fcnceller.<\/p>\n\n\t\t<\/div>\n\t<\/div>\n<\/div><\/div><\/div><br \/>\n<\/div><\/div>\n<div class=\"vc_empty_space\"   style=\"height: 20px\"><span class=\"vc_empty_space_inner\"><\/span><\/div>\n<div style=\"\" class=\"vc_row wpb_row vc_row-fluid vc_custom_5105\"><div class=\"row-inner\"><div class=\"wpb_column vc_column_container vc_col-sm-12\"><div class=\"vc_column-inner\"><div class=\"wpb_wrapper\"><div class=\"vc_separator wpb_content_element vc_separator_align_center vc_sep_width_100 vc_sep_pos_align_center vc_separator_no_text vc_sep_color_grey\" ><span class=\"vc_sep_holder vc_sep_holder_l\"><span class=\"vc_sep_line\"><\/span><\/span><span class=\"vc_sep_holder vc_sep_holder_r\"><span class=\"vc_sep_line\"><\/span><\/span>\n<\/div>\n\t<div class=\"wpb_text_column wpb_content_element\" >\n\t\t<div class=\"wpb_wrapper\">\n\t\t\t<h3>Kurumsal Faydalar ve Uyumluluk<\/h3>\n<p>Securden, sadece g\u00fcvenli\u011fi art\u0131rmakla kalmaz, ayn\u0131 zamanda operasyonel m\u00fckemmellik sa\u011flar:<\/p>\n<ul>\n<li><strong>H\u0131zl\u0131 Da\u011f\u0131t\u0131m:<\/strong> Karma\u015f\u0131k yap\u0131land\u0131rmalara gerek kalmadan, dakikalar i\u00e7inde haz\u0131r hale gelir ve mevcut AD\/Azure AD yap\u0131n\u0131zla senkronize olur.<\/li>\n<li><strong>Denetim Haz\u0131rl\u0131\u011f\u0131:<\/strong> GDPR, KVKK, ISO 27001 ve SOC2 uyumlulu\u011fu i\u00e7in gerekli olan t\u00fcm eri\u015fim raporlar\u0131n\u0131 tek bir t\u0131kla sunar.<\/li>\n<li><strong>Maliyet Tasarrufu:<\/strong> Ayr\u0131cal\u0131kl\u0131 hesap y\u00f6netimini otomatize ederek BT destek birimlerinin i\u015f y\u00fck\u00fcn\u00fc ve manuel hatalar\u0131 azalt\u0131r.<\/li>\n<li><strong>G\u00fcvenli Uzaktan \u00c7al\u0131\u015fma:<\/strong> \u015eirket kaynaklar\u0131na d\u0131\u015far\u0131dan ba\u011flanan \u00e7al\u0131\u015fanlar ve \u00fc\u00e7\u00fcnc\u00fc taraf destek ekipleri i\u00e7in VPN-less (VPN gerektirmeyen) g\u00fcvenli t\u00fcneller olu\u015fturur.<\/li>\n<\/ul>\n<h3>Kritik Altyap\u0131n\u0131z\u0131 Securden ile Z\u0131rhland\u0131r\u0131n<\/h3>\n<p>Siber sald\u0131r\u0131lar\u0131n %80&#8217;i ayr\u0131cal\u0131kl\u0131 hesaplar\u0131n ele ge\u00e7irilmesiyle ba\u015flar. Securden, bu hesaplar\u0131n y\u00f6netimini insan hatas\u0131ndan ar\u0131nd\u0131rarak kurumunuzu gelece\u011fin tehditlerine kar\u015f\u0131 bug\u00fcnden haz\u0131rlar.<\/p>\n\n\t\t<\/div>\n\t<\/div>\n<\/div><\/div><\/div><\/div><\/div>\n<\/section>","protected":false},"excerpt":{"rendered":"B\u00fct\u00fcnle\u015fik Ayr\u0131cal\u0131kl\u0131 Eri\u015fim Y\u00f6netimi (PAM) ve Zero Trust Korumas\u0131 Teklif Al Securden ile Ayr\u0131cal\u0131kl\u0131 Hesaplar\u0131n\u0131z\u0131 Kontrol Alt\u0131na Al\u0131n Securden, kurumlar\u0131n BT altyap\u0131s\u0131ndaki en kritik varl\u0131klar\u0131 korumak i\u00e7in tasarlanm\u0131\u015f kapsaml\u0131 bir g\u00fcvenlik platformudur. Sunucular, veritabanlar\u0131, a\u011f cihazlar\u0131 ve bulut platformlar\u0131na eri\u015fimi olan \"ayr\u0131cal\u0131kl\u0131 hesaplar\u0131n\" (Admin, Root vb.) t\u00fcm ya\u015fam d\u00f6ng\u00fcs\u00fcn\u00fc otomatikle\u015ftirir. Geleneksel eri\u015fim y\u00f6ntemlerinin yaratt\u0131\u011f\u0131 g\u00fcvenlik [...]","protected":false},"author":1,"featured_media":0,"parent":0,"menu_order":0,"comment_status":"closed","ping_status":"closed","template":"","meta":{"om_disable_all_campaigns":false,"_monsterinsights_skip_tracking":false,"_monsterinsights_sitenote_active":false,"_monsterinsights_sitenote_note":"","_monsterinsights_sitenote_category":0,"footnotes":""},"acf":[],"aioseo_notices":[],"_links":{"self":[{"href":"https:\/\/www.widetech.com.tr\/en\/wp-json\/wp\/v2\/pages\/7998"}],"collection":[{"href":"https:\/\/www.widetech.com.tr\/en\/wp-json\/wp\/v2\/pages"}],"about":[{"href":"https:\/\/www.widetech.com.tr\/en\/wp-json\/wp\/v2\/types\/page"}],"author":[{"embeddable":true,"href":"https:\/\/www.widetech.com.tr\/en\/wp-json\/wp\/v2\/users\/1"}],"replies":[{"embeddable":true,"href":"https:\/\/www.widetech.com.tr\/en\/wp-json\/wp\/v2\/comments?post=7998"}],"version-history":[{"count":6,"href":"https:\/\/www.widetech.com.tr\/en\/wp-json\/wp\/v2\/pages\/7998\/revisions"}],"predecessor-version":[{"id":8006,"href":"https:\/\/www.widetech.com.tr\/en\/wp-json\/wp\/v2\/pages\/7998\/revisions\/8006"}],"wp:attachment":[{"href":"https:\/\/www.widetech.com.tr\/en\/wp-json\/wp\/v2\/media?parent=7998"}],"curies":[{"name":"wp","href":"https:\/\/api.w.org\/{rel}","templated":true}]}}