{"id":8007,"date":"2026-05-07T17:51:27","date_gmt":"2026-05-07T14:51:27","guid":{"rendered":"https:\/\/www.widetech.com.tr\/?page_id=8007"},"modified":"2026-05-07T17:51:27","modified_gmt":"2026-05-07T14:51:27","slug":"zecurion","status":"publish","type":"page","link":"https:\/\/www.widetech.com.tr\/en\/zecurion\/","title":{"rendered":"Zecurion"},"content":{"rendered":"<section class=\"wpb-content-wrapper\"><div style=\"\" class=\"vc_row wpb_row vc_row-fluid vc_custom_6001 vc_row-o-content-middle vc_row-flex\"><div class=\"row-inner\"><div class=\"wpb_column vc_column_container vc_col-sm-12\"><div class=\"vc_column-inner\"><div class=\"wpb_wrapper\">\n\t<div class=\"wpb_text_column wpb_content_element\" >\n\t\t<div class=\"wpb_wrapper\">\n\t\t\t<p><img loading=\"lazy\" decoding=\"async\" src=\"https:\/\/www.widetech.com.tr\/wp-content\/uploads\/2026\/05\/info__img_002.jpg\" alt=\"\" width=\"525\" height=\"375\" class=\"aligncenter size-full wp-image-8009\" \nstyle=\"display:block; margin:0 auto;\" \nsrcset=\"https:\/\/www.widetech.com.tr\/wp-content\/uploads\/2026\/05\/info__img_002.jpg 525w, https:\/\/www.widetech.com.tr\/wp-content\/uploads\/2026\/05\/info__img_002-300x214.jpg 300w, https:\/\/www.widetech.com.tr\/wp-content\/uploads\/2026\/05\/info__img_002-18x12.jpg 18w\" sizes=\"(max-width: 525px) 100vw, 525px\" \/><\/p>\n<h2 style=\"text-align: center;\"><strong>Yeni Nesil Veri Kayb\u0131 \u00d6nleme (DLP) ve \u0130\u00e7 Tehdit G\u00fcvenli\u011fi<\/strong><\/h2>\n\n\t\t<\/div>\n\t<\/div>\n<div class=\"vc_empty_space\"   style=\"height: 20px\"><span class=\"vc_empty_space_inner\"><\/span><\/div>\n<div class=\"vc_btn3-container vc_btn3-center\" ><a class=\"vc_general vc_btn3 vc_btn3-size-md vc_btn3-shape-rounded vc_btn3-style-modern vc_btn3-color-danger\" href=\"https:\/\/www.widetech.com.tr\/en\/iletisim\/\" title=\"\u0130leti\u015fim\">Teklif Al<\/a><\/div>\n<p><\/div><\/div><\/div><\/div><\/div>\n<div style=\"\" class=\"vc_row wpb_row vc_row-fluid vc_custom_6002\"><div class=\"row-inner\"><div class=\"wpb_column vc_column_container vc_col-sm-12\"><div class=\"vc_column-inner\"><div class=\"wpb_wrapper\">\n\t<div class=\"wpb_text_column wpb_content_element\" >\n\t\t<div class=\"wpb_wrapper\">\n\t\t\t<h3>Zecurion DLP Nedir?<\/h3>\n<p><strong>Zecurion DLP<\/strong>, kurumsal verilerin yetkisiz payla\u015f\u0131m\u0131n\u0131, s\u0131zd\u0131r\u0131lmas\u0131n\u0131 veya \u00e7al\u0131nmas\u0131n\u0131 engellemek i\u00e7in tasarlanm\u0131\u015f kapsaml\u0131 bir veri g\u00fcvenli\u011fi platformudur. Sekt\u00f6rdeki en h\u0131zl\u0131 yayg\u0131nla\u015ft\u0131rma s\u00fcrelerinden birine sahip olan Zecurion, veriyi sadece dururken (Storage) veya hareket halindeyken (Network) de\u011fil, kullan\u0131m an\u0131nda da (Endpoint) en ince detay\u0131na kadar denetler.<\/p>\n<p>Zecurion, sadece veri s\u0131z\u0131nt\u0131lar\u0131n\u0131 durdurmakla kalmaz; b\u00fcnyesindeki <strong>Kullan\u0131c\u0131 Davran\u0131\u015f Analizi (UBA)<\/strong> motoru sayesinde \u00e7al\u0131\u015fanlar\u0131n risk profilini \u00e7\u0131kararak ola\u011fand\u0131\u015f\u0131 hareketleri hen\u00fcz s\u0131z\u0131nt\u0131 ger\u00e7ekle\u015fmeden tespit eder.<\/p>\n<h3>Zecurion\u2019un Temel Koruma Katmanlar\u0131<\/h3>\n<ul>\n<li><strong>Traffic Control:<\/strong> Web trafi\u011fi, kurumsal e-postalar ve bulut servisleri \u00fczerinden ger\u00e7ekle\u015fen veri transferlerini denetler.<\/li>\n<li><strong>Device Control:<\/strong> USB s\u00fcr\u00fcc\u00fcler, harici diskler ve di\u011fer ta\u015f\u0131nabilir cihazlar \u00fczerindeki veri ak\u0131\u015f\u0131n\u0131 k\u0131s\u0131tlar veya izler.<\/li>\n<li><strong>Discovery:<\/strong> Kurumsal a\u011f\u0131n\u0131zdaki gizli veya unutulmu\u015f hassas verileri bularak (TC Kimlik No, Kredi Kart\u0131 vb.) raporlar.<\/li>\n<li><strong>Screen Photo Detector:<\/strong> Ekran\u0131n telefonla foto\u011fraf\u0131n\u0131n \u00e7ekilmesini engelleyen yapay zeka tabanl\u0131 benzersiz bir koruma sa\u011flar.<\/li>\n<\/ul>\n\n\t\t<\/div>\n\t<\/div>\n<\/div><\/div><\/div><\/div><\/div>\n<div style=\"\" class=\"vc_row wpb_row vc_row-fluid vc_custom_6003\"><div class=\"row-inner\"><div class=\"wpb_column vc_column_container vc_col-sm-12\"><div class=\"vc_column-inner\"><div class=\"wpb_wrapper\">\n\t<div class=\"wpb_text_column wpb_content_element\" >\n\t\t<div class=\"wpb_wrapper\">\n\t\t\t<h3 style=\"text-align:center;\"><strong>Teknik Avantajlar ve Yetenekler<\/strong><\/h3>\n<p style=\"text-align:center;\">Veri g\u00fcvenli\u011finde s\u0131f\u0131r tolerans yakla\u015f\u0131m\u0131:<\/p>\n<div class=\"vc_empty_space\"   style=\"height: 20px\"><span class=\"vc_empty_space_inner\"><\/span><\/div>\n\n\t\t<\/div>\n\t<\/div>\n<\/div><\/div><\/div><\/div><\/div>\n<div style=\"\" class=\"vc_row wpb_row vc_row-fluid vc_custom_6004 vc_row-o-equal-height vc_row-o-content-middle vc_row-flex\"><div class=\"row-inner\"><br \/>\n<div class=\"wpb_column vc_column_container vc_col-sm-4\"><div class=\"vc_column-inner\"><div class=\"wpb_wrapper\"><div class=\"vc_icon_element vc_icon_element-outer vc_icon_element-align-center\"><div class=\"vc_icon_element-inner vc_icon_element-color-danger vc_icon_element-size-xl vc_icon_element-style- vc_icon_element-background-color-grey\" ><span class=\"vc_icon_element-icon fas fa-eye\" ><\/span><\/div><\/div>\n\t<div class=\"wpb_text_column wpb_content_element\" >\n\t\t<div class=\"wpb_wrapper\">\n\t\t\t<h4 style=\"text-align:center;\">Ekran Filigran\u0131<\/h4>\n<p style=\"text-align:center;\">Kullan\u0131c\u0131 bazl\u0131 filigranlar (watermark) ile ekran g\u00f6r\u00fcnt\u00fcs\u00fc almay\u0131 cayd\u0131r\u0131r.<\/p>\n\n\t\t<\/div>\n\t<\/div>\n<\/div><\/div><\/div><br \/>\n<div class=\"wpb_column vc_column_container vc_col-sm-4\"><div class=\"vc_column-inner\"><div class=\"wpb_wrapper\"><div class=\"vc_icon_element vc_icon_element-outer vc_icon_element-align-center\"><div class=\"vc_icon_element-inner vc_icon_element-color-danger vc_icon_element-size-xl vc_icon_element-style- vc_icon_element-background-color-grey\" ><span class=\"vc_icon_element-icon fas fa-user-clock\" ><\/span><\/div><\/div>\n\t<div class=\"wpb_text_column wpb_content_element\" >\n\t\t<div class=\"wpb_wrapper\">\n\t\t\t<h4 style=\"text-align:center;\">Davran\u0131\u015f Analizi (UBA)<\/h4>\n<p style=\"text-align:center;\">Riskli kullan\u0131c\u0131lar\u0131 belirlemek i\u00e7in makine \u00f6\u011frenmesi tabanl\u0131 davran\u0131\u015f takibi.<\/p>\n\n\t\t<\/div>\n\t<\/div>\n<\/div><\/div><\/div><br \/>\n<div class=\"wpb_column vc_column_container vc_col-sm-4\"><div class=\"vc_column-inner\"><div class=\"wpb_wrapper\"><div class=\"vc_icon_element vc_icon_element-outer vc_icon_element-align-center\"><div class=\"vc_icon_element-inner vc_icon_element-color-danger vc_icon_element-size-xl vc_icon_element-style- vc_icon_element-background-color-grey\" ><span class=\"vc_icon_element-icon fas fa-file-invoice\" ><\/span><\/div><\/div>\n\t<div class=\"wpb_text_column wpb_content_element\" >\n\t\t<div class=\"wpb_wrapper\">\n\t\t\t<h4 style=\"text-align:center;\">OCR Deste\u011fi<\/h4>\n<p style=\"text-align:center;\">G\u00f6rseller ve taranm\u0131\u015f belgeler i\u00e7indeki metinleri tan\u0131yarak veri s\u0131z\u0131nt\u0131s\u0131n\u0131 \u00f6nler.<\/p>\n\n\t\t<\/div>\n\t<\/div>\n<\/div><\/div><\/div><br \/>\n<\/div><\/div>\n<div class=\"vc_empty_space\"   style=\"height: 20px\"><span class=\"vc_empty_space_inner\"><\/span><\/div>\n<div style=\"\" class=\"vc_row wpb_row vc_row-fluid vc_custom_6005\"><div class=\"row-inner\"><div class=\"wpb_column vc_column_container vc_col-sm-12\"><div class=\"vc_column-inner\"><div class=\"wpb_wrapper\"><div class=\"vc_separator wpb_content_element vc_separator_align_center vc_sep_width_100 vc_sep_pos_align_center vc_separator_no_text vc_sep_color_grey\" ><span class=\"vc_sep_holder vc_sep_holder_l\"><span class=\"vc_sep_line\"><\/span><\/span><span class=\"vc_sep_holder vc_sep_holder_r\"><span class=\"vc_sep_line\"><\/span><\/span>\n<\/div>\n\t<div class=\"wpb_text_column wpb_content_element\" >\n\t\t<div class=\"wpb_wrapper\">\n\t\t\t<h3>Neden Zecurion DLP?<\/h3>\n<p>Zecurion, kurumlara sadece bir yaz\u0131l\u0131m de\u011fil, tam bir i\u00e7 tehdit y\u00f6netimi ekosistemi sunar:<\/p>\n<ul>\n<li><strong>H\u0131zl\u0131 Kurulum:<\/strong> &#8220;Smart Deployment&#8221; teknolojisi ile kurumsal yap\u0131ya saatler i\u00e7inde entegre olur.<\/li>\n<li><strong>Esnek M\u00fcdahale:<\/strong> Veriyi sadece engellemez; ayn\u0131 zamanda g\u00f6lgeleyebilir, kullan\u0131c\u0131y\u0131 uyarabilir veya y\u00f6netici onay\u0131na sunabilir.<\/li>\n<li><strong>Yasal Uyumluluk:<\/strong> KVKK, GDPR ve PCI-DSS gibi veri koruma reg\u00fclasyonlar\u0131 i\u00e7in gerekli olan detayl\u0131 raporlama ve denetim ara\u00e7lar\u0131n\u0131 sunar.<\/li>\n<li><strong>360 Derece \u0130zleme:<\/strong> Mikrofon kayd\u0131, klavye vuru\u015f takibi (Keylogging) ve ekran kayd\u0131 gibi opsiyonel \u00f6zelliklerle \u015f\u00fcpheli personeller \u00fczerinde tam denetim sa\u011flar.<\/li>\n<\/ul>\n<h3>\u0130\u00e7eriden Gelebilecek Tehditlere Haz\u0131r Olun<\/h3>\n<p>Veri s\u0131z\u0131nt\u0131lar\u0131n\u0131n b\u00fcy\u00fck bir k\u0131sm\u0131 kurum i\u00e7indeki dikkatsizlikten veya k\u00f6t\u00fc niyetli giri\u015fimlerden kaynaklan\u0131r. Zecurion DLP, kurumunuzun dijital varl\u0131klar\u0131n\u0131 korurken i\u015f s\u00fcre\u00e7lerinizin aksamadan devam etmesini sa\u011flar.<\/p>\n\n\t\t<\/div>\n\t<\/div>\n<\/div><\/div><\/div><\/div><\/div>\n<\/section>","protected":false},"excerpt":{"rendered":"Yeni Nesil Veri Kayb\u0131 \u00d6nleme (DLP) ve \u0130\u00e7 Tehdit G\u00fcvenli\u011fi Teklif Al Zecurion DLP Nedir? Zecurion DLP, kurumsal verilerin yetkisiz payla\u015f\u0131m\u0131n\u0131, s\u0131zd\u0131r\u0131lmas\u0131n\u0131 veya \u00e7al\u0131nmas\u0131n\u0131 engellemek i\u00e7in tasarlanm\u0131\u015f kapsaml\u0131 bir veri g\u00fcvenli\u011fi platformudur. Sekt\u00f6rdeki en h\u0131zl\u0131 yayg\u0131nla\u015ft\u0131rma s\u00fcrelerinden birine sahip olan Zecurion, veriyi sadece dururken (Storage) veya hareket halindeyken (Network) de\u011fil, kullan\u0131m an\u0131nda da (Endpoint) en [...]","protected":false},"author":1,"featured_media":0,"parent":0,"menu_order":0,"comment_status":"closed","ping_status":"closed","template":"","meta":{"om_disable_all_campaigns":false,"_monsterinsights_skip_tracking":false,"_monsterinsights_sitenote_active":false,"_monsterinsights_sitenote_note":"","_monsterinsights_sitenote_category":0,"footnotes":""},"acf":[],"aioseo_notices":[],"_links":{"self":[{"href":"https:\/\/www.widetech.com.tr\/en\/wp-json\/wp\/v2\/pages\/8007"}],"collection":[{"href":"https:\/\/www.widetech.com.tr\/en\/wp-json\/wp\/v2\/pages"}],"about":[{"href":"https:\/\/www.widetech.com.tr\/en\/wp-json\/wp\/v2\/types\/page"}],"author":[{"embeddable":true,"href":"https:\/\/www.widetech.com.tr\/en\/wp-json\/wp\/v2\/users\/1"}],"replies":[{"embeddable":true,"href":"https:\/\/www.widetech.com.tr\/en\/wp-json\/wp\/v2\/comments?post=8007"}],"version-history":[{"count":2,"href":"https:\/\/www.widetech.com.tr\/en\/wp-json\/wp\/v2\/pages\/8007\/revisions"}],"predecessor-version":[{"id":8010,"href":"https:\/\/www.widetech.com.tr\/en\/wp-json\/wp\/v2\/pages\/8007\/revisions\/8010"}],"wp:attachment":[{"href":"https:\/\/www.widetech.com.tr\/en\/wp-json\/wp\/v2\/media?parent=8007"}],"curies":[{"name":"wp","href":"https:\/\/api.w.org\/{rel}","templated":true}]}}